{"id":4008,"date":"2019-11-12T11:39:27","date_gmt":"2019-11-12T11:39:27","guid":{"rendered":"https:\/\/snackjerusalem.com\/?post_type=product&#038;p=4008"},"modified":"2026-01-30T12:52:12","modified_gmt":"2026-01-30T12:52:12","slug":"modelo-de-trono-mesopotamico-de-terracota-dedicado-al-dios-sin-ii-milenio-a-c","status":"publish","type":"product","link":"https:\/\/ifergangallery.com\/es\/piece\/modelo-de-trono-mesopotamico-de-terracota-dedicado-al-dios-sin-ii-milenio-a-c\/","title":{"rendered":"Modelo de trono mesopot\u00e1mico de terracota dedicado al Dios Sin , II Milenio a.C."},"content":{"rendered":"<p style=\"text-align: justify;\"><span dir=\"auto\" style=\"vertical-align: inherit;\"><span dir=\"auto\" style=\"vertical-align: inherit;\"><span dir=\"auto\" style=\"vertical-align: inherit;\"><span dir=\"auto\" style=\"vertical-align: inherit;\">Modelo de trono finalmente repujado. Sobre el asiento, tres escalones conducen a una puerta cerrada decorada con bandas y estrellas. Est\u00e1 rodeado por dos h\u00e9roes barbudos, con el pelo formando cuatro rizos, que sostienen largas varas terminadas en anillos laterales. Sobre la puerta, dos toros bajo tres medias lunas y una estrella. Los tres escalones que conducen a la puerta parecen indicar que se trata de la entrada a un templo, pero identificar al dios al que est\u00e1 dedicado resulta complejo. Los dos h\u00e9roes que sostienen los postes (a menudo llamados jambas) se encuentran en gl\u00edpticos de finales del III milenio aC, pero no est\u00e1n claramente asociados a un dios. Las tres lunas crecientes y los toros se asocian al dios lunar Sin: este modelo de trono estar\u00eda, por tanto, dedicado a \u00e9l.<\/span><\/span><\/span><\/span><\/p>\n<p style=\"text-align: justify;\"><span dir=\"auto\" style=\"vertical-align: inherit;\"><span dir=\"auto\" style=\"vertical-align: inherit;\"><span dir=\"auto\" style=\"vertical-align: inherit;\"><span dir=\"auto\" style=\"vertical-align: inherit;\">En el II milenio aC, la producci\u00f3n de placas grabadas con motivos variados (escenas de la vida cotidiana, divinidades, mujeres desnudas) estaba muy extendida. Se encontraron en tumbas, hogares y templos por igual, y se sabe poco sobre su uso.<\/span><\/span><\/span><\/span><\/p>\n<p style=\"text-align: justify;\"><span dir=\"auto\" style=\"vertical-align: inherit;\"><span dir=\"auto\" style=\"vertical-align: inherit;\"><span dir=\"auto\" style=\"vertical-align: inherit;\"><span dir=\"auto\" style=\"vertical-align: inherit;\">Hay dos ejemplos de modelos similares aunque en estos casos su estado de conservaci\u00f3n es mucho peor puesto que les faltan grandes trozos en el museo brit\u00e1nico, seg\u00fan los estudios del brit\u00e1nico pertenecen a Diqdiqqah, un barrio de la ciudad de Ur donde se encontraron numerosos yacimientos con esculturas de terracotas votivas, amuletos y recreaciones en terracota de diferentes tipolog\u00edas de mobiliario entre ellas, tronos y camas.<\/span><\/span><\/span><\/span><\/p>\n<p style=\"text-align: justify;\"><span dir=\"auto\" style=\"vertical-align: inherit;\"><span dir=\"auto\" style=\"vertical-align: inherit;\"><span dir=\"auto\" style=\"vertical-align: inherit;\"><span dir=\"auto\" style=\"vertical-align: inherit;\">En este barrio se realizan en los talleres estos modelos realizados a mano con relieves en los que se representan diferentes dioses, hombres antropomorfos con aspecto de toro y en muchos aparece representada la luna creciente. Parece que su funci\u00f3n era votiva para ser llevadas a los templos pero los que fueron encontrados aqu\u00ed fueron realizados in situ en la localizaci\u00f3n y pertenecen a los talleres que se encuentran en la zona.<\/span><\/span><\/span><\/span><\/p>\n<p style=\"text-align: justify;\"><span dir=\"auto\" style=\"vertical-align: inherit;\"><span dir=\"auto\" style=\"vertical-align: inherit;\"><span dir=\"auto\" style=\"vertical-align: inherit;\"><span dir=\"auto\" style=\"vertical-align: inherit;\">Puede ser que este tipo de tronos estuvieran relacionados con el culto al dios lunar sin y por eso muchos representan im\u00e1genes lunares y de toros.<\/span><\/span><\/span><\/span><\/p>","protected":false},"excerpt":{"rendered":"<p>Modelo de trono finalmente repujado. Sobre el asiento, tres escalones conducen a una puerta cerrada decorada con bandas y estrellas. Est\u00e1 rodeado por dos h\u00e9roes barbudos, con el pelo formando cuatro rizos, que sostienen largas varas terminadas en anillos laterales. Sobre la puerta, dos toros bajo tres medias lunas y una estrella. Los tres escalones &hellip;<\/p>\n<p class=\"read-more\"> <a class=\"\" href=\"https:\/\/ifergangallery.com\/es\/piece\/modelo-de-trono-mesopotamico-de-terracota-dedicado-al-dios-sin-ii-milenio-a-c\/\"> <span class=\"screen-reader-text\">Modelo de trono mesopot\u00e1mico de terracota dedicado al Dios Sin , II Milenio a.C.<\/span> Leer m\u00e1s &raquo;<\/a><\/p>","protected":false},"featured_media":14781,"comment_status":"closed","ping_status":"closed","template":"","meta":{"spay_email":""},"product_cat":[120],"product_tag":[807],"yoast_head":"<!-- This site is optimized with the Yoast SEO Premium plugin v17.6 (Yoast SEO v17.6) - https:\/\/yoast.com\/wordpress\/plugins\/seo\/ -->\n<title>Modelo de trono mesopot\u00e1mico de terracota dedicado al Dios Sin , II Milenio a.C. &ndash; Ifergan Gallery<\/title>\n<meta name=\"robots\" content=\"index, follow, max-snippet:-1, max-image-preview:large, max-video-preview:-1\" \/>\n<link rel=\"canonical\" href=\"https:\/\/ifergangallery.com\/es\/piece\/modelo-de-trono-mesopotamico-de-terracota-dedicado-al-dios-sin-ii-milenio-a-c\/\" \/>\n<meta property=\"og:locale\" content=\"es_ES\" \/>\n<meta property=\"og:type\" content=\"article\" \/>\n<meta property=\"og:title\" content=\"Modelo de trono mesopot\u00e1mico de terracota dedicado al Dios Sin , II Milenio a.C.\" \/>\n<meta property=\"og:description\" content=\"Modelo de trono finalmente repujado. Sobre el asiento, tres escalones conducen a una puerta cerrada decorada con bandas y estrellas. Est\u00e1 rodeado por dos h\u00e9roes barbudos, con el pelo formando cuatro rizos, que sostienen largas varas terminadas en anillos laterales. Sobre la puerta, dos toros bajo tres medias lunas y una estrella. Los tres escalones &hellip; Modelo de trono mesopot\u00e1mico de terracota dedicado al Dios Sin , II Milenio a.C. Leer m\u00e1s &raquo;\" \/>\n<meta property=\"og:url\" content=\"https:\/\/ifergangallery.com\/es\/piece\/modelo-de-trono-mesopotamico-de-terracota-dedicado-al-dios-sin-ii-milenio-a-c\/\" \/>\n<meta property=\"og:site_name\" content=\"Ifergan Gallery\" \/>\n<meta property=\"article:publisher\" content=\"https:\/\/www.facebook.com\/Ifergancollectionmalaga\" \/>\n<meta property=\"article:modified_time\" content=\"2026-01-30T12:52:12+00:00\" \/>\n<meta property=\"og:image\" content=\"https:\/\/ifergangallery.com\/wp-content\/uploads\/2021\/10\/gilga001-3-7.jpg\" \/>\n\t<meta property=\"og:image:width\" content=\"2048\" \/>\n\t<meta property=\"og:image:height\" content=\"2048\" \/>\n<meta name=\"twitter:card\" content=\"summary_large_image\" \/>\n<meta name=\"twitter:site\" content=\"@Ifergangallery\" \/>\n<meta name=\"twitter:label1\" content=\"Tiempo de lectura\" \/>\n\t<meta name=\"twitter:data1\" content=\"2 minutos\" \/>\n<script type=\"application\/ld+json\" class=\"yoast-schema-graph\">{\"@context\":\"https:\/\/schema.org\",\"@graph\":[{\"@type\":\"Organization\",\"@id\":\"https:\/\/ifergangallery.com\/#organization\",\"name\":\"Ifergan Gallery\",\"url\":\"https:\/\/ifergangallery.com\/\",\"sameAs\":[\"https:\/\/www.facebook.com\/Ifergancollectionmalaga\",\"https:\/\/www.instagram.com\/ifergangallery\/\",\"https:\/\/www.youtube.com\/channel\/UC2O2zZ9BJKhbUFOnu_5mE3g\",\"https:\/\/twitter.com\/Ifergangallery\"],\"logo\":{\"@type\":\"ImageObject\",\"@id\":\"https:\/\/ifergangallery.com\/#logo\",\"inLanguage\":\"es\",\"url\":\"https:\/\/ifergangallery.com\/wp-content\/uploads\/2021\/09\/Imagotipo_blanco-e1637271379231.png\",\"contentUrl\":\"https:\/\/ifergangallery.com\/wp-content\/uploads\/2021\/09\/Imagotipo_blanco-e1637271379231.png\",\"width\":1920,\"height\":1065,\"caption\":\"Ifergan Gallery\"},\"image\":{\"@id\":\"https:\/\/ifergangallery.com\/#logo\"}},{\"@type\":\"WebSite\",\"@id\":\"https:\/\/ifergangallery.com\/#website\",\"url\":\"https:\/\/ifergangallery.com\/\",\"name\":\"Ifergan Gallery\",\"description\":\"Ancient Art Gallery\",\"publisher\":{\"@id\":\"https:\/\/ifergangallery.com\/#organization\"},\"potentialAction\":[{\"@type\":\"SearchAction\",\"target\":{\"@type\":\"EntryPoint\",\"urlTemplate\":\"https:\/\/ifergangallery.com\/?s={search_term_string}\"},\"query-input\":\"required name=search_term_string\"}],\"inLanguage\":\"es\"},{\"@type\":\"ImageObject\",\"@id\":\"https:\/\/ifergangallery.com\/es\/piece\/modelo-de-trono-mesopotamico-de-terracota-dedicado-al-dios-sin-ii-milenio-a-c\/#primaryimage\",\"inLanguage\":\"es\",\"url\":\"https:\/\/ifergangallery.com\/wp-content\/uploads\/2021\/10\/gilga001-3-7.jpg\",\"contentUrl\":\"https:\/\/ifergangallery.com\/wp-content\/uploads\/2021\/10\/gilga001-3-7.jpg\",\"width\":2048,\"height\":2048},{\"@type\":\"WebPage\",\"@id\":\"https:\/\/ifergangallery.com\/es\/piece\/modelo-de-trono-mesopotamico-de-terracota-dedicado-al-dios-sin-ii-milenio-a-c\/#webpage\",\"url\":\"https:\/\/ifergangallery.com\/es\/piece\/modelo-de-trono-mesopotamico-de-terracota-dedicado-al-dios-sin-ii-milenio-a-c\/\",\"name\":\"Modelo de trono mesopot\\u00e1mico de terracota dedicado al Dios Sin , II Milenio a.C. &ndash; Ifergan Gallery\",\"isPartOf\":{\"@id\":\"https:\/\/ifergangallery.com\/#website\"},\"primaryImageOfPage\":{\"@id\":\"https:\/\/ifergangallery.com\/es\/piece\/modelo-de-trono-mesopotamico-de-terracota-dedicado-al-dios-sin-ii-milenio-a-c\/#primaryimage\"},\"datePublished\":\"2019-11-12T11:39:27+00:00\",\"dateModified\":\"2026-01-30T12:52:12+00:00\",\"breadcrumb\":{\"@id\":\"https:\/\/ifergangallery.com\/es\/piece\/modelo-de-trono-mesopotamico-de-terracota-dedicado-al-dios-sin-ii-milenio-a-c\/#breadcrumb\"},\"inLanguage\":\"es\",\"potentialAction\":[{\"@type\":\"ReadAction\",\"target\":[\"https:\/\/ifergangallery.com\/es\/piece\/modelo-de-trono-mesopotamico-de-terracota-dedicado-al-dios-sin-ii-milenio-a-c\/\"]}]},{\"@type\":\"BreadcrumbList\",\"@id\":\"https:\/\/ifergangallery.com\/es\/piece\/modelo-de-trono-mesopotamico-de-terracota-dedicado-al-dios-sin-ii-milenio-a-c\/#breadcrumb\",\"itemListElement\":[{\"@type\":\"ListItem\",\"position\":1,\"name\":\"Home\",\"item\":\"https:\/\/ifergangallery.com\/es\/\"},{\"@type\":\"ListItem\",\"position\":2,\"name\":\"Works of art\",\"item\":\"https:\/\/ifergangallery.com\/es\/works_of_art\/\"},{\"@type\":\"ListItem\",\"position\":3,\"name\":\"Modelo de trono mesopot\\u00e1mico de terracota dedicado al Dios Sin , II Milenio a.C.\"}]}]}<\/script>\n<!-- \/ Yoast SEO Premium plugin. -->","yoast_head_json":{"title":"Modelo de trono mesopot\u00e1mico de terracota dedicado al Dios Sin , II Milenio a.C. &ndash; Ifergan Gallery","robots":{"index":"index","follow":"follow","max-snippet":"max-snippet:-1","max-image-preview":"max-image-preview:large","max-video-preview":"max-video-preview:-1"},"canonical":"https:\/\/ifergangallery.com\/es\/piece\/modelo-de-trono-mesopotamico-de-terracota-dedicado-al-dios-sin-ii-milenio-a-c\/","og_locale":"es_ES","og_type":"article","og_title":"Modelo de trono mesopot\u00e1mico de terracota dedicado al Dios Sin , II Milenio a.C.","og_description":"Modelo de trono finalmente repujado. Sobre el asiento, tres escalones conducen a una puerta cerrada decorada con bandas y estrellas. Est\u00e1 rodeado por dos h\u00e9roes barbudos, con el pelo formando cuatro rizos, que sostienen largas varas terminadas en anillos laterales. Sobre la puerta, dos toros bajo tres medias lunas y una estrella. Los tres escalones &hellip; Modelo de trono mesopot\u00e1mico de terracota dedicado al Dios Sin , II Milenio a.C. Leer m\u00e1s &raquo;","og_url":"https:\/\/ifergangallery.com\/es\/piece\/modelo-de-trono-mesopotamico-de-terracota-dedicado-al-dios-sin-ii-milenio-a-c\/","og_site_name":"Ifergan Gallery","article_publisher":"https:\/\/www.facebook.com\/Ifergancollectionmalaga","article_modified_time":"2026-01-30T12:52:12+00:00","og_image":[{"width":2048,"height":2048,"url":"https:\/\/ifergangallery.com\/wp-content\/uploads\/2021\/10\/gilga001-3-7.jpg","type":"image\/jpeg"}],"twitter_card":"summary_large_image","twitter_site":"@Ifergangallery","twitter_misc":{"Tiempo de lectura":"2 minutos"},"schema":{"@context":"https:\/\/schema.org","@graph":[{"@type":"Organization","@id":"https:\/\/ifergangallery.com\/#organization","name":"Ifergan Gallery","url":"https:\/\/ifergangallery.com\/","sameAs":["https:\/\/www.facebook.com\/Ifergancollectionmalaga","https:\/\/www.instagram.com\/ifergangallery\/","https:\/\/www.youtube.com\/channel\/UC2O2zZ9BJKhbUFOnu_5mE3g","https:\/\/twitter.com\/Ifergangallery"],"logo":{"@type":"ImageObject","@id":"https:\/\/ifergangallery.com\/#logo","inLanguage":"es","url":"https:\/\/ifergangallery.com\/wp-content\/uploads\/2021\/09\/Imagotipo_blanco-e1637271379231.png","contentUrl":"https:\/\/ifergangallery.com\/wp-content\/uploads\/2021\/09\/Imagotipo_blanco-e1637271379231.png","width":1920,"height":1065,"caption":"Ifergan Gallery"},"image":{"@id":"https:\/\/ifergangallery.com\/#logo"}},{"@type":"WebSite","@id":"https:\/\/ifergangallery.com\/#website","url":"https:\/\/ifergangallery.com\/","name":"Ifergan Gallery","description":"Ancient Art Gallery","publisher":{"@id":"https:\/\/ifergangallery.com\/#organization"},"potentialAction":[{"@type":"SearchAction","target":{"@type":"EntryPoint","urlTemplate":"https:\/\/ifergangallery.com\/?s={search_term_string}"},"query-input":"required name=search_term_string"}],"inLanguage":"es"},{"@type":"ImageObject","@id":"https:\/\/ifergangallery.com\/es\/piece\/modelo-de-trono-mesopotamico-de-terracota-dedicado-al-dios-sin-ii-milenio-a-c\/#primaryimage","inLanguage":"es","url":"https:\/\/ifergangallery.com\/wp-content\/uploads\/2021\/10\/gilga001-3-7.jpg","contentUrl":"https:\/\/ifergangallery.com\/wp-content\/uploads\/2021\/10\/gilga001-3-7.jpg","width":2048,"height":2048},{"@type":"WebPage","@id":"https:\/\/ifergangallery.com\/es\/piece\/modelo-de-trono-mesopotamico-de-terracota-dedicado-al-dios-sin-ii-milenio-a-c\/#webpage","url":"https:\/\/ifergangallery.com\/es\/piece\/modelo-de-trono-mesopotamico-de-terracota-dedicado-al-dios-sin-ii-milenio-a-c\/","name":"Modelo de trono mesopot\u00e1mico de terracota dedicado al Dios Sin , II Milenio a.C. &ndash; Ifergan Gallery","isPartOf":{"@id":"https:\/\/ifergangallery.com\/#website"},"primaryImageOfPage":{"@id":"https:\/\/ifergangallery.com\/es\/piece\/modelo-de-trono-mesopotamico-de-terracota-dedicado-al-dios-sin-ii-milenio-a-c\/#primaryimage"},"datePublished":"2019-11-12T11:39:27+00:00","dateModified":"2026-01-30T12:52:12+00:00","breadcrumb":{"@id":"https:\/\/ifergangallery.com\/es\/piece\/modelo-de-trono-mesopotamico-de-terracota-dedicado-al-dios-sin-ii-milenio-a-c\/#breadcrumb"},"inLanguage":"es","potentialAction":[{"@type":"ReadAction","target":["https:\/\/ifergangallery.com\/es\/piece\/modelo-de-trono-mesopotamico-de-terracota-dedicado-al-dios-sin-ii-milenio-a-c\/"]}]},{"@type":"BreadcrumbList","@id":"https:\/\/ifergangallery.com\/es\/piece\/modelo-de-trono-mesopotamico-de-terracota-dedicado-al-dios-sin-ii-milenio-a-c\/#breadcrumb","itemListElement":[{"@type":"ListItem","position":1,"name":"Home","item":"https:\/\/ifergangallery.com\/es\/"},{"@type":"ListItem","position":2,"name":"Works of art","item":"https:\/\/ifergangallery.com\/es\/works_of_art\/"},{"@type":"ListItem","position":3,"name":"Modelo de trono mesopot\u00e1mico de terracota dedicado al Dios Sin , II Milenio a.C."}]}]}},"_links":{"self":[{"href":"https:\/\/ifergangallery.com\/es\/wp-json\/wp\/v2\/product\/4008"}],"collection":[{"href":"https:\/\/ifergangallery.com\/es\/wp-json\/wp\/v2\/product"}],"about":[{"href":"https:\/\/ifergangallery.com\/es\/wp-json\/wp\/v2\/types\/product"}],"replies":[{"embeddable":true,"href":"https:\/\/ifergangallery.com\/es\/wp-json\/wp\/v2\/comments?post=4008"}],"wp:featuredmedia":[{"embeddable":true,"href":"https:\/\/ifergangallery.com\/es\/wp-json\/wp\/v2\/media\/14781"}],"wp:attachment":[{"href":"https:\/\/ifergangallery.com\/es\/wp-json\/wp\/v2\/media?parent=4008"}],"wp:term":[{"taxonomy":"product_cat","embeddable":true,"href":"https:\/\/ifergangallery.com\/es\/wp-json\/wp\/v2\/product_cat?post=4008"},{"taxonomy":"product_tag","embeddable":true,"href":"https:\/\/ifergangallery.com\/es\/wp-json\/wp\/v2\/product_tag?post=4008"}],"curies":[{"name":"wp","href":"https:\/\/api.w.org\/{rel}","templated":true}]}}