{"id":4175,"date":"2024-10-21T11:58:02","date_gmt":"2024-10-21T11:58:02","guid":{"rendered":"https:\/\/snackjerusalem.com\/?post_type=product&#038;p=4175"},"modified":"2026-03-16T07:53:28","modified_gmt":"2026-03-16T07:53:28","slug":"cobertura-de-lino-egipcia-para-el-difunto-harpakhem-baja-epoca-periodo-romano-664-a-c-200-d-c","status":"publish","type":"product","link":"https:\/\/ifergangallery.com\/es\/piece\/cobertura-de-lino-egipcia-para-el-difunto-harpakhem-baja-epoca-periodo-romano-664-a-c-200-d-c\/","title":{"rendered":"Cobertura de lino egipcia para el difunto Harpakhem, Baja \u00e9poca-Periodo Romano, 664 a.C. &#8211; 200 d.C."},"content":{"rendered":"<p style=\"text-align: justify;\"><span dir=\"auto\" style=\"vertical-align: inherit;\"><span dir=\"auto\" style=\"vertical-align: inherit;\">Esta cobertura de lino pertenece a un conjunto de nueve vendas procedentes de la misma momia, la cual, gracias a las inscripciones de dichas vendas, ha podido ser identificada como Harpakhem. Las vendas proceden de una misma l\u00e1mina realizada a base de lino puro, el cual proporciona una textura robusta pero flexible. Las inscripciones est\u00e1n realizadas con una tinta negra que se encuentra bien conservada ya que el escriba no cambi\u00f3 de pincel en ning\u00fan momento, por lo que las vendas no sufrieron el efecto corrosivo de la tinta demasiado espesa.<\/span><\/span><\/p>\n<p style=\"text-align: justify;\"><span dir=\"auto\" style=\"vertical-align: inherit;\"><span dir=\"auto\" style=\"vertical-align: inherit;\">Las inscripciones de las vendas son pasajes del Libro de los Muertos, de manera que se crea un texto correlativo de las vendas donde aparecen referencias del cap\u00edtulo 158, 160, 163 y 164.<\/span><\/span><\/p>\n<p style=\"text-align: justify;\"><span dir=\"auto\" style=\"vertical-align: inherit;\"><span dir=\"auto\" style=\"vertical-align: inherit;\">En el caso de la venda n\u00famero 5, es la continuaci\u00f3n de la venda 4, posiblemente porque originalmente ambos formaron parte de una \u00fanica tira de tela que pudo ser separada en dos trozos por accidente o bien porque fuera m\u00e1s conveniente para los embalsamadores. El texto escrito en esta banda es un fragmento del cap\u00edtulo 163, el cual comprende un hechizo bastante largo destinado a asegurar la preservaci\u00f3n f\u00edsica del difunto, el bienestar general y la libertad de acci\u00f3n en el m\u00e1s all\u00e1.<\/span><\/span><\/p>\n<p style=\"text-align: justify;\"><span dir=\"auto\" style=\"vertical-align: inherit;\"><span dir=\"auto\" style=\"vertical-align: inherit;\">El fragmento del cap\u00edtulo recogido en estas bandas dice as\u00ed:<\/span><\/span><\/p>\n<p style=\"text-align: justify;\"><span dir=\"auto\" style=\"vertical-align: inherit;\"><span dir=\"auto\" style=\"vertical-align: inherit;\">&#8220;Yo soy el Alma de un dios. Pero mi cuerpo descansa grande e inerte en la ciudad de At-Habu; el Genio de este sitio expande su protecci\u00f3n sobre el Cuerpo inanimado de Harthi. Su brazo destrozado descansa en los pantanos de Senhakarha&#8230; \u00a1Oh Alma divina! \u00a1Los latidos de tu coraz\u00f3n no se perciben ni al levantarte ni al ponerte! T\u00fa descansas, \u00a1oh Alma! Junto a tu cuerpo divino, tendido en la ciudad de Sehna-Paikana&#8221;.<\/span><\/span><\/p>","protected":false},"excerpt":{"rendered":"<p>Esta cobertura de lino pertenece a un conjunto de nueve vendas procedentes de la misma momia, la cual, gracias a las inscripciones de dichas vendas, ha podido ser identificada como Harpakhem. Las vendas proceden de una misma l\u00e1mina realizada a base de lino puro, el cual proporciona una textura robusta pero flexible. Las inscripciones est\u00e1n &hellip;<\/p>\n<p class=\"read-more\"> <a class=\"\" href=\"https:\/\/ifergangallery.com\/es\/piece\/cobertura-de-lino-egipcia-para-el-difunto-harpakhem-baja-epoca-periodo-romano-664-a-c-200-d-c\/\"> <span class=\"screen-reader-text\">Cobertura de lino egipcia para el difunto Harpakhem, Baja \u00e9poca-Periodo Romano, 664 a.C. &#8211; 200 d.C.<\/span> Leer m\u00e1s &raquo;<\/a><\/p>","protected":false},"featured_media":14336,"comment_status":"closed","ping_status":"closed","template":"","meta":{"spay_email":""},"product_cat":[110],"product_tag":[610,814],"yoast_head":"<!-- This site is optimized with the Yoast SEO Premium plugin v17.6 (Yoast SEO v17.6) - https:\/\/yoast.com\/wordpress\/plugins\/seo\/ -->\n<title>Cobertura de lino egipcia para el difunto Harpakhem, Baja \u00e9poca-Periodo Romano, 664 a.C. - 200 d.C. &ndash; Ifergan Gallery<\/title>\n<meta name=\"robots\" content=\"index, follow, max-snippet:-1, max-image-preview:large, max-video-preview:-1\" \/>\n<link rel=\"canonical\" href=\"https:\/\/ifergangallery.com\/es\/piece\/cobertura-de-lino-egipcia-para-el-difunto-harpakhem-baja-epoca-periodo-romano-664-a-c-200-d-c\/\" \/>\n<meta property=\"og:locale\" content=\"es_ES\" \/>\n<meta property=\"og:type\" content=\"article\" \/>\n<meta property=\"og:title\" content=\"Cobertura de lino egipcia para el difunto Harpakhem, Baja \u00e9poca-Periodo Romano, 664 a.C. - 200 d.C.\" \/>\n<meta property=\"og:description\" content=\"Esta cobertura de lino pertenece a un conjunto de nueve vendas procedentes de la misma momia, la cual, gracias a las inscripciones de dichas vendas, ha podido ser identificada como Harpakhem. Las vendas proceden de una misma l\u00e1mina realizada a base de lino puro, el cual proporciona una textura robusta pero flexible. Las inscripciones est\u00e1n &hellip; Cobertura de lino egipcia para el difunto Harpakhem, Baja \u00e9poca-Periodo Romano, 664 a.C. &#8211; 200 d.C. Leer m\u00e1s &raquo;\" \/>\n<meta property=\"og:url\" content=\"https:\/\/ifergangallery.com\/es\/piece\/cobertura-de-lino-egipcia-para-el-difunto-harpakhem-baja-epoca-periodo-romano-664-a-c-200-d-c\/\" \/>\n<meta property=\"og:site_name\" content=\"Ifergan Gallery\" \/>\n<meta property=\"article:publisher\" content=\"https:\/\/www.facebook.com\/Ifergancollectionmalaga\" \/>\n<meta property=\"article:modified_time\" content=\"2026-03-16T07:53:28+00:00\" \/>\n<meta property=\"og:image\" content=\"https:\/\/ifergangallery.com\/wp-content\/uploads\/2021\/10\/chr034-5-2-1-1024x1024.jpg\" \/>\n\t<meta property=\"og:image:width\" content=\"1024\" \/>\n\t<meta property=\"og:image:height\" content=\"1024\" \/>\n<meta name=\"twitter:card\" content=\"summary_large_image\" \/>\n<meta name=\"twitter:site\" content=\"@Ifergangallery\" \/>\n<meta name=\"twitter:label1\" content=\"Tiempo de lectura\" \/>\n\t<meta name=\"twitter:data1\" content=\"2 minutos\" \/>\n<script type=\"application\/ld+json\" class=\"yoast-schema-graph\">{\"@context\":\"https:\/\/schema.org\",\"@graph\":[{\"@type\":\"Organization\",\"@id\":\"https:\/\/ifergangallery.com\/#organization\",\"name\":\"Ifergan Gallery\",\"url\":\"https:\/\/ifergangallery.com\/\",\"sameAs\":[\"https:\/\/www.facebook.com\/Ifergancollectionmalaga\",\"https:\/\/www.instagram.com\/ifergangallery\/\",\"https:\/\/www.youtube.com\/channel\/UC2O2zZ9BJKhbUFOnu_5mE3g\",\"https:\/\/twitter.com\/Ifergangallery\"],\"logo\":{\"@type\":\"ImageObject\",\"@id\":\"https:\/\/ifergangallery.com\/#logo\",\"inLanguage\":\"es\",\"url\":\"https:\/\/ifergangallery.com\/wp-content\/uploads\/2021\/09\/Imagotipo_blanco-e1637271379231.png\",\"contentUrl\":\"https:\/\/ifergangallery.com\/wp-content\/uploads\/2021\/09\/Imagotipo_blanco-e1637271379231.png\",\"width\":1920,\"height\":1065,\"caption\":\"Ifergan Gallery\"},\"image\":{\"@id\":\"https:\/\/ifergangallery.com\/#logo\"}},{\"@type\":\"WebSite\",\"@id\":\"https:\/\/ifergangallery.com\/#website\",\"url\":\"https:\/\/ifergangallery.com\/\",\"name\":\"Ifergan Gallery\",\"description\":\"Ancient Art Gallery\",\"publisher\":{\"@id\":\"https:\/\/ifergangallery.com\/#organization\"},\"potentialAction\":[{\"@type\":\"SearchAction\",\"target\":{\"@type\":\"EntryPoint\",\"urlTemplate\":\"https:\/\/ifergangallery.com\/?s={search_term_string}\"},\"query-input\":\"required name=search_term_string\"}],\"inLanguage\":\"es\"},{\"@type\":\"ImageObject\",\"@id\":\"https:\/\/ifergangallery.com\/es\/piece\/cobertura-de-lino-egipcia-para-el-difunto-harpakhem-baja-epoca-periodo-romano-664-a-c-200-d-c\/#primaryimage\",\"inLanguage\":\"es\",\"url\":\"https:\/\/ifergangallery.com\/wp-content\/uploads\/2021\/10\/chr034-5-2-1.jpg\",\"contentUrl\":\"https:\/\/ifergangallery.com\/wp-content\/uploads\/2021\/10\/chr034-5-2-1.jpg\",\"width\":2048,\"height\":2048},{\"@type\":\"WebPage\",\"@id\":\"https:\/\/ifergangallery.com\/es\/piece\/cobertura-de-lino-egipcia-para-el-difunto-harpakhem-baja-epoca-periodo-romano-664-a-c-200-d-c\/#webpage\",\"url\":\"https:\/\/ifergangallery.com\/es\/piece\/cobertura-de-lino-egipcia-para-el-difunto-harpakhem-baja-epoca-periodo-romano-664-a-c-200-d-c\/\",\"name\":\"Cobertura de lino egipcia para el difunto Harpakhem, Baja \\u00e9poca-Periodo Romano, 664 a.C. - 200 d.C. &ndash; Ifergan Gallery\",\"isPartOf\":{\"@id\":\"https:\/\/ifergangallery.com\/#website\"},\"primaryImageOfPage\":{\"@id\":\"https:\/\/ifergangallery.com\/es\/piece\/cobertura-de-lino-egipcia-para-el-difunto-harpakhem-baja-epoca-periodo-romano-664-a-c-200-d-c\/#primaryimage\"},\"datePublished\":\"2024-10-21T11:58:02+00:00\",\"dateModified\":\"2026-03-16T07:53:28+00:00\",\"breadcrumb\":{\"@id\":\"https:\/\/ifergangallery.com\/es\/piece\/cobertura-de-lino-egipcia-para-el-difunto-harpakhem-baja-epoca-periodo-romano-664-a-c-200-d-c\/#breadcrumb\"},\"inLanguage\":\"es\",\"potentialAction\":[{\"@type\":\"ReadAction\",\"target\":[\"https:\/\/ifergangallery.com\/es\/piece\/cobertura-de-lino-egipcia-para-el-difunto-harpakhem-baja-epoca-periodo-romano-664-a-c-200-d-c\/\"]}]},{\"@type\":\"BreadcrumbList\",\"@id\":\"https:\/\/ifergangallery.com\/es\/piece\/cobertura-de-lino-egipcia-para-el-difunto-harpakhem-baja-epoca-periodo-romano-664-a-c-200-d-c\/#breadcrumb\",\"itemListElement\":[{\"@type\":\"ListItem\",\"position\":1,\"name\":\"Home\",\"item\":\"https:\/\/ifergangallery.com\/es\/\"},{\"@type\":\"ListItem\",\"position\":2,\"name\":\"Works of art\",\"item\":\"https:\/\/ifergangallery.com\/es\/works_of_art\/\"},{\"@type\":\"ListItem\",\"position\":3,\"name\":\"Cobertura de lino egipcia para el difunto Harpakhem, Baja \\u00e9poca-Periodo Romano, 664 a.C. &#8211; 200 d.C.\"}]}]}<\/script>\n<!-- \/ Yoast SEO Premium plugin. -->","yoast_head_json":{"title":"Cobertura de lino egipcia para el difunto Harpakhem, Baja \u00e9poca-Periodo Romano, 664 a.C. - 200 d.C. &ndash; Ifergan Gallery","robots":{"index":"index","follow":"follow","max-snippet":"max-snippet:-1","max-image-preview":"max-image-preview:large","max-video-preview":"max-video-preview:-1"},"canonical":"https:\/\/ifergangallery.com\/es\/piece\/cobertura-de-lino-egipcia-para-el-difunto-harpakhem-baja-epoca-periodo-romano-664-a-c-200-d-c\/","og_locale":"es_ES","og_type":"article","og_title":"Cobertura de lino egipcia para el difunto Harpakhem, Baja \u00e9poca-Periodo Romano, 664 a.C. - 200 d.C.","og_description":"Esta cobertura de lino pertenece a un conjunto de nueve vendas procedentes de la misma momia, la cual, gracias a las inscripciones de dichas vendas, ha podido ser identificada como Harpakhem. Las vendas proceden de una misma l\u00e1mina realizada a base de lino puro, el cual proporciona una textura robusta pero flexible. Las inscripciones est\u00e1n &hellip; Cobertura de lino egipcia para el difunto Harpakhem, Baja \u00e9poca-Periodo Romano, 664 a.C. &#8211; 200 d.C. Leer m\u00e1s &raquo;","og_url":"https:\/\/ifergangallery.com\/es\/piece\/cobertura-de-lino-egipcia-para-el-difunto-harpakhem-baja-epoca-periodo-romano-664-a-c-200-d-c\/","og_site_name":"Ifergan Gallery","article_publisher":"https:\/\/www.facebook.com\/Ifergancollectionmalaga","article_modified_time":"2026-03-16T07:53:28+00:00","og_image":[{"width":1024,"height":1024,"url":"https:\/\/ifergangallery.com\/wp-content\/uploads\/2021\/10\/chr034-5-2-1-1024x1024.jpg","type":"image\/jpeg"}],"twitter_card":"summary_large_image","twitter_site":"@Ifergangallery","twitter_misc":{"Tiempo de lectura":"2 minutos"},"schema":{"@context":"https:\/\/schema.org","@graph":[{"@type":"Organization","@id":"https:\/\/ifergangallery.com\/#organization","name":"Ifergan Gallery","url":"https:\/\/ifergangallery.com\/","sameAs":["https:\/\/www.facebook.com\/Ifergancollectionmalaga","https:\/\/www.instagram.com\/ifergangallery\/","https:\/\/www.youtube.com\/channel\/UC2O2zZ9BJKhbUFOnu_5mE3g","https:\/\/twitter.com\/Ifergangallery"],"logo":{"@type":"ImageObject","@id":"https:\/\/ifergangallery.com\/#logo","inLanguage":"es","url":"https:\/\/ifergangallery.com\/wp-content\/uploads\/2021\/09\/Imagotipo_blanco-e1637271379231.png","contentUrl":"https:\/\/ifergangallery.com\/wp-content\/uploads\/2021\/09\/Imagotipo_blanco-e1637271379231.png","width":1920,"height":1065,"caption":"Ifergan Gallery"},"image":{"@id":"https:\/\/ifergangallery.com\/#logo"}},{"@type":"WebSite","@id":"https:\/\/ifergangallery.com\/#website","url":"https:\/\/ifergangallery.com\/","name":"Ifergan Gallery","description":"Ancient Art Gallery","publisher":{"@id":"https:\/\/ifergangallery.com\/#organization"},"potentialAction":[{"@type":"SearchAction","target":{"@type":"EntryPoint","urlTemplate":"https:\/\/ifergangallery.com\/?s={search_term_string}"},"query-input":"required name=search_term_string"}],"inLanguage":"es"},{"@type":"ImageObject","@id":"https:\/\/ifergangallery.com\/es\/piece\/cobertura-de-lino-egipcia-para-el-difunto-harpakhem-baja-epoca-periodo-romano-664-a-c-200-d-c\/#primaryimage","inLanguage":"es","url":"https:\/\/ifergangallery.com\/wp-content\/uploads\/2021\/10\/chr034-5-2-1.jpg","contentUrl":"https:\/\/ifergangallery.com\/wp-content\/uploads\/2021\/10\/chr034-5-2-1.jpg","width":2048,"height":2048},{"@type":"WebPage","@id":"https:\/\/ifergangallery.com\/es\/piece\/cobertura-de-lino-egipcia-para-el-difunto-harpakhem-baja-epoca-periodo-romano-664-a-c-200-d-c\/#webpage","url":"https:\/\/ifergangallery.com\/es\/piece\/cobertura-de-lino-egipcia-para-el-difunto-harpakhem-baja-epoca-periodo-romano-664-a-c-200-d-c\/","name":"Cobertura de lino egipcia para el difunto Harpakhem, Baja \u00e9poca-Periodo Romano, 664 a.C. - 200 d.C. &ndash; Ifergan Gallery","isPartOf":{"@id":"https:\/\/ifergangallery.com\/#website"},"primaryImageOfPage":{"@id":"https:\/\/ifergangallery.com\/es\/piece\/cobertura-de-lino-egipcia-para-el-difunto-harpakhem-baja-epoca-periodo-romano-664-a-c-200-d-c\/#primaryimage"},"datePublished":"2024-10-21T11:58:02+00:00","dateModified":"2026-03-16T07:53:28+00:00","breadcrumb":{"@id":"https:\/\/ifergangallery.com\/es\/piece\/cobertura-de-lino-egipcia-para-el-difunto-harpakhem-baja-epoca-periodo-romano-664-a-c-200-d-c\/#breadcrumb"},"inLanguage":"es","potentialAction":[{"@type":"ReadAction","target":["https:\/\/ifergangallery.com\/es\/piece\/cobertura-de-lino-egipcia-para-el-difunto-harpakhem-baja-epoca-periodo-romano-664-a-c-200-d-c\/"]}]},{"@type":"BreadcrumbList","@id":"https:\/\/ifergangallery.com\/es\/piece\/cobertura-de-lino-egipcia-para-el-difunto-harpakhem-baja-epoca-periodo-romano-664-a-c-200-d-c\/#breadcrumb","itemListElement":[{"@type":"ListItem","position":1,"name":"Home","item":"https:\/\/ifergangallery.com\/es\/"},{"@type":"ListItem","position":2,"name":"Works of art","item":"https:\/\/ifergangallery.com\/es\/works_of_art\/"},{"@type":"ListItem","position":3,"name":"Cobertura de lino egipcia para el difunto Harpakhem, Baja \u00e9poca-Periodo Romano, 664 a.C. &#8211; 200 d.C."}]}]}},"_links":{"self":[{"href":"https:\/\/ifergangallery.com\/es\/wp-json\/wp\/v2\/product\/4175"}],"collection":[{"href":"https:\/\/ifergangallery.com\/es\/wp-json\/wp\/v2\/product"}],"about":[{"href":"https:\/\/ifergangallery.com\/es\/wp-json\/wp\/v2\/types\/product"}],"replies":[{"embeddable":true,"href":"https:\/\/ifergangallery.com\/es\/wp-json\/wp\/v2\/comments?post=4175"}],"wp:featuredmedia":[{"embeddable":true,"href":"https:\/\/ifergangallery.com\/es\/wp-json\/wp\/v2\/media\/14336"}],"wp:attachment":[{"href":"https:\/\/ifergangallery.com\/es\/wp-json\/wp\/v2\/media?parent=4175"}],"wp:term":[{"taxonomy":"product_cat","embeddable":true,"href":"https:\/\/ifergangallery.com\/es\/wp-json\/wp\/v2\/product_cat?post=4175"},{"taxonomy":"product_tag","embeddable":true,"href":"https:\/\/ifergangallery.com\/es\/wp-json\/wp\/v2\/product_tag?post=4175"}],"curies":[{"name":"wp","href":"https:\/\/api.w.org\/{rel}","templated":true}]}}