{"id":4199,"date":"2021-10-21T11:59:59","date_gmt":"2021-10-21T11:59:59","guid":{"rendered":"https:\/\/snackjerusalem.com\/?post_type=product&#038;p=4199"},"modified":"2024-11-06T14:38:34","modified_gmt":"2024-11-06T14:38:34","slug":"escultura-griega-representando-a-afrodita-y-eros-en-terracota-100-a-c","status":"publish","type":"product","link":"https:\/\/ifergangallery.com\/es\/piece\/escultura-griega-representando-a-afrodita-y-eros-en-terracota-100-a-c\/","title":{"rendered":"Escultura griega representando a &#8220;Afrodita&#8221; y &#8220;Eros&#8221; en terracota, 100 a.C."},"content":{"rendered":"<p style=\"text-align: justify;\">Los antiguos griegos eran grandes escultores, precursores de la sinuosidad del cuerpo humano y de las posturas contrapunt\u00edsticas que otorgan al cuerpo un movimiento y una estabilidad teatral maravillosa.<\/p>\n<p style=\"text-align: justify;\">Esta escultura representa a la diosa Afrodita junto a Eros, ambos apoyados sobre un pedestal. La diosa Afrodita es la diosa de la belleza, del amor, protectora de la fertilidad. El icono de belleza griego equiparado a la diosa Venus en la Antigua Roma. Por su lado, Eros o Cupido, es el hijo de Afrodita y es el dios del amor y la atracci\u00f3n sexual.<\/p>\n<p style=\"text-align: justify;\">Es una escultura muy cl\u00e1sica que nos presenta a una la diosa en contrapposto con un perfecto estudio de la anatom\u00eda, gracias al himati\u00f3n ca\u00eddo que le deja medio cuerpo al descubierto. Los rostros de ambos muestran perfiles idealizados, en el caso de Eros con una melena de rizos y en el de Afrodita con el t\u00edpico mo\u00f1o griego de rizos recogidos.<\/p>","protected":false},"excerpt":{"rendered":"<p>Los antiguos griegos eran grandes escultores, precursores de la sinuosidad del cuerpo humano y de las posturas contrapunt\u00edsticas que otorgan al cuerpo un movimiento y una estabilidad teatral maravillosa. Esta escultura representa a la diosa Afrodita junto a Eros, ambos apoyados sobre un pedestal. La diosa Afrodita es la diosa de la belleza, del amor, &hellip;<\/p>\n<p class=\"read-more\"> <a class=\"\" href=\"https:\/\/ifergangallery.com\/es\/piece\/escultura-griega-representando-a-afrodita-y-eros-en-terracota-100-a-c\/\"> <span class=\"screen-reader-text\">Escultura griega representando a &#8220;Afrodita&#8221; y &#8220;Eros&#8221; en terracota, 100 a.C.<\/span> Leer m\u00e1s &raquo;<\/a><\/p>","protected":false},"featured_media":14303,"comment_status":"closed","ping_status":"closed","template":"","meta":{"spay_email":""},"product_cat":[111],"product_tag":[378],"yoast_head":"<!-- This site is optimized with the Yoast SEO Premium plugin v17.6 (Yoast SEO v17.6) - https:\/\/yoast.com\/wordpress\/plugins\/seo\/ -->\n<title>Escultura griega representando a &quot;Afrodita&quot; y &quot;Eros&quot; en terracota, 100 a.C. &ndash; Ifergan Gallery<\/title>\n<meta name=\"robots\" content=\"index, follow, max-snippet:-1, max-image-preview:large, max-video-preview:-1\" \/>\n<link rel=\"canonical\" href=\"https:\/\/ifergangallery.com\/es\/piece\/escultura-griega-representando-a-afrodita-y-eros-en-terracota-100-a-c\/\" \/>\n<meta property=\"og:locale\" content=\"es_ES\" \/>\n<meta property=\"og:type\" content=\"article\" \/>\n<meta property=\"og:title\" content=\"Escultura griega representando a &quot;Afrodita&quot; y &quot;Eros&quot; en terracota, 100 a.C.\" \/>\n<meta property=\"og:description\" content=\"Los antiguos griegos eran grandes escultores, precursores de la sinuosidad del cuerpo humano y de las posturas contrapunt\u00edsticas que otorgan al cuerpo un movimiento y una estabilidad teatral maravillosa. Esta escultura representa a la diosa Afrodita junto a Eros, ambos apoyados sobre un pedestal. La diosa Afrodita es la diosa de la belleza, del amor, &hellip; Escultura griega representando a &#8220;Afrodita&#8221; y &#8220;Eros&#8221; en terracota, 100 a.C. Leer m\u00e1s &raquo;\" \/>\n<meta property=\"og:url\" content=\"https:\/\/ifergangallery.com\/es\/piece\/escultura-griega-representando-a-afrodita-y-eros-en-terracota-100-a-c\/\" \/>\n<meta property=\"og:site_name\" content=\"Ifergan Gallery\" \/>\n<meta property=\"article:publisher\" content=\"https:\/\/www.facebook.com\/Ifergancollectionmalaga\" \/>\n<meta property=\"article:modified_time\" content=\"2024-11-06T14:38:34+00:00\" \/>\n<meta property=\"og:image\" content=\"https:\/\/ifergangallery.com\/wp-content\/uploads\/2021\/10\/bhm114-8.jpg\" \/>\n\t<meta property=\"og:image:width\" content=\"2048\" \/>\n\t<meta property=\"og:image:height\" content=\"1365\" \/>\n<meta name=\"twitter:card\" content=\"summary_large_image\" \/>\n<meta name=\"twitter:site\" content=\"@Ifergangallery\" \/>\n<meta name=\"twitter:label1\" content=\"Tiempo de lectura\" \/>\n\t<meta name=\"twitter:data1\" content=\"1 minuto\" \/>\n<script type=\"application\/ld+json\" class=\"yoast-schema-graph\">{\"@context\":\"https:\/\/schema.org\",\"@graph\":[{\"@type\":\"Organization\",\"@id\":\"https:\/\/ifergangallery.com\/#organization\",\"name\":\"Ifergan Gallery\",\"url\":\"https:\/\/ifergangallery.com\/\",\"sameAs\":[\"https:\/\/www.facebook.com\/Ifergancollectionmalaga\",\"https:\/\/www.instagram.com\/ifergangallery\/\",\"https:\/\/www.youtube.com\/channel\/UC2O2zZ9BJKhbUFOnu_5mE3g\",\"https:\/\/twitter.com\/Ifergangallery\"],\"logo\":{\"@type\":\"ImageObject\",\"@id\":\"https:\/\/ifergangallery.com\/#logo\",\"inLanguage\":\"es\",\"url\":\"https:\/\/ifergangallery.com\/wp-content\/uploads\/2021\/09\/Imagotipo_blanco-e1637271379231.png\",\"contentUrl\":\"https:\/\/ifergangallery.com\/wp-content\/uploads\/2021\/09\/Imagotipo_blanco-e1637271379231.png\",\"width\":1920,\"height\":1065,\"caption\":\"Ifergan Gallery\"},\"image\":{\"@id\":\"https:\/\/ifergangallery.com\/#logo\"}},{\"@type\":\"WebSite\",\"@id\":\"https:\/\/ifergangallery.com\/#website\",\"url\":\"https:\/\/ifergangallery.com\/\",\"name\":\"Ifergan Gallery\",\"description\":\"Ancient Art Gallery\",\"publisher\":{\"@id\":\"https:\/\/ifergangallery.com\/#organization\"},\"potentialAction\":[{\"@type\":\"SearchAction\",\"target\":{\"@type\":\"EntryPoint\",\"urlTemplate\":\"https:\/\/ifergangallery.com\/?s={search_term_string}\"},\"query-input\":\"required name=search_term_string\"}],\"inLanguage\":\"es\"},{\"@type\":\"ImageObject\",\"@id\":\"https:\/\/ifergangallery.com\/es\/piece\/escultura-griega-representando-a-afrodita-y-eros-en-terracota-100-a-c\/#primaryimage\",\"inLanguage\":\"es\",\"url\":\"https:\/\/ifergangallery.com\/wp-content\/uploads\/2021\/10\/bhm114-8.jpg\",\"contentUrl\":\"https:\/\/ifergangallery.com\/wp-content\/uploads\/2021\/10\/bhm114-8.jpg\",\"width\":2048,\"height\":1365},{\"@type\":\"WebPage\",\"@id\":\"https:\/\/ifergangallery.com\/es\/piece\/escultura-griega-representando-a-afrodita-y-eros-en-terracota-100-a-c\/#webpage\",\"url\":\"https:\/\/ifergangallery.com\/es\/piece\/escultura-griega-representando-a-afrodita-y-eros-en-terracota-100-a-c\/\",\"name\":\"Escultura griega representando a \\\"Afrodita\\\" y \\\"Eros\\\" en terracota, 100 a.C. &ndash; Ifergan Gallery\",\"isPartOf\":{\"@id\":\"https:\/\/ifergangallery.com\/#website\"},\"primaryImageOfPage\":{\"@id\":\"https:\/\/ifergangallery.com\/es\/piece\/escultura-griega-representando-a-afrodita-y-eros-en-terracota-100-a-c\/#primaryimage\"},\"datePublished\":\"2021-10-21T11:59:59+00:00\",\"dateModified\":\"2024-11-06T14:38:34+00:00\",\"breadcrumb\":{\"@id\":\"https:\/\/ifergangallery.com\/es\/piece\/escultura-griega-representando-a-afrodita-y-eros-en-terracota-100-a-c\/#breadcrumb\"},\"inLanguage\":\"es\",\"potentialAction\":[{\"@type\":\"ReadAction\",\"target\":[\"https:\/\/ifergangallery.com\/es\/piece\/escultura-griega-representando-a-afrodita-y-eros-en-terracota-100-a-c\/\"]}]},{\"@type\":\"BreadcrumbList\",\"@id\":\"https:\/\/ifergangallery.com\/es\/piece\/escultura-griega-representando-a-afrodita-y-eros-en-terracota-100-a-c\/#breadcrumb\",\"itemListElement\":[{\"@type\":\"ListItem\",\"position\":1,\"name\":\"Home\",\"item\":\"https:\/\/ifergangallery.com\/es\/\"},{\"@type\":\"ListItem\",\"position\":2,\"name\":\"Works of art\",\"item\":\"https:\/\/ifergangallery.com\/es\/works_of_art\/\"},{\"@type\":\"ListItem\",\"position\":3,\"name\":\"Escultura griega representando a &#8220;Afrodita&#8221; y &#8220;Eros&#8221; en terracota, 100 a.C.\"}]}]}<\/script>\n<!-- \/ Yoast SEO Premium plugin. -->","yoast_head_json":{"title":"Escultura griega representando a \"Afrodita\" y \"Eros\" en terracota, 100 a.C. &ndash; Ifergan Gallery","robots":{"index":"index","follow":"follow","max-snippet":"max-snippet:-1","max-image-preview":"max-image-preview:large","max-video-preview":"max-video-preview:-1"},"canonical":"https:\/\/ifergangallery.com\/es\/piece\/escultura-griega-representando-a-afrodita-y-eros-en-terracota-100-a-c\/","og_locale":"es_ES","og_type":"article","og_title":"Escultura griega representando a \"Afrodita\" y \"Eros\" en terracota, 100 a.C.","og_description":"Los antiguos griegos eran grandes escultores, precursores de la sinuosidad del cuerpo humano y de las posturas contrapunt\u00edsticas que otorgan al cuerpo un movimiento y una estabilidad teatral maravillosa. Esta escultura representa a la diosa Afrodita junto a Eros, ambos apoyados sobre un pedestal. La diosa Afrodita es la diosa de la belleza, del amor, &hellip; Escultura griega representando a &#8220;Afrodita&#8221; y &#8220;Eros&#8221; en terracota, 100 a.C. Leer m\u00e1s &raquo;","og_url":"https:\/\/ifergangallery.com\/es\/piece\/escultura-griega-representando-a-afrodita-y-eros-en-terracota-100-a-c\/","og_site_name":"Ifergan Gallery","article_publisher":"https:\/\/www.facebook.com\/Ifergancollectionmalaga","article_modified_time":"2024-11-06T14:38:34+00:00","og_image":[{"width":2048,"height":1365,"url":"https:\/\/ifergangallery.com\/wp-content\/uploads\/2021\/10\/bhm114-8.jpg","type":"image\/jpeg"}],"twitter_card":"summary_large_image","twitter_site":"@Ifergangallery","twitter_misc":{"Tiempo de lectura":"1 minuto"},"schema":{"@context":"https:\/\/schema.org","@graph":[{"@type":"Organization","@id":"https:\/\/ifergangallery.com\/#organization","name":"Ifergan Gallery","url":"https:\/\/ifergangallery.com\/","sameAs":["https:\/\/www.facebook.com\/Ifergancollectionmalaga","https:\/\/www.instagram.com\/ifergangallery\/","https:\/\/www.youtube.com\/channel\/UC2O2zZ9BJKhbUFOnu_5mE3g","https:\/\/twitter.com\/Ifergangallery"],"logo":{"@type":"ImageObject","@id":"https:\/\/ifergangallery.com\/#logo","inLanguage":"es","url":"https:\/\/ifergangallery.com\/wp-content\/uploads\/2021\/09\/Imagotipo_blanco-e1637271379231.png","contentUrl":"https:\/\/ifergangallery.com\/wp-content\/uploads\/2021\/09\/Imagotipo_blanco-e1637271379231.png","width":1920,"height":1065,"caption":"Ifergan Gallery"},"image":{"@id":"https:\/\/ifergangallery.com\/#logo"}},{"@type":"WebSite","@id":"https:\/\/ifergangallery.com\/#website","url":"https:\/\/ifergangallery.com\/","name":"Ifergan Gallery","description":"Ancient Art Gallery","publisher":{"@id":"https:\/\/ifergangallery.com\/#organization"},"potentialAction":[{"@type":"SearchAction","target":{"@type":"EntryPoint","urlTemplate":"https:\/\/ifergangallery.com\/?s={search_term_string}"},"query-input":"required name=search_term_string"}],"inLanguage":"es"},{"@type":"ImageObject","@id":"https:\/\/ifergangallery.com\/es\/piece\/escultura-griega-representando-a-afrodita-y-eros-en-terracota-100-a-c\/#primaryimage","inLanguage":"es","url":"https:\/\/ifergangallery.com\/wp-content\/uploads\/2021\/10\/bhm114-8.jpg","contentUrl":"https:\/\/ifergangallery.com\/wp-content\/uploads\/2021\/10\/bhm114-8.jpg","width":2048,"height":1365},{"@type":"WebPage","@id":"https:\/\/ifergangallery.com\/es\/piece\/escultura-griega-representando-a-afrodita-y-eros-en-terracota-100-a-c\/#webpage","url":"https:\/\/ifergangallery.com\/es\/piece\/escultura-griega-representando-a-afrodita-y-eros-en-terracota-100-a-c\/","name":"Escultura griega representando a \"Afrodita\" y \"Eros\" en terracota, 100 a.C. &ndash; Ifergan Gallery","isPartOf":{"@id":"https:\/\/ifergangallery.com\/#website"},"primaryImageOfPage":{"@id":"https:\/\/ifergangallery.com\/es\/piece\/escultura-griega-representando-a-afrodita-y-eros-en-terracota-100-a-c\/#primaryimage"},"datePublished":"2021-10-21T11:59:59+00:00","dateModified":"2024-11-06T14:38:34+00:00","breadcrumb":{"@id":"https:\/\/ifergangallery.com\/es\/piece\/escultura-griega-representando-a-afrodita-y-eros-en-terracota-100-a-c\/#breadcrumb"},"inLanguage":"es","potentialAction":[{"@type":"ReadAction","target":["https:\/\/ifergangallery.com\/es\/piece\/escultura-griega-representando-a-afrodita-y-eros-en-terracota-100-a-c\/"]}]},{"@type":"BreadcrumbList","@id":"https:\/\/ifergangallery.com\/es\/piece\/escultura-griega-representando-a-afrodita-y-eros-en-terracota-100-a-c\/#breadcrumb","itemListElement":[{"@type":"ListItem","position":1,"name":"Home","item":"https:\/\/ifergangallery.com\/es\/"},{"@type":"ListItem","position":2,"name":"Works of art","item":"https:\/\/ifergangallery.com\/es\/works_of_art\/"},{"@type":"ListItem","position":3,"name":"Escultura griega representando a &#8220;Afrodita&#8221; y &#8220;Eros&#8221; en terracota, 100 a.C."}]}]}},"_links":{"self":[{"href":"https:\/\/ifergangallery.com\/es\/wp-json\/wp\/v2\/product\/4199"}],"collection":[{"href":"https:\/\/ifergangallery.com\/es\/wp-json\/wp\/v2\/product"}],"about":[{"href":"https:\/\/ifergangallery.com\/es\/wp-json\/wp\/v2\/types\/product"}],"replies":[{"embeddable":true,"href":"https:\/\/ifergangallery.com\/es\/wp-json\/wp\/v2\/comments?post=4199"}],"wp:featuredmedia":[{"embeddable":true,"href":"https:\/\/ifergangallery.com\/es\/wp-json\/wp\/v2\/media\/14303"}],"wp:attachment":[{"href":"https:\/\/ifergangallery.com\/es\/wp-json\/wp\/v2\/media?parent=4199"}],"wp:term":[{"taxonomy":"product_cat","embeddable":true,"href":"https:\/\/ifergangallery.com\/es\/wp-json\/wp\/v2\/product_cat?post=4199"},{"taxonomy":"product_tag","embeddable":true,"href":"https:\/\/ifergangallery.com\/es\/wp-json\/wp\/v2\/product_tag?post=4199"}],"curies":[{"name":"wp","href":"https:\/\/api.w.org\/{rel}","templated":true}]}}