{"id":4321,"date":"2021-10-21T12:12:58","date_gmt":"2021-10-21T12:12:58","guid":{"rendered":"https:\/\/snackjerusalem.com\/?post_type=product&#038;p=4321"},"modified":"2024-11-13T11:34:17","modified_gmt":"2024-11-13T11:34:17","slug":"recipiente-antropomorfo-votivo-de-terracota-valle-del-indo-3000-2000-a-c","status":"publish","type":"product","link":"https:\/\/ifergangallery.com\/es\/piece\/recipiente-antropomorfo-votivo-de-terracota-valle-del-indo-3000-2000-a-c\/","title":{"rendered":"Figura votiva de terracota, Valle del Indo, 3000-2000 a.C."},"content":{"rendered":"<p style=\"text-align: justify;\">Vasija de terracota de formas sinuosas que asemeja una forma femenina con los brazos cruzados bajo el pecho y una abertura en la cabeza que simula un peinado hacia arriba. Su funci\u00f3n podr\u00eda ser la de contener agua para libaciones rituales o alg\u00fan tipo de grano de cereal como ofrenda alimenticia. Adem\u00e1s, hay varias formas que indican que tambi\u00e9n pudieron contener incienso. Se considera que estas esculturas ten\u00edan una funci\u00f3n votiva, ya que se ha encontrado un gran n\u00famero de ellas en yacimientos sagrados, por lo que se piensa que tienen una funci\u00f3n apotropaica. La funci\u00f3n apotropaica de estas piezas era proteger la fertilidad y la maternidad. Ser\u00eda, sin duda, un elemento ritual clave para la fertilidad.<\/p>\n<p>&nbsp;<\/p>","protected":false},"excerpt":{"rendered":"<p>Vasija de terracota de formas sinuosas que asemeja una forma femenina con los brazos cruzados bajo el pecho y una abertura en la cabeza que simula un peinado hacia arriba. Su funci\u00f3n podr\u00eda ser la de contener agua para libaciones rituales o alg\u00fan tipo de grano de cereal como ofrenda alimenticia. Adem\u00e1s, hay varias formas &hellip;<\/p>\n<p class=\"read-more\"> <a class=\"\" href=\"https:\/\/ifergangallery.com\/es\/piece\/recipiente-antropomorfo-votivo-de-terracota-valle-del-indo-3000-2000-a-c\/\"> <span class=\"screen-reader-text\">Figura votiva de terracota, Valle del Indo, 3000-2000 a.C.<\/span> Leer m\u00e1s &raquo;<\/a><\/p>","protected":false},"featured_media":11074,"comment_status":"closed","ping_status":"closed","template":"","meta":{"spay_email":""},"product_cat":[125],"product_tag":[807],"yoast_head":"<!-- This site is optimized with the Yoast SEO Premium plugin v17.6 (Yoast SEO v17.6) - https:\/\/yoast.com\/wordpress\/plugins\/seo\/ -->\n<title>Figura votiva de terracota, Valle del Indo, 3000-2000 a.C. &ndash; Ifergan Gallery<\/title>\n<meta name=\"robots\" content=\"index, follow, max-snippet:-1, max-image-preview:large, max-video-preview:-1\" \/>\n<link rel=\"canonical\" href=\"https:\/\/ifergangallery.com\/es\/piece\/recipiente-antropomorfo-votivo-de-terracota-valle-del-indo-3000-2000-a-c\/\" \/>\n<meta property=\"og:locale\" content=\"es_ES\" \/>\n<meta property=\"og:type\" content=\"article\" \/>\n<meta property=\"og:title\" content=\"Figura votiva de terracota, Valle del Indo, 3000-2000 a.C.\" \/>\n<meta property=\"og:description\" content=\"Vasija de terracota de formas sinuosas que asemeja una forma femenina con los brazos cruzados bajo el pecho y una abertura en la cabeza que simula un peinado hacia arriba. Su funci\u00f3n podr\u00eda ser la de contener agua para libaciones rituales o alg\u00fan tipo de grano de cereal como ofrenda alimenticia. Adem\u00e1s, hay varias formas &hellip; Figura votiva de terracota, Valle del Indo, 3000-2000 a.C. Leer m\u00e1s &raquo;\" \/>\n<meta property=\"og:url\" content=\"https:\/\/ifergangallery.com\/es\/piece\/recipiente-antropomorfo-votivo-de-terracota-valle-del-indo-3000-2000-a-c\/\" \/>\n<meta property=\"og:site_name\" content=\"Ifergan Gallery\" \/>\n<meta property=\"article:publisher\" content=\"https:\/\/www.facebook.com\/Ifergancollectionmalaga\" \/>\n<meta property=\"article:modified_time\" content=\"2024-11-13T11:34:17+00:00\" \/>\n<meta property=\"og:image\" content=\"https:\/\/ifergangallery.com\/wp-content\/uploads\/2021\/10\/M6100-2-2.jpg\" \/>\n\t<meta property=\"og:image:width\" content=\"2048\" \/>\n\t<meta property=\"og:image:height\" content=\"2048\" \/>\n<meta name=\"twitter:card\" content=\"summary_large_image\" \/>\n<meta name=\"twitter:site\" content=\"@Ifergangallery\" \/>\n<meta name=\"twitter:label1\" content=\"Tiempo de lectura\" \/>\n\t<meta name=\"twitter:data1\" content=\"1 minuto\" \/>\n<script type=\"application\/ld+json\" class=\"yoast-schema-graph\">{\"@context\":\"https:\/\/schema.org\",\"@graph\":[{\"@type\":\"Organization\",\"@id\":\"https:\/\/ifergangallery.com\/#organization\",\"name\":\"Ifergan Gallery\",\"url\":\"https:\/\/ifergangallery.com\/\",\"sameAs\":[\"https:\/\/www.facebook.com\/Ifergancollectionmalaga\",\"https:\/\/www.instagram.com\/ifergangallery\/\",\"https:\/\/www.youtube.com\/channel\/UC2O2zZ9BJKhbUFOnu_5mE3g\",\"https:\/\/twitter.com\/Ifergangallery\"],\"logo\":{\"@type\":\"ImageObject\",\"@id\":\"https:\/\/ifergangallery.com\/#logo\",\"inLanguage\":\"es\",\"url\":\"https:\/\/ifergangallery.com\/wp-content\/uploads\/2021\/09\/Imagotipo_blanco-e1637271379231.png\",\"contentUrl\":\"https:\/\/ifergangallery.com\/wp-content\/uploads\/2021\/09\/Imagotipo_blanco-e1637271379231.png\",\"width\":1920,\"height\":1065,\"caption\":\"Ifergan Gallery\"},\"image\":{\"@id\":\"https:\/\/ifergangallery.com\/#logo\"}},{\"@type\":\"WebSite\",\"@id\":\"https:\/\/ifergangallery.com\/#website\",\"url\":\"https:\/\/ifergangallery.com\/\",\"name\":\"Ifergan Gallery\",\"description\":\"Ancient Art Gallery\",\"publisher\":{\"@id\":\"https:\/\/ifergangallery.com\/#organization\"},\"potentialAction\":[{\"@type\":\"SearchAction\",\"target\":{\"@type\":\"EntryPoint\",\"urlTemplate\":\"https:\/\/ifergangallery.com\/?s={search_term_string}\"},\"query-input\":\"required name=search_term_string\"}],\"inLanguage\":\"es\"},{\"@type\":\"ImageObject\",\"@id\":\"https:\/\/ifergangallery.com\/es\/piece\/recipiente-antropomorfo-votivo-de-terracota-valle-del-indo-3000-2000-a-c\/#primaryimage\",\"inLanguage\":\"es\",\"url\":\"https:\/\/ifergangallery.com\/wp-content\/uploads\/2021\/10\/M6100-2-2.jpg\",\"contentUrl\":\"https:\/\/ifergangallery.com\/wp-content\/uploads\/2021\/10\/M6100-2-2.jpg\",\"width\":2048,\"height\":2048},{\"@type\":\"WebPage\",\"@id\":\"https:\/\/ifergangallery.com\/es\/piece\/recipiente-antropomorfo-votivo-de-terracota-valle-del-indo-3000-2000-a-c\/#webpage\",\"url\":\"https:\/\/ifergangallery.com\/es\/piece\/recipiente-antropomorfo-votivo-de-terracota-valle-del-indo-3000-2000-a-c\/\",\"name\":\"Figura votiva de terracota, Valle del Indo, 3000-2000 a.C. &ndash; Ifergan Gallery\",\"isPartOf\":{\"@id\":\"https:\/\/ifergangallery.com\/#website\"},\"primaryImageOfPage\":{\"@id\":\"https:\/\/ifergangallery.com\/es\/piece\/recipiente-antropomorfo-votivo-de-terracota-valle-del-indo-3000-2000-a-c\/#primaryimage\"},\"datePublished\":\"2021-10-21T12:12:58+00:00\",\"dateModified\":\"2024-11-13T11:34:17+00:00\",\"breadcrumb\":{\"@id\":\"https:\/\/ifergangallery.com\/es\/piece\/recipiente-antropomorfo-votivo-de-terracota-valle-del-indo-3000-2000-a-c\/#breadcrumb\"},\"inLanguage\":\"es\",\"potentialAction\":[{\"@type\":\"ReadAction\",\"target\":[\"https:\/\/ifergangallery.com\/es\/piece\/recipiente-antropomorfo-votivo-de-terracota-valle-del-indo-3000-2000-a-c\/\"]}]},{\"@type\":\"BreadcrumbList\",\"@id\":\"https:\/\/ifergangallery.com\/es\/piece\/recipiente-antropomorfo-votivo-de-terracota-valle-del-indo-3000-2000-a-c\/#breadcrumb\",\"itemListElement\":[{\"@type\":\"ListItem\",\"position\":1,\"name\":\"Home\",\"item\":\"https:\/\/ifergangallery.com\/es\/\"},{\"@type\":\"ListItem\",\"position\":2,\"name\":\"Works of art\",\"item\":\"https:\/\/ifergangallery.com\/es\/works_of_art\/\"},{\"@type\":\"ListItem\",\"position\":3,\"name\":\"Figura votiva de terracota, Valle del Indo, 3000-2000 a.C.\"}]}]}<\/script>\n<!-- \/ Yoast SEO Premium plugin. -->","yoast_head_json":{"title":"Figura votiva de terracota, Valle del Indo, 3000-2000 a.C. &ndash; Ifergan Gallery","robots":{"index":"index","follow":"follow","max-snippet":"max-snippet:-1","max-image-preview":"max-image-preview:large","max-video-preview":"max-video-preview:-1"},"canonical":"https:\/\/ifergangallery.com\/es\/piece\/recipiente-antropomorfo-votivo-de-terracota-valle-del-indo-3000-2000-a-c\/","og_locale":"es_ES","og_type":"article","og_title":"Figura votiva de terracota, Valle del Indo, 3000-2000 a.C.","og_description":"Vasija de terracota de formas sinuosas que asemeja una forma femenina con los brazos cruzados bajo el pecho y una abertura en la cabeza que simula un peinado hacia arriba. Su funci\u00f3n podr\u00eda ser la de contener agua para libaciones rituales o alg\u00fan tipo de grano de cereal como ofrenda alimenticia. Adem\u00e1s, hay varias formas &hellip; Figura votiva de terracota, Valle del Indo, 3000-2000 a.C. Leer m\u00e1s &raquo;","og_url":"https:\/\/ifergangallery.com\/es\/piece\/recipiente-antropomorfo-votivo-de-terracota-valle-del-indo-3000-2000-a-c\/","og_site_name":"Ifergan Gallery","article_publisher":"https:\/\/www.facebook.com\/Ifergancollectionmalaga","article_modified_time":"2024-11-13T11:34:17+00:00","og_image":[{"width":2048,"height":2048,"url":"https:\/\/ifergangallery.com\/wp-content\/uploads\/2021\/10\/M6100-2-2.jpg","type":"image\/jpeg"}],"twitter_card":"summary_large_image","twitter_site":"@Ifergangallery","twitter_misc":{"Tiempo de lectura":"1 minuto"},"schema":{"@context":"https:\/\/schema.org","@graph":[{"@type":"Organization","@id":"https:\/\/ifergangallery.com\/#organization","name":"Ifergan Gallery","url":"https:\/\/ifergangallery.com\/","sameAs":["https:\/\/www.facebook.com\/Ifergancollectionmalaga","https:\/\/www.instagram.com\/ifergangallery\/","https:\/\/www.youtube.com\/channel\/UC2O2zZ9BJKhbUFOnu_5mE3g","https:\/\/twitter.com\/Ifergangallery"],"logo":{"@type":"ImageObject","@id":"https:\/\/ifergangallery.com\/#logo","inLanguage":"es","url":"https:\/\/ifergangallery.com\/wp-content\/uploads\/2021\/09\/Imagotipo_blanco-e1637271379231.png","contentUrl":"https:\/\/ifergangallery.com\/wp-content\/uploads\/2021\/09\/Imagotipo_blanco-e1637271379231.png","width":1920,"height":1065,"caption":"Ifergan Gallery"},"image":{"@id":"https:\/\/ifergangallery.com\/#logo"}},{"@type":"WebSite","@id":"https:\/\/ifergangallery.com\/#website","url":"https:\/\/ifergangallery.com\/","name":"Ifergan Gallery","description":"Ancient Art Gallery","publisher":{"@id":"https:\/\/ifergangallery.com\/#organization"},"potentialAction":[{"@type":"SearchAction","target":{"@type":"EntryPoint","urlTemplate":"https:\/\/ifergangallery.com\/?s={search_term_string}"},"query-input":"required name=search_term_string"}],"inLanguage":"es"},{"@type":"ImageObject","@id":"https:\/\/ifergangallery.com\/es\/piece\/recipiente-antropomorfo-votivo-de-terracota-valle-del-indo-3000-2000-a-c\/#primaryimage","inLanguage":"es","url":"https:\/\/ifergangallery.com\/wp-content\/uploads\/2021\/10\/M6100-2-2.jpg","contentUrl":"https:\/\/ifergangallery.com\/wp-content\/uploads\/2021\/10\/M6100-2-2.jpg","width":2048,"height":2048},{"@type":"WebPage","@id":"https:\/\/ifergangallery.com\/es\/piece\/recipiente-antropomorfo-votivo-de-terracota-valle-del-indo-3000-2000-a-c\/#webpage","url":"https:\/\/ifergangallery.com\/es\/piece\/recipiente-antropomorfo-votivo-de-terracota-valle-del-indo-3000-2000-a-c\/","name":"Figura votiva de terracota, Valle del Indo, 3000-2000 a.C. &ndash; Ifergan Gallery","isPartOf":{"@id":"https:\/\/ifergangallery.com\/#website"},"primaryImageOfPage":{"@id":"https:\/\/ifergangallery.com\/es\/piece\/recipiente-antropomorfo-votivo-de-terracota-valle-del-indo-3000-2000-a-c\/#primaryimage"},"datePublished":"2021-10-21T12:12:58+00:00","dateModified":"2024-11-13T11:34:17+00:00","breadcrumb":{"@id":"https:\/\/ifergangallery.com\/es\/piece\/recipiente-antropomorfo-votivo-de-terracota-valle-del-indo-3000-2000-a-c\/#breadcrumb"},"inLanguage":"es","potentialAction":[{"@type":"ReadAction","target":["https:\/\/ifergangallery.com\/es\/piece\/recipiente-antropomorfo-votivo-de-terracota-valle-del-indo-3000-2000-a-c\/"]}]},{"@type":"BreadcrumbList","@id":"https:\/\/ifergangallery.com\/es\/piece\/recipiente-antropomorfo-votivo-de-terracota-valle-del-indo-3000-2000-a-c\/#breadcrumb","itemListElement":[{"@type":"ListItem","position":1,"name":"Home","item":"https:\/\/ifergangallery.com\/es\/"},{"@type":"ListItem","position":2,"name":"Works of art","item":"https:\/\/ifergangallery.com\/es\/works_of_art\/"},{"@type":"ListItem","position":3,"name":"Figura votiva de terracota, Valle del Indo, 3000-2000 a.C."}]}]}},"_links":{"self":[{"href":"https:\/\/ifergangallery.com\/es\/wp-json\/wp\/v2\/product\/4321"}],"collection":[{"href":"https:\/\/ifergangallery.com\/es\/wp-json\/wp\/v2\/product"}],"about":[{"href":"https:\/\/ifergangallery.com\/es\/wp-json\/wp\/v2\/types\/product"}],"replies":[{"embeddable":true,"href":"https:\/\/ifergangallery.com\/es\/wp-json\/wp\/v2\/comments?post=4321"}],"wp:featuredmedia":[{"embeddable":true,"href":"https:\/\/ifergangallery.com\/es\/wp-json\/wp\/v2\/media\/11074"}],"wp:attachment":[{"href":"https:\/\/ifergangallery.com\/es\/wp-json\/wp\/v2\/media?parent=4321"}],"wp:term":[{"taxonomy":"product_cat","embeddable":true,"href":"https:\/\/ifergangallery.com\/es\/wp-json\/wp\/v2\/product_cat?post=4321"},{"taxonomy":"product_tag","embeddable":true,"href":"https:\/\/ifergangallery.com\/es\/wp-json\/wp\/v2\/product_tag?post=4321"}],"curies":[{"name":"wp","href":"https:\/\/api.w.org\/{rel}","templated":true}]}}