{"id":4349,"date":"2021-11-11T15:26:01","date_gmt":"2021-11-11T15:26:01","guid":{"rendered":"https:\/\/snackjerusalem.com\/piece\/puerta-de-tumba-bizancio-paleocristiana-en-basalto-600-700-d-c\/"},"modified":"2025-03-20T10:23:50","modified_gmt":"2025-03-20T10:23:50","slug":"puerta-de-tumba-bizancio-paleocristiana-en-basalto-600-700-d-c","status":"publish","type":"product","link":"https:\/\/ifergangallery.com\/es\/piece\/puerta-de-tumba-bizancio-paleocristiana-en-basalto-600-700-d-c\/","title":{"rendered":"Puerta de tumba bizancio-paleocristiana en basalto, 600-700 d.C."},"content":{"rendered":"<p style=\"text-align: justify;\">Decorado con ocho paneles cuadrados en relieve hundidos, cada uno relleno con un motivo en relieve en relieve, que incluye columnas, pergaminos, rosetas, cuadrados y un motivo cruciforme en la parte inferior derecha, un esbelto motivo columnar tallado en relieve en el centro. El orificio superior en el lado superior izquierdo se us\u00f3 como manija para abrir y cerrar la puerta.<\/p>\n<p style=\"text-align: justify;\"><a href=\"https:\/\/www.ibs.it\/porte-basaltiche-della-siria-bizantina-libro-francesca-severini\/e\/9788827837498#cc-anchor-dettagli\" target=\"_blank\" rel=\"noopener\">Francesca Severini<\/a> public\u00f3 un estudio en 2006 donde establec\u00eda la existencia de 160 ejemplos de puertas de tumbas bizantinas repartidas en varias \u00e1reas del mundo.<\/p>","protected":false},"excerpt":{"rendered":"<p>Decorado con ocho paneles cuadrados en relieve hundidos, cada uno relleno con un motivo en relieve en relieve, que incluye columnas, pergaminos, rosetas, cuadrados y un motivo cruciforme en la parte inferior derecha, un esbelto motivo columnar tallado en relieve en el centro. El orificio superior en el lado superior izquierdo se us\u00f3 como manija &hellip;<\/p>\n<p class=\"read-more\"> <a class=\"\" href=\"https:\/\/ifergangallery.com\/es\/piece\/puerta-de-tumba-bizancio-paleocristiana-en-basalto-600-700-d-c\/\"> <span class=\"screen-reader-text\">Puerta de tumba bizancio-paleocristiana en basalto, 600-700 d.C.<\/span> Leer m\u00e1s &raquo;<\/a><\/p>","protected":false},"featured_media":9204,"comment_status":"closed","ping_status":"closed","template":"","meta":{"spay_email":""},"product_cat":[114],"product_tag":[807],"yoast_head":"<!-- This site is optimized with the Yoast SEO Premium plugin v17.6 (Yoast SEO v17.6) - https:\/\/yoast.com\/wordpress\/plugins\/seo\/ -->\n<title>Puerta de tumba bizancio-paleocristiana en basalto, 600-700 d.C. &ndash; Ifergan Gallery<\/title>\n<meta name=\"robots\" content=\"index, follow, max-snippet:-1, max-image-preview:large, max-video-preview:-1\" \/>\n<link rel=\"canonical\" href=\"https:\/\/ifergangallery.com\/es\/piece\/puerta-de-tumba-bizancio-paleocristiana-en-basalto-600-700-d-c\/\" \/>\n<meta property=\"og:locale\" content=\"es_ES\" \/>\n<meta property=\"og:type\" content=\"article\" \/>\n<meta property=\"og:title\" content=\"Puerta de tumba bizancio-paleocristiana en basalto, 600-700 d.C.\" \/>\n<meta property=\"og:description\" content=\"Decorado con ocho paneles cuadrados en relieve hundidos, cada uno relleno con un motivo en relieve en relieve, que incluye columnas, pergaminos, rosetas, cuadrados y un motivo cruciforme en la parte inferior derecha, un esbelto motivo columnar tallado en relieve en el centro. El orificio superior en el lado superior izquierdo se us\u00f3 como manija &hellip; Puerta de tumba bizancio-paleocristiana en basalto, 600-700 d.C. Leer m\u00e1s &raquo;\" \/>\n<meta property=\"og:url\" content=\"https:\/\/ifergangallery.com\/es\/piece\/puerta-de-tumba-bizancio-paleocristiana-en-basalto-600-700-d-c\/\" \/>\n<meta property=\"og:site_name\" content=\"Ifergan Gallery\" \/>\n<meta property=\"article:publisher\" content=\"https:\/\/www.facebook.com\/Ifergancollectionmalaga\" \/>\n<meta property=\"article:modified_time\" content=\"2025-03-20T10:23:50+00:00\" \/>\n<meta property=\"og:image\" content=\"https:\/\/ifergangallery.com\/wp-content\/uploads\/2021\/10\/bhm135-4-scaled.jpg\" \/>\n\t<meta property=\"og:image:width\" content=\"1973\" \/>\n\t<meta property=\"og:image:height\" content=\"2560\" \/>\n<meta name=\"twitter:card\" content=\"summary_large_image\" \/>\n<meta name=\"twitter:site\" content=\"@Ifergangallery\" \/>\n<meta name=\"twitter:label1\" content=\"Tiempo de lectura\" \/>\n\t<meta name=\"twitter:data1\" content=\"1 minuto\" \/>\n<script type=\"application\/ld+json\" class=\"yoast-schema-graph\">{\"@context\":\"https:\/\/schema.org\",\"@graph\":[{\"@type\":\"Organization\",\"@id\":\"https:\/\/ifergangallery.com\/#organization\",\"name\":\"Ifergan Gallery\",\"url\":\"https:\/\/ifergangallery.com\/\",\"sameAs\":[\"https:\/\/www.facebook.com\/Ifergancollectionmalaga\",\"https:\/\/www.instagram.com\/ifergangallery\/\",\"https:\/\/www.youtube.com\/channel\/UC2O2zZ9BJKhbUFOnu_5mE3g\",\"https:\/\/twitter.com\/Ifergangallery\"],\"logo\":{\"@type\":\"ImageObject\",\"@id\":\"https:\/\/ifergangallery.com\/#logo\",\"inLanguage\":\"es\",\"url\":\"https:\/\/ifergangallery.com\/wp-content\/uploads\/2021\/09\/Imagotipo_blanco-e1637271379231.png\",\"contentUrl\":\"https:\/\/ifergangallery.com\/wp-content\/uploads\/2021\/09\/Imagotipo_blanco-e1637271379231.png\",\"width\":1920,\"height\":1065,\"caption\":\"Ifergan Gallery\"},\"image\":{\"@id\":\"https:\/\/ifergangallery.com\/#logo\"}},{\"@type\":\"WebSite\",\"@id\":\"https:\/\/ifergangallery.com\/#website\",\"url\":\"https:\/\/ifergangallery.com\/\",\"name\":\"Ifergan Gallery\",\"description\":\"Ancient Art Gallery\",\"publisher\":{\"@id\":\"https:\/\/ifergangallery.com\/#organization\"},\"potentialAction\":[{\"@type\":\"SearchAction\",\"target\":{\"@type\":\"EntryPoint\",\"urlTemplate\":\"https:\/\/ifergangallery.com\/?s={search_term_string}\"},\"query-input\":\"required name=search_term_string\"}],\"inLanguage\":\"es\"},{\"@type\":\"ImageObject\",\"@id\":\"https:\/\/ifergangallery.com\/es\/piece\/puerta-de-tumba-bizancio-paleocristiana-en-basalto-600-700-d-c\/#primaryimage\",\"inLanguage\":\"es\",\"url\":\"https:\/\/ifergangallery.com\/wp-content\/uploads\/2021\/10\/bhm135-4-scaled.jpg\",\"contentUrl\":\"https:\/\/ifergangallery.com\/wp-content\/uploads\/2021\/10\/bhm135-4-scaled.jpg\",\"width\":1973,\"height\":2560},{\"@type\":\"WebPage\",\"@id\":\"https:\/\/ifergangallery.com\/es\/piece\/puerta-de-tumba-bizancio-paleocristiana-en-basalto-600-700-d-c\/#webpage\",\"url\":\"https:\/\/ifergangallery.com\/es\/piece\/puerta-de-tumba-bizancio-paleocristiana-en-basalto-600-700-d-c\/\",\"name\":\"Puerta de tumba bizancio-paleocristiana en basalto, 600-700 d.C. &ndash; Ifergan Gallery\",\"isPartOf\":{\"@id\":\"https:\/\/ifergangallery.com\/#website\"},\"primaryImageOfPage\":{\"@id\":\"https:\/\/ifergangallery.com\/es\/piece\/puerta-de-tumba-bizancio-paleocristiana-en-basalto-600-700-d-c\/#primaryimage\"},\"datePublished\":\"2021-11-11T15:26:01+00:00\",\"dateModified\":\"2025-03-20T10:23:50+00:00\",\"breadcrumb\":{\"@id\":\"https:\/\/ifergangallery.com\/es\/piece\/puerta-de-tumba-bizancio-paleocristiana-en-basalto-600-700-d-c\/#breadcrumb\"},\"inLanguage\":\"es\",\"potentialAction\":[{\"@type\":\"ReadAction\",\"target\":[\"https:\/\/ifergangallery.com\/es\/piece\/puerta-de-tumba-bizancio-paleocristiana-en-basalto-600-700-d-c\/\"]}]},{\"@type\":\"BreadcrumbList\",\"@id\":\"https:\/\/ifergangallery.com\/es\/piece\/puerta-de-tumba-bizancio-paleocristiana-en-basalto-600-700-d-c\/#breadcrumb\",\"itemListElement\":[{\"@type\":\"ListItem\",\"position\":1,\"name\":\"Home\",\"item\":\"https:\/\/ifergangallery.com\/es\/\"},{\"@type\":\"ListItem\",\"position\":2,\"name\":\"Works of art\",\"item\":\"https:\/\/ifergangallery.com\/es\/works_of_art\/\"},{\"@type\":\"ListItem\",\"position\":3,\"name\":\"Puerta de tumba bizancio-paleocristiana en basalto, 600-700 d.C.\"}]}]}<\/script>\n<!-- \/ Yoast SEO Premium plugin. -->","yoast_head_json":{"title":"Puerta de tumba bizancio-paleocristiana en basalto, 600-700 d.C. &ndash; Ifergan Gallery","robots":{"index":"index","follow":"follow","max-snippet":"max-snippet:-1","max-image-preview":"max-image-preview:large","max-video-preview":"max-video-preview:-1"},"canonical":"https:\/\/ifergangallery.com\/es\/piece\/puerta-de-tumba-bizancio-paleocristiana-en-basalto-600-700-d-c\/","og_locale":"es_ES","og_type":"article","og_title":"Puerta de tumba bizancio-paleocristiana en basalto, 600-700 d.C.","og_description":"Decorado con ocho paneles cuadrados en relieve hundidos, cada uno relleno con un motivo en relieve en relieve, que incluye columnas, pergaminos, rosetas, cuadrados y un motivo cruciforme en la parte inferior derecha, un esbelto motivo columnar tallado en relieve en el centro. El orificio superior en el lado superior izquierdo se us\u00f3 como manija &hellip; Puerta de tumba bizancio-paleocristiana en basalto, 600-700 d.C. Leer m\u00e1s &raquo;","og_url":"https:\/\/ifergangallery.com\/es\/piece\/puerta-de-tumba-bizancio-paleocristiana-en-basalto-600-700-d-c\/","og_site_name":"Ifergan Gallery","article_publisher":"https:\/\/www.facebook.com\/Ifergancollectionmalaga","article_modified_time":"2025-03-20T10:23:50+00:00","og_image":[{"width":1973,"height":2560,"url":"https:\/\/ifergangallery.com\/wp-content\/uploads\/2021\/10\/bhm135-4-scaled.jpg","type":"image\/jpeg"}],"twitter_card":"summary_large_image","twitter_site":"@Ifergangallery","twitter_misc":{"Tiempo de lectura":"1 minuto"},"schema":{"@context":"https:\/\/schema.org","@graph":[{"@type":"Organization","@id":"https:\/\/ifergangallery.com\/#organization","name":"Ifergan Gallery","url":"https:\/\/ifergangallery.com\/","sameAs":["https:\/\/www.facebook.com\/Ifergancollectionmalaga","https:\/\/www.instagram.com\/ifergangallery\/","https:\/\/www.youtube.com\/channel\/UC2O2zZ9BJKhbUFOnu_5mE3g","https:\/\/twitter.com\/Ifergangallery"],"logo":{"@type":"ImageObject","@id":"https:\/\/ifergangallery.com\/#logo","inLanguage":"es","url":"https:\/\/ifergangallery.com\/wp-content\/uploads\/2021\/09\/Imagotipo_blanco-e1637271379231.png","contentUrl":"https:\/\/ifergangallery.com\/wp-content\/uploads\/2021\/09\/Imagotipo_blanco-e1637271379231.png","width":1920,"height":1065,"caption":"Ifergan Gallery"},"image":{"@id":"https:\/\/ifergangallery.com\/#logo"}},{"@type":"WebSite","@id":"https:\/\/ifergangallery.com\/#website","url":"https:\/\/ifergangallery.com\/","name":"Ifergan Gallery","description":"Ancient Art Gallery","publisher":{"@id":"https:\/\/ifergangallery.com\/#organization"},"potentialAction":[{"@type":"SearchAction","target":{"@type":"EntryPoint","urlTemplate":"https:\/\/ifergangallery.com\/?s={search_term_string}"},"query-input":"required name=search_term_string"}],"inLanguage":"es"},{"@type":"ImageObject","@id":"https:\/\/ifergangallery.com\/es\/piece\/puerta-de-tumba-bizancio-paleocristiana-en-basalto-600-700-d-c\/#primaryimage","inLanguage":"es","url":"https:\/\/ifergangallery.com\/wp-content\/uploads\/2021\/10\/bhm135-4-scaled.jpg","contentUrl":"https:\/\/ifergangallery.com\/wp-content\/uploads\/2021\/10\/bhm135-4-scaled.jpg","width":1973,"height":2560},{"@type":"WebPage","@id":"https:\/\/ifergangallery.com\/es\/piece\/puerta-de-tumba-bizancio-paleocristiana-en-basalto-600-700-d-c\/#webpage","url":"https:\/\/ifergangallery.com\/es\/piece\/puerta-de-tumba-bizancio-paleocristiana-en-basalto-600-700-d-c\/","name":"Puerta de tumba bizancio-paleocristiana en basalto, 600-700 d.C. &ndash; Ifergan Gallery","isPartOf":{"@id":"https:\/\/ifergangallery.com\/#website"},"primaryImageOfPage":{"@id":"https:\/\/ifergangallery.com\/es\/piece\/puerta-de-tumba-bizancio-paleocristiana-en-basalto-600-700-d-c\/#primaryimage"},"datePublished":"2021-11-11T15:26:01+00:00","dateModified":"2025-03-20T10:23:50+00:00","breadcrumb":{"@id":"https:\/\/ifergangallery.com\/es\/piece\/puerta-de-tumba-bizancio-paleocristiana-en-basalto-600-700-d-c\/#breadcrumb"},"inLanguage":"es","potentialAction":[{"@type":"ReadAction","target":["https:\/\/ifergangallery.com\/es\/piece\/puerta-de-tumba-bizancio-paleocristiana-en-basalto-600-700-d-c\/"]}]},{"@type":"BreadcrumbList","@id":"https:\/\/ifergangallery.com\/es\/piece\/puerta-de-tumba-bizancio-paleocristiana-en-basalto-600-700-d-c\/#breadcrumb","itemListElement":[{"@type":"ListItem","position":1,"name":"Home","item":"https:\/\/ifergangallery.com\/es\/"},{"@type":"ListItem","position":2,"name":"Works of art","item":"https:\/\/ifergangallery.com\/es\/works_of_art\/"},{"@type":"ListItem","position":3,"name":"Puerta de tumba bizancio-paleocristiana en basalto, 600-700 d.C."}]}]}},"_links":{"self":[{"href":"https:\/\/ifergangallery.com\/es\/wp-json\/wp\/v2\/product\/4349"}],"collection":[{"href":"https:\/\/ifergangallery.com\/es\/wp-json\/wp\/v2\/product"}],"about":[{"href":"https:\/\/ifergangallery.com\/es\/wp-json\/wp\/v2\/types\/product"}],"replies":[{"embeddable":true,"href":"https:\/\/ifergangallery.com\/es\/wp-json\/wp\/v2\/comments?post=4349"}],"wp:featuredmedia":[{"embeddable":true,"href":"https:\/\/ifergangallery.com\/es\/wp-json\/wp\/v2\/media\/9204"}],"wp:attachment":[{"href":"https:\/\/ifergangallery.com\/es\/wp-json\/wp\/v2\/media?parent=4349"}],"wp:term":[{"taxonomy":"product_cat","embeddable":true,"href":"https:\/\/ifergangallery.com\/es\/wp-json\/wp\/v2\/product_cat?post=4349"},{"taxonomy":"product_tag","embeddable":true,"href":"https:\/\/ifergangallery.com\/es\/wp-json\/wp\/v2\/product_tag?post=4349"}],"curies":[{"name":"wp","href":"https:\/\/api.w.org\/{rel}","templated":true}]}}