{"id":4353,"date":"2021-10-21T15:26:34","date_gmt":"2021-10-21T15:26:34","guid":{"rendered":"https:\/\/snackjerusalem.com\/piece\/busto-romano-de-un-barbaro-en-marmol-s-iv-d-c\/"},"modified":"2024-11-06T12:41:20","modified_gmt":"2024-11-06T12:41:20","slug":"busto-romano-de-un-barbaro-en-marmol-s-iv-d-c","status":"publish","type":"product","link":"https:\/\/ifergangallery.com\/es\/piece\/busto-romano-de-un-barbaro-en-marmol-s-iv-d-c\/","title":{"rendered":"Busto romano de un b\u00e1rbaro en m\u00e1rmol, 300 d.C."},"content":{"rendered":"<p style=\"text-align: justify;\">El retrato romano antiguo abarcaba toda la gama de clases y poblaciones que se encontraban en todo el imperio romano. Este busto de m\u00e1rmol blanco de un b\u00e1rbaro, que data aproximadamente del a\u00f1o 300 a.C., es una c\u00e1ndida representaci\u00f3n de uno de los muchos ciudadanos no romanos que compon\u00edan la poblaci\u00f3n de la regi\u00f3n. S\u00f3lo uno de sus hombros est\u00e1 envuelto en una t\u00fanica, mostrando su pecho al espectador mientras baja ligeramente la cabeza para encontrarse con nuestra mirada. Es vulnerable en su condici\u00f3n de no ciudadano, pero la fuerza inherente a un hombre fuera de la ley del Imperio se ve en los fuertes pectorales y el ce\u00f1o fruncido de este b\u00e1rbaro en particular. La escultura romana del siglo IV a.C. se hab\u00eda vuelto muy realista en la b\u00fasqueda de una belleza idealizada, y este busto de m\u00e1rmol es un excelente ejemplo de lo impactante que pod\u00eda ser este realismo. El busto sigue en su pedestal original. La parte inferior es un a\u00f1adido posterior de los siglos XVII y XVIII.<\/p>\n<p>&nbsp;<\/p>","protected":false},"excerpt":{"rendered":"<p>El retrato romano antiguo abarcaba toda la gama de clases y poblaciones que se encontraban en todo el imperio romano. Este busto de m\u00e1rmol blanco de un b\u00e1rbaro, que data aproximadamente del a\u00f1o 300 a.C., es una c\u00e1ndida representaci\u00f3n de uno de los muchos ciudadanos no romanos que compon\u00edan la poblaci\u00f3n de la regi\u00f3n. S\u00f3lo &hellip;<\/p>\n<p class=\"read-more\"> <a class=\"\" href=\"https:\/\/ifergangallery.com\/es\/piece\/busto-romano-de-un-barbaro-en-marmol-s-iv-d-c\/\"> <span class=\"screen-reader-text\">Busto romano de un b\u00e1rbaro en m\u00e1rmol, 300 d.C.<\/span> Leer m\u00e1s &raquo;<\/a><\/p>","protected":false},"featured_media":13169,"comment_status":"closed","ping_status":"closed","template":"","meta":{"spay_email":""},"product_cat":[112],"product_tag":[802],"yoast_head":"<!-- This site is optimized with the Yoast SEO Premium plugin v17.6 (Yoast SEO v17.6) - https:\/\/yoast.com\/wordpress\/plugins\/seo\/ -->\n<title>Busto romano de un b\u00e1rbaro en m\u00e1rmol, 300 d.C. &ndash; Ifergan Gallery<\/title>\n<meta name=\"robots\" content=\"index, follow, max-snippet:-1, max-image-preview:large, max-video-preview:-1\" \/>\n<link rel=\"canonical\" href=\"https:\/\/ifergangallery.com\/es\/piece\/busto-romano-de-un-barbaro-en-marmol-s-iv-d-c\/\" \/>\n<meta property=\"og:locale\" content=\"es_ES\" \/>\n<meta property=\"og:type\" content=\"article\" \/>\n<meta property=\"og:title\" content=\"Busto romano de un b\u00e1rbaro en m\u00e1rmol, 300 d.C.\" \/>\n<meta property=\"og:description\" content=\"El retrato romano antiguo abarcaba toda la gama de clases y poblaciones que se encontraban en todo el imperio romano. Este busto de m\u00e1rmol blanco de un b\u00e1rbaro, que data aproximadamente del a\u00f1o 300 a.C., es una c\u00e1ndida representaci\u00f3n de uno de los muchos ciudadanos no romanos que compon\u00edan la poblaci\u00f3n de la regi\u00f3n. S\u00f3lo &hellip; Busto romano de un b\u00e1rbaro en m\u00e1rmol, 300 d.C. Leer m\u00e1s &raquo;\" \/>\n<meta property=\"og:url\" content=\"https:\/\/ifergangallery.com\/es\/piece\/busto-romano-de-un-barbaro-en-marmol-s-iv-d-c\/\" \/>\n<meta property=\"og:site_name\" content=\"Ifergan Gallery\" \/>\n<meta property=\"article:publisher\" content=\"https:\/\/www.facebook.com\/Ifergancollectionmalaga\" \/>\n<meta property=\"article:modified_time\" content=\"2024-11-06T12:41:20+00:00\" \/>\n<meta property=\"og:image\" content=\"https:\/\/ifergangallery.com\/wp-content\/uploads\/2021\/10\/DSC08161-1.jpg\" \/>\n\t<meta property=\"og:image:width\" content=\"2048\" \/>\n\t<meta property=\"og:image:height\" content=\"2048\" \/>\n<meta name=\"twitter:card\" content=\"summary_large_image\" \/>\n<meta name=\"twitter:site\" content=\"@Ifergangallery\" \/>\n<meta name=\"twitter:label1\" content=\"Tiempo de lectura\" \/>\n\t<meta name=\"twitter:data1\" content=\"1 minuto\" \/>\n<script type=\"application\/ld+json\" class=\"yoast-schema-graph\">{\"@context\":\"https:\/\/schema.org\",\"@graph\":[{\"@type\":\"Organization\",\"@id\":\"https:\/\/ifergangallery.com\/#organization\",\"name\":\"Ifergan Gallery\",\"url\":\"https:\/\/ifergangallery.com\/\",\"sameAs\":[\"https:\/\/www.facebook.com\/Ifergancollectionmalaga\",\"https:\/\/www.instagram.com\/ifergangallery\/\",\"https:\/\/www.youtube.com\/channel\/UC2O2zZ9BJKhbUFOnu_5mE3g\",\"https:\/\/twitter.com\/Ifergangallery\"],\"logo\":{\"@type\":\"ImageObject\",\"@id\":\"https:\/\/ifergangallery.com\/#logo\",\"inLanguage\":\"es\",\"url\":\"https:\/\/ifergangallery.com\/wp-content\/uploads\/2021\/09\/Imagotipo_blanco-e1637271379231.png\",\"contentUrl\":\"https:\/\/ifergangallery.com\/wp-content\/uploads\/2021\/09\/Imagotipo_blanco-e1637271379231.png\",\"width\":1920,\"height\":1065,\"caption\":\"Ifergan Gallery\"},\"image\":{\"@id\":\"https:\/\/ifergangallery.com\/#logo\"}},{\"@type\":\"WebSite\",\"@id\":\"https:\/\/ifergangallery.com\/#website\",\"url\":\"https:\/\/ifergangallery.com\/\",\"name\":\"Ifergan Gallery\",\"description\":\"Ancient Art Gallery\",\"publisher\":{\"@id\":\"https:\/\/ifergangallery.com\/#organization\"},\"potentialAction\":[{\"@type\":\"SearchAction\",\"target\":{\"@type\":\"EntryPoint\",\"urlTemplate\":\"https:\/\/ifergangallery.com\/?s={search_term_string}\"},\"query-input\":\"required name=search_term_string\"}],\"inLanguage\":\"es\"},{\"@type\":\"ImageObject\",\"@id\":\"https:\/\/ifergangallery.com\/es\/piece\/busto-romano-de-un-barbaro-en-marmol-s-iv-d-c\/#primaryimage\",\"inLanguage\":\"es\",\"url\":\"https:\/\/ifergangallery.com\/wp-content\/uploads\/2021\/10\/DSC08161-1.jpg\",\"contentUrl\":\"https:\/\/ifergangallery.com\/wp-content\/uploads\/2021\/10\/DSC08161-1.jpg\",\"width\":2048,\"height\":2048},{\"@type\":\"WebPage\",\"@id\":\"https:\/\/ifergangallery.com\/es\/piece\/busto-romano-de-un-barbaro-en-marmol-s-iv-d-c\/#webpage\",\"url\":\"https:\/\/ifergangallery.com\/es\/piece\/busto-romano-de-un-barbaro-en-marmol-s-iv-d-c\/\",\"name\":\"Busto romano de un b\\u00e1rbaro en m\\u00e1rmol, 300 d.C. &ndash; Ifergan Gallery\",\"isPartOf\":{\"@id\":\"https:\/\/ifergangallery.com\/#website\"},\"primaryImageOfPage\":{\"@id\":\"https:\/\/ifergangallery.com\/es\/piece\/busto-romano-de-un-barbaro-en-marmol-s-iv-d-c\/#primaryimage\"},\"datePublished\":\"2021-10-21T15:26:34+00:00\",\"dateModified\":\"2024-11-06T12:41:20+00:00\",\"breadcrumb\":{\"@id\":\"https:\/\/ifergangallery.com\/es\/piece\/busto-romano-de-un-barbaro-en-marmol-s-iv-d-c\/#breadcrumb\"},\"inLanguage\":\"es\",\"potentialAction\":[{\"@type\":\"ReadAction\",\"target\":[\"https:\/\/ifergangallery.com\/es\/piece\/busto-romano-de-un-barbaro-en-marmol-s-iv-d-c\/\"]}]},{\"@type\":\"BreadcrumbList\",\"@id\":\"https:\/\/ifergangallery.com\/es\/piece\/busto-romano-de-un-barbaro-en-marmol-s-iv-d-c\/#breadcrumb\",\"itemListElement\":[{\"@type\":\"ListItem\",\"position\":1,\"name\":\"Home\",\"item\":\"https:\/\/ifergangallery.com\/es\/\"},{\"@type\":\"ListItem\",\"position\":2,\"name\":\"Works of art\",\"item\":\"https:\/\/ifergangallery.com\/es\/works_of_art\/\"},{\"@type\":\"ListItem\",\"position\":3,\"name\":\"Busto romano de un b\\u00e1rbaro en m\\u00e1rmol, 300 d.C.\"}]}]}<\/script>\n<!-- \/ Yoast SEO Premium plugin. -->","yoast_head_json":{"title":"Busto romano de un b\u00e1rbaro en m\u00e1rmol, 300 d.C. &ndash; Ifergan Gallery","robots":{"index":"index","follow":"follow","max-snippet":"max-snippet:-1","max-image-preview":"max-image-preview:large","max-video-preview":"max-video-preview:-1"},"canonical":"https:\/\/ifergangallery.com\/es\/piece\/busto-romano-de-un-barbaro-en-marmol-s-iv-d-c\/","og_locale":"es_ES","og_type":"article","og_title":"Busto romano de un b\u00e1rbaro en m\u00e1rmol, 300 d.C.","og_description":"El retrato romano antiguo abarcaba toda la gama de clases y poblaciones que se encontraban en todo el imperio romano. Este busto de m\u00e1rmol blanco de un b\u00e1rbaro, que data aproximadamente del a\u00f1o 300 a.C., es una c\u00e1ndida representaci\u00f3n de uno de los muchos ciudadanos no romanos que compon\u00edan la poblaci\u00f3n de la regi\u00f3n. S\u00f3lo &hellip; Busto romano de un b\u00e1rbaro en m\u00e1rmol, 300 d.C. Leer m\u00e1s &raquo;","og_url":"https:\/\/ifergangallery.com\/es\/piece\/busto-romano-de-un-barbaro-en-marmol-s-iv-d-c\/","og_site_name":"Ifergan Gallery","article_publisher":"https:\/\/www.facebook.com\/Ifergancollectionmalaga","article_modified_time":"2024-11-06T12:41:20+00:00","og_image":[{"width":2048,"height":2048,"url":"https:\/\/ifergangallery.com\/wp-content\/uploads\/2021\/10\/DSC08161-1.jpg","type":"image\/jpeg"}],"twitter_card":"summary_large_image","twitter_site":"@Ifergangallery","twitter_misc":{"Tiempo de lectura":"1 minuto"},"schema":{"@context":"https:\/\/schema.org","@graph":[{"@type":"Organization","@id":"https:\/\/ifergangallery.com\/#organization","name":"Ifergan Gallery","url":"https:\/\/ifergangallery.com\/","sameAs":["https:\/\/www.facebook.com\/Ifergancollectionmalaga","https:\/\/www.instagram.com\/ifergangallery\/","https:\/\/www.youtube.com\/channel\/UC2O2zZ9BJKhbUFOnu_5mE3g","https:\/\/twitter.com\/Ifergangallery"],"logo":{"@type":"ImageObject","@id":"https:\/\/ifergangallery.com\/#logo","inLanguage":"es","url":"https:\/\/ifergangallery.com\/wp-content\/uploads\/2021\/09\/Imagotipo_blanco-e1637271379231.png","contentUrl":"https:\/\/ifergangallery.com\/wp-content\/uploads\/2021\/09\/Imagotipo_blanco-e1637271379231.png","width":1920,"height":1065,"caption":"Ifergan Gallery"},"image":{"@id":"https:\/\/ifergangallery.com\/#logo"}},{"@type":"WebSite","@id":"https:\/\/ifergangallery.com\/#website","url":"https:\/\/ifergangallery.com\/","name":"Ifergan Gallery","description":"Ancient Art Gallery","publisher":{"@id":"https:\/\/ifergangallery.com\/#organization"},"potentialAction":[{"@type":"SearchAction","target":{"@type":"EntryPoint","urlTemplate":"https:\/\/ifergangallery.com\/?s={search_term_string}"},"query-input":"required name=search_term_string"}],"inLanguage":"es"},{"@type":"ImageObject","@id":"https:\/\/ifergangallery.com\/es\/piece\/busto-romano-de-un-barbaro-en-marmol-s-iv-d-c\/#primaryimage","inLanguage":"es","url":"https:\/\/ifergangallery.com\/wp-content\/uploads\/2021\/10\/DSC08161-1.jpg","contentUrl":"https:\/\/ifergangallery.com\/wp-content\/uploads\/2021\/10\/DSC08161-1.jpg","width":2048,"height":2048},{"@type":"WebPage","@id":"https:\/\/ifergangallery.com\/es\/piece\/busto-romano-de-un-barbaro-en-marmol-s-iv-d-c\/#webpage","url":"https:\/\/ifergangallery.com\/es\/piece\/busto-romano-de-un-barbaro-en-marmol-s-iv-d-c\/","name":"Busto romano de un b\u00e1rbaro en m\u00e1rmol, 300 d.C. &ndash; Ifergan Gallery","isPartOf":{"@id":"https:\/\/ifergangallery.com\/#website"},"primaryImageOfPage":{"@id":"https:\/\/ifergangallery.com\/es\/piece\/busto-romano-de-un-barbaro-en-marmol-s-iv-d-c\/#primaryimage"},"datePublished":"2021-10-21T15:26:34+00:00","dateModified":"2024-11-06T12:41:20+00:00","breadcrumb":{"@id":"https:\/\/ifergangallery.com\/es\/piece\/busto-romano-de-un-barbaro-en-marmol-s-iv-d-c\/#breadcrumb"},"inLanguage":"es","potentialAction":[{"@type":"ReadAction","target":["https:\/\/ifergangallery.com\/es\/piece\/busto-romano-de-un-barbaro-en-marmol-s-iv-d-c\/"]}]},{"@type":"BreadcrumbList","@id":"https:\/\/ifergangallery.com\/es\/piece\/busto-romano-de-un-barbaro-en-marmol-s-iv-d-c\/#breadcrumb","itemListElement":[{"@type":"ListItem","position":1,"name":"Home","item":"https:\/\/ifergangallery.com\/es\/"},{"@type":"ListItem","position":2,"name":"Works of art","item":"https:\/\/ifergangallery.com\/es\/works_of_art\/"},{"@type":"ListItem","position":3,"name":"Busto romano de un b\u00e1rbaro en m\u00e1rmol, 300 d.C."}]}]}},"_links":{"self":[{"href":"https:\/\/ifergangallery.com\/es\/wp-json\/wp\/v2\/product\/4353"}],"collection":[{"href":"https:\/\/ifergangallery.com\/es\/wp-json\/wp\/v2\/product"}],"about":[{"href":"https:\/\/ifergangallery.com\/es\/wp-json\/wp\/v2\/types\/product"}],"replies":[{"embeddable":true,"href":"https:\/\/ifergangallery.com\/es\/wp-json\/wp\/v2\/comments?post=4353"}],"wp:featuredmedia":[{"embeddable":true,"href":"https:\/\/ifergangallery.com\/es\/wp-json\/wp\/v2\/media\/13169"}],"wp:attachment":[{"href":"https:\/\/ifergangallery.com\/es\/wp-json\/wp\/v2\/media?parent=4353"}],"wp:term":[{"taxonomy":"product_cat","embeddable":true,"href":"https:\/\/ifergangallery.com\/es\/wp-json\/wp\/v2\/product_cat?post=4353"},{"taxonomy":"product_tag","embeddable":true,"href":"https:\/\/ifergangallery.com\/es\/wp-json\/wp\/v2\/product_tag?post=4353"}],"curies":[{"name":"wp","href":"https:\/\/api.w.org\/{rel}","templated":true}]}}