{"id":4357,"date":"2024-11-12T15:26:59","date_gmt":"2024-11-12T15:26:59","guid":{"rendered":"https:\/\/snackjerusalem.com\/piece\/cabeza-romana-de-menandro-en-marmol-s-i-ii-d-c\/"},"modified":"2026-02-03T13:46:25","modified_gmt":"2026-02-03T13:46:25","slug":"cabeza-romana-de-menandro-en-marmol-s-i-ii-d-c","status":"publish","type":"product","link":"https:\/\/ifergangallery.com\/es\/piece\/cabeza-romana-de-menandro-en-marmol-s-i-ii-d-c\/","title":{"rendered":"Cabeza romana de Menandro en m\u00e1rmol, S. I-II d. C."},"content":{"rendered":"<p style=\"text-align: justify;\"><span dir=\"auto\" style=\"vertical-align: inherit;\"><span dir=\"auto\" style=\"vertical-align: inherit;\">Este es un retrato de Menandro basado en un griego original de alrededor del a\u00f1o 300 a. C. Sus labios se curvan en las comisuras, tiene los p\u00f3mulos altos, los ojos grandes y almendrados bajo una l\u00ednea de cejas fruncidas, la frente arrugada y el cabello cae en horribles rizos caracter\u00edsticos a la izquierda de la frente.<\/span><\/span><\/p>\n<p style=\"text-align: justify;\"><span dir=\"auto\" style=\"vertical-align: inherit;\"><span dir=\"auto\" style=\"vertical-align: inherit;\">Menandro fue un renombrado dramaturgo griego antiguo que vivi\u00f3 durante el periodo helen\u00edstico, alrededor de los siglos IV y III a. C. Nacido en Atenas, Menandro se convirti\u00f3 en uno de los dramaturgos m\u00e1s c\u00e9lebres de su \u00e9poca y dej\u00f3 una huella imborrable en el mundo del teatro.<\/span><\/span><\/p>\n<p style=\"text-align: justify;\"><span dir=\"auto\" style=\"vertical-align: inherit;\"><span dir=\"auto\" style=\"vertical-align: inherit;\">En el a\u00f1o 49 a. C., C\u00e9sar se encontraba ante el r\u00edo Rubic\u00f3n, contemplando la posibilidad de cruzarlo con su ej\u00e9rcito, lo que supon\u00eda una violaci\u00f3n directa de la ley romana. Con gran determinaci\u00f3n, exclam\u00f3: \u00abAlea iacta est\u00bb, que significa \u00abla suerte est\u00e1 echada\u00bb. Esta frase simbolizaba que se hab\u00eda tomado una decisi\u00f3n definitiva e irreversible, lo que desencaden\u00f3 una guerra civil y alter\u00f3 el curso de la historia romana. <\/span><\/span><br \/>\n<span dir=\"auto\" style=\"vertical-align: inherit;\"><span dir=\"auto\" style=\"vertical-align: inherit;\">Pero una de las citas m\u00e1s famosas del mundo no era originalmente de Julio C\u00e9sar, seg\u00fan Plutarco, la frase real que us\u00f3 al cruzar el Rubic\u00f3n era una cita en griego de la obra de Menandro Arrh\u00e9phoros, con un significado diferente: \u00ab\u00a1Que se eche la suerte!\u00bb.<\/span><\/span><\/p>\n<p style=\"text-align: justify;\"><span dir=\"auto\" style=\"vertical-align: inherit;\"><span dir=\"auto\" style=\"vertical-align: inherit;\">La importancia de Menandro no radica solo en sus logros teatrales. Sus personajes realistas y cercanos, junto con su habilidad para contar historias, lo han convertido en una figura perdurable en la historia del teatro. Sus obras siguen siendo un testimonio del poder atemporal de la comedia y su capacidad para iluminar la condici\u00f3n humana.<\/span><\/span><\/p>","protected":false},"excerpt":{"rendered":"<p>Este es un retrato de Menandro basado en un griego original de alrededor del a\u00f1o 300 a. C. Sus labios se curvan en las comisuras, tiene los p\u00f3mulos altos, los ojos grandes y almendrados bajo una l\u00ednea de cejas fruncidas, la frente arrugada y el cabello cae en horribles rizos caracter\u00edsticos a la izquierda de &hellip;<\/p>\n<p class=\"read-more\"> <a class=\"\" href=\"https:\/\/ifergangallery.com\/es\/piece\/cabeza-romana-de-menandro-en-marmol-s-i-ii-d-c\/\"> <span class=\"screen-reader-text\">Cabeza romana de Menandro en m\u00e1rmol, S. I-II d. C.<\/span> Leer m\u00e1s &raquo;<\/a><\/p>","protected":false},"featured_media":15754,"comment_status":"closed","ping_status":"closed","template":"","meta":{"spay_email":""},"product_cat":[112,490],"product_tag":[156,442,152,154,805,418,802],"yoast_head":"<!-- This site is optimized with the Yoast SEO Premium plugin v17.6 (Yoast SEO v17.6) - https:\/\/yoast.com\/wordpress\/plugins\/seo\/ -->\n<title>Cabeza romana de Menandro en m\u00e1rmol, S. I-II d. C. &ndash; Ifergan Gallery<\/title>\n<meta name=\"robots\" content=\"index, follow, max-snippet:-1, max-image-preview:large, max-video-preview:-1\" \/>\n<link rel=\"canonical\" href=\"https:\/\/ifergangallery.com\/es\/piece\/cabeza-romana-de-menandro-en-marmol-s-i-ii-d-c\/\" \/>\n<meta property=\"og:locale\" content=\"es_ES\" \/>\n<meta property=\"og:type\" content=\"article\" \/>\n<meta property=\"og:title\" content=\"Cabeza romana de Menandro en m\u00e1rmol, S. I-II d. C.\" \/>\n<meta property=\"og:description\" content=\"Este es un retrato de Menandro basado en un griego original de alrededor del a\u00f1o 300 a. C. Sus labios se curvan en las comisuras, tiene los p\u00f3mulos altos, los ojos grandes y almendrados bajo una l\u00ednea de cejas fruncidas, la frente arrugada y el cabello cae en horribles rizos caracter\u00edsticos a la izquierda de &hellip; Cabeza romana de Menandro en m\u00e1rmol, S. I-II d. C. Leer m\u00e1s &raquo;\" \/>\n<meta property=\"og:url\" content=\"https:\/\/ifergangallery.com\/es\/piece\/cabeza-romana-de-menandro-en-marmol-s-i-ii-d-c\/\" \/>\n<meta property=\"og:site_name\" content=\"Ifergan Gallery\" \/>\n<meta property=\"article:publisher\" content=\"https:\/\/www.facebook.com\/Ifergancollectionmalaga\" \/>\n<meta property=\"article:modified_time\" content=\"2026-02-03T13:46:25+00:00\" \/>\n<meta property=\"og:image\" content=\"https:\/\/ifergangallery.com\/wp-content\/uploads\/2024\/11\/ars032-15-1-scaled.jpg\" \/>\n\t<meta property=\"og:image:width\" content=\"2560\" \/>\n\t<meta property=\"og:image:height\" content=\"1707\" \/>\n<meta name=\"twitter:card\" content=\"summary_large_image\" \/>\n<meta name=\"twitter:site\" content=\"@Ifergangallery\" \/>\n<meta name=\"twitter:label1\" content=\"Tiempo de lectura\" \/>\n\t<meta name=\"twitter:data1\" content=\"2 minutos\" \/>\n<script type=\"application\/ld+json\" class=\"yoast-schema-graph\">{\"@context\":\"https:\/\/schema.org\",\"@graph\":[{\"@type\":\"Organization\",\"@id\":\"https:\/\/ifergangallery.com\/#organization\",\"name\":\"Ifergan Gallery\",\"url\":\"https:\/\/ifergangallery.com\/\",\"sameAs\":[\"https:\/\/www.facebook.com\/Ifergancollectionmalaga\",\"https:\/\/www.instagram.com\/ifergangallery\/\",\"https:\/\/www.youtube.com\/channel\/UC2O2zZ9BJKhbUFOnu_5mE3g\",\"https:\/\/twitter.com\/Ifergangallery\"],\"logo\":{\"@type\":\"ImageObject\",\"@id\":\"https:\/\/ifergangallery.com\/#logo\",\"inLanguage\":\"es\",\"url\":\"https:\/\/ifergangallery.com\/wp-content\/uploads\/2021\/09\/Imagotipo_blanco-e1637271379231.png\",\"contentUrl\":\"https:\/\/ifergangallery.com\/wp-content\/uploads\/2021\/09\/Imagotipo_blanco-e1637271379231.png\",\"width\":1920,\"height\":1065,\"caption\":\"Ifergan Gallery\"},\"image\":{\"@id\":\"https:\/\/ifergangallery.com\/#logo\"}},{\"@type\":\"WebSite\",\"@id\":\"https:\/\/ifergangallery.com\/#website\",\"url\":\"https:\/\/ifergangallery.com\/\",\"name\":\"Ifergan Gallery\",\"description\":\"Ancient Art Gallery\",\"publisher\":{\"@id\":\"https:\/\/ifergangallery.com\/#organization\"},\"potentialAction\":[{\"@type\":\"SearchAction\",\"target\":{\"@type\":\"EntryPoint\",\"urlTemplate\":\"https:\/\/ifergangallery.com\/?s={search_term_string}\"},\"query-input\":\"required name=search_term_string\"}],\"inLanguage\":\"es\"},{\"@type\":\"ImageObject\",\"@id\":\"https:\/\/ifergangallery.com\/es\/piece\/cabeza-romana-de-menandro-en-marmol-s-i-ii-d-c\/#primaryimage\",\"inLanguage\":\"es\",\"url\":\"https:\/\/ifergangallery.com\/wp-content\/uploads\/2024\/11\/ars032-15-1-scaled.jpg\",\"contentUrl\":\"https:\/\/ifergangallery.com\/wp-content\/uploads\/2024\/11\/ars032-15-1-scaled.jpg\",\"width\":2560,\"height\":1707},{\"@type\":\"WebPage\",\"@id\":\"https:\/\/ifergangallery.com\/es\/piece\/cabeza-romana-de-menandro-en-marmol-s-i-ii-d-c\/#webpage\",\"url\":\"https:\/\/ifergangallery.com\/es\/piece\/cabeza-romana-de-menandro-en-marmol-s-i-ii-d-c\/\",\"name\":\"Cabeza romana de Menandro en m\\u00e1rmol, S. I-II d. C. &ndash; Ifergan Gallery\",\"isPartOf\":{\"@id\":\"https:\/\/ifergangallery.com\/#website\"},\"primaryImageOfPage\":{\"@id\":\"https:\/\/ifergangallery.com\/es\/piece\/cabeza-romana-de-menandro-en-marmol-s-i-ii-d-c\/#primaryimage\"},\"datePublished\":\"2024-11-12T15:26:59+00:00\",\"dateModified\":\"2026-02-03T13:46:25+00:00\",\"breadcrumb\":{\"@id\":\"https:\/\/ifergangallery.com\/es\/piece\/cabeza-romana-de-menandro-en-marmol-s-i-ii-d-c\/#breadcrumb\"},\"inLanguage\":\"es\",\"potentialAction\":[{\"@type\":\"ReadAction\",\"target\":[\"https:\/\/ifergangallery.com\/es\/piece\/cabeza-romana-de-menandro-en-marmol-s-i-ii-d-c\/\"]}]},{\"@type\":\"BreadcrumbList\",\"@id\":\"https:\/\/ifergangallery.com\/es\/piece\/cabeza-romana-de-menandro-en-marmol-s-i-ii-d-c\/#breadcrumb\",\"itemListElement\":[{\"@type\":\"ListItem\",\"position\":1,\"name\":\"Home\",\"item\":\"https:\/\/ifergangallery.com\/es\/\"},{\"@type\":\"ListItem\",\"position\":2,\"name\":\"Works of art\",\"item\":\"https:\/\/ifergangallery.com\/es\/works_of_art\/\"},{\"@type\":\"ListItem\",\"position\":3,\"name\":\"Cabeza romana de Menandro en m\\u00e1rmol, S. I-II d. C.\"}]}]}<\/script>\n<!-- \/ Yoast SEO Premium plugin. -->","yoast_head_json":{"title":"Cabeza romana de Menandro en m\u00e1rmol, S. I-II d. C. &ndash; Ifergan Gallery","robots":{"index":"index","follow":"follow","max-snippet":"max-snippet:-1","max-image-preview":"max-image-preview:large","max-video-preview":"max-video-preview:-1"},"canonical":"https:\/\/ifergangallery.com\/es\/piece\/cabeza-romana-de-menandro-en-marmol-s-i-ii-d-c\/","og_locale":"es_ES","og_type":"article","og_title":"Cabeza romana de Menandro en m\u00e1rmol, S. I-II d. C.","og_description":"Este es un retrato de Menandro basado en un griego original de alrededor del a\u00f1o 300 a. C. Sus labios se curvan en las comisuras, tiene los p\u00f3mulos altos, los ojos grandes y almendrados bajo una l\u00ednea de cejas fruncidas, la frente arrugada y el cabello cae en horribles rizos caracter\u00edsticos a la izquierda de &hellip; Cabeza romana de Menandro en m\u00e1rmol, S. I-II d. C. Leer m\u00e1s &raquo;","og_url":"https:\/\/ifergangallery.com\/es\/piece\/cabeza-romana-de-menandro-en-marmol-s-i-ii-d-c\/","og_site_name":"Ifergan Gallery","article_publisher":"https:\/\/www.facebook.com\/Ifergancollectionmalaga","article_modified_time":"2026-02-03T13:46:25+00:00","og_image":[{"width":2560,"height":1707,"url":"https:\/\/ifergangallery.com\/wp-content\/uploads\/2024\/11\/ars032-15-1-scaled.jpg","type":"image\/jpeg"}],"twitter_card":"summary_large_image","twitter_site":"@Ifergangallery","twitter_misc":{"Tiempo de lectura":"2 minutos"},"schema":{"@context":"https:\/\/schema.org","@graph":[{"@type":"Organization","@id":"https:\/\/ifergangallery.com\/#organization","name":"Ifergan Gallery","url":"https:\/\/ifergangallery.com\/","sameAs":["https:\/\/www.facebook.com\/Ifergancollectionmalaga","https:\/\/www.instagram.com\/ifergangallery\/","https:\/\/www.youtube.com\/channel\/UC2O2zZ9BJKhbUFOnu_5mE3g","https:\/\/twitter.com\/Ifergangallery"],"logo":{"@type":"ImageObject","@id":"https:\/\/ifergangallery.com\/#logo","inLanguage":"es","url":"https:\/\/ifergangallery.com\/wp-content\/uploads\/2021\/09\/Imagotipo_blanco-e1637271379231.png","contentUrl":"https:\/\/ifergangallery.com\/wp-content\/uploads\/2021\/09\/Imagotipo_blanco-e1637271379231.png","width":1920,"height":1065,"caption":"Ifergan Gallery"},"image":{"@id":"https:\/\/ifergangallery.com\/#logo"}},{"@type":"WebSite","@id":"https:\/\/ifergangallery.com\/#website","url":"https:\/\/ifergangallery.com\/","name":"Ifergan Gallery","description":"Ancient Art Gallery","publisher":{"@id":"https:\/\/ifergangallery.com\/#organization"},"potentialAction":[{"@type":"SearchAction","target":{"@type":"EntryPoint","urlTemplate":"https:\/\/ifergangallery.com\/?s={search_term_string}"},"query-input":"required name=search_term_string"}],"inLanguage":"es"},{"@type":"ImageObject","@id":"https:\/\/ifergangallery.com\/es\/piece\/cabeza-romana-de-menandro-en-marmol-s-i-ii-d-c\/#primaryimage","inLanguage":"es","url":"https:\/\/ifergangallery.com\/wp-content\/uploads\/2024\/11\/ars032-15-1-scaled.jpg","contentUrl":"https:\/\/ifergangallery.com\/wp-content\/uploads\/2024\/11\/ars032-15-1-scaled.jpg","width":2560,"height":1707},{"@type":"WebPage","@id":"https:\/\/ifergangallery.com\/es\/piece\/cabeza-romana-de-menandro-en-marmol-s-i-ii-d-c\/#webpage","url":"https:\/\/ifergangallery.com\/es\/piece\/cabeza-romana-de-menandro-en-marmol-s-i-ii-d-c\/","name":"Cabeza romana de Menandro en m\u00e1rmol, S. I-II d. C. &ndash; Ifergan Gallery","isPartOf":{"@id":"https:\/\/ifergangallery.com\/#website"},"primaryImageOfPage":{"@id":"https:\/\/ifergangallery.com\/es\/piece\/cabeza-romana-de-menandro-en-marmol-s-i-ii-d-c\/#primaryimage"},"datePublished":"2024-11-12T15:26:59+00:00","dateModified":"2026-02-03T13:46:25+00:00","breadcrumb":{"@id":"https:\/\/ifergangallery.com\/es\/piece\/cabeza-romana-de-menandro-en-marmol-s-i-ii-d-c\/#breadcrumb"},"inLanguage":"es","potentialAction":[{"@type":"ReadAction","target":["https:\/\/ifergangallery.com\/es\/piece\/cabeza-romana-de-menandro-en-marmol-s-i-ii-d-c\/"]}]},{"@type":"BreadcrumbList","@id":"https:\/\/ifergangallery.com\/es\/piece\/cabeza-romana-de-menandro-en-marmol-s-i-ii-d-c\/#breadcrumb","itemListElement":[{"@type":"ListItem","position":1,"name":"Home","item":"https:\/\/ifergangallery.com\/es\/"},{"@type":"ListItem","position":2,"name":"Works of art","item":"https:\/\/ifergangallery.com\/es\/works_of_art\/"},{"@type":"ListItem","position":3,"name":"Cabeza romana de Menandro en m\u00e1rmol, S. I-II d. C."}]}]}},"_links":{"self":[{"href":"https:\/\/ifergangallery.com\/es\/wp-json\/wp\/v2\/product\/4357"}],"collection":[{"href":"https:\/\/ifergangallery.com\/es\/wp-json\/wp\/v2\/product"}],"about":[{"href":"https:\/\/ifergangallery.com\/es\/wp-json\/wp\/v2\/types\/product"}],"replies":[{"embeddable":true,"href":"https:\/\/ifergangallery.com\/es\/wp-json\/wp\/v2\/comments?post=4357"}],"wp:featuredmedia":[{"embeddable":true,"href":"https:\/\/ifergangallery.com\/es\/wp-json\/wp\/v2\/media\/15754"}],"wp:attachment":[{"href":"https:\/\/ifergangallery.com\/es\/wp-json\/wp\/v2\/media?parent=4357"}],"wp:term":[{"taxonomy":"product_cat","embeddable":true,"href":"https:\/\/ifergangallery.com\/es\/wp-json\/wp\/v2\/product_cat?post=4357"},{"taxonomy":"product_tag","embeddable":true,"href":"https:\/\/ifergangallery.com\/es\/wp-json\/wp\/v2\/product_tag?post=4357"}],"curies":[{"name":"wp","href":"https:\/\/api.w.org\/{rel}","templated":true}]}}