{"id":4403,"date":"2026-02-09T15:32:24","date_gmt":"2026-02-09T15:32:24","guid":{"rendered":"https:\/\/snackjerusalem.com\/piece\/oinochoe-fenicio-de-pasta-de-vidrio-con-nucleo-de-arena-600-400-a-c\/"},"modified":"2026-02-13T13:04:21","modified_gmt":"2026-02-13T13:04:21","slug":"oinochoe-fenicio-de-pasta-de-vidrio-con-nucleo-de-arena-600-400-a-c","status":"publish","type":"product","link":"https:\/\/ifergangallery.com\/es\/piece\/oinochoe-fenicio-de-pasta-de-vidrio-con-nucleo-de-arena-600-400-a-c\/","title":{"rendered":"Oinochoe fenicio de pasta v\u00edtrea, 600-400 a.C."},"content":{"rendered":"<p style=\"text-align: justify;\"><span dir=\"auto\" style=\"vertical-align: inherit;\"><span dir=\"auto\" style=\"vertical-align: inherit;\">Oinochoe fenicio de vidrio moldeado con n\u00facleo de arena con bandas y motivos en zig-zag en blanco y negro. Cuerpo ovoide con labio trilobulado, pie ensanchado y asa arqueada.<\/span><\/span><\/p>\n<p style=\"text-align: justify;\"><span dir=\"auto\" style=\"vertical-align: inherit;\"><span dir=\"auto\" style=\"vertical-align: inherit;\">Este tipo de piezas se llevaban a cabo con una t\u00e9cnica que ya aparece documentada a mediados del II Milenio, la cual permit\u00eda obtener recipientes peque\u00f1os y de boca estrecha. Requer\u00eda de un tratamiento muy espec\u00edfico que obligaba a recalentar la pieza varias veces, para posteriormente retirar elementos como el puntel o la arena que ayudaban a darle la forma deseada: el primer paso era modelar un n\u00facleo de arena y humedecerlo o envolverlo en tela para, a partir de \u00e9l, colocar en el crisol la extremidad del puntel, consiguiendo as\u00ed que la pieza quedese rodeada por una capa de vidrio fundido. El segundo paso era hacer rodar la pieza sobre una superficie plana para darle forma, para posteriormente a\u00f1adir hilos de vidrio de distintos colores que decoran la pieza, haci\u00e9ndola de nuevo rodar para que estos \u00faltimos se adhiriesen. Despu\u00e9s, se proced\u00eda a trazar la decoraci\u00f3n mediante un punz\u00f3n met\u00e1lico, hasta finalmente a\u00f1adir las partes adicionales, como el asa, el pie o la boca.<\/span><\/span><\/p>\n<p style=\"text-align: justify;\"><span dir=\"auto\" style=\"vertical-align: inherit;\"><span dir=\"auto\" style=\"vertical-align: inherit;\">Este tipo de recipientes se utilizaba para perfumes y ung\u00fcentos, destacando su exquisitez y el poder adquisitivo de sus usuarios, ya que era algo a lo que no toda la poblaci\u00f3n pod\u00eda acceder. Tuvieron una gran distribuci\u00f3n por toda la cuenca mediterr\u00e1nea hasta el Mar Negro. No se sabe claramente su uso, aunque probablemente fueran destinadas a un uso funerario, simb\u00f3lico, destinadas a introducirse como ofrenda en el interior de las tumbas.<\/span><\/span><\/p>","protected":false},"excerpt":{"rendered":"<p>Oinochoe fenicio de vidrio moldeado con n\u00facleo de arena con bandas y motivos en zig-zag en blanco y negro. Cuerpo ovoide con labio trilobulado, pie ensanchado y asa arqueada. Este tipo de piezas se llevaban a cabo con una t\u00e9cnica que ya aparece documentada a mediados del II Milenio, la cual permit\u00eda obtener recipientes peque\u00f1os &hellip;<\/p>\n<p class=\"read-more\"> <a class=\"\" href=\"https:\/\/ifergangallery.com\/es\/piece\/oinochoe-fenicio-de-pasta-de-vidrio-con-nucleo-de-arena-600-400-a-c\/\"> <span class=\"screen-reader-text\">Oinochoe fenicio de pasta v\u00edtrea, 600-400 a.C.<\/span> Leer m\u00e1s &raquo;<\/a><\/p>","protected":false},"featured_media":14572,"comment_status":"closed","ping_status":"closed","template":"","meta":{"spay_email":""},"product_cat":[261],"product_tag":[820,807],"yoast_head":"<!-- This site is optimized with the Yoast SEO Premium plugin v17.6 (Yoast SEO v17.6) - https:\/\/yoast.com\/wordpress\/plugins\/seo\/ -->\n<title>Oinochoe fenicio de pasta v\u00edtrea, 600-400 a.C. &ndash; Ifergan Gallery<\/title>\n<meta name=\"robots\" content=\"index, follow, max-snippet:-1, max-image-preview:large, max-video-preview:-1\" \/>\n<link rel=\"canonical\" href=\"https:\/\/ifergangallery.com\/es\/piece\/oinochoe-fenicio-de-pasta-de-vidrio-con-nucleo-de-arena-600-400-a-c\/\" \/>\n<meta property=\"og:locale\" content=\"es_ES\" \/>\n<meta property=\"og:type\" content=\"article\" \/>\n<meta property=\"og:title\" content=\"Oinochoe fenicio de pasta v\u00edtrea, 600-400 a.C.\" \/>\n<meta property=\"og:description\" content=\"Oinochoe fenicio de vidrio moldeado con n\u00facleo de arena con bandas y motivos en zig-zag en blanco y negro. Cuerpo ovoide con labio trilobulado, pie ensanchado y asa arqueada. Este tipo de piezas se llevaban a cabo con una t\u00e9cnica que ya aparece documentada a mediados del II Milenio, la cual permit\u00eda obtener recipientes peque\u00f1os &hellip; Oinochoe fenicio de pasta v\u00edtrea, 600-400 a.C. Leer m\u00e1s &raquo;\" \/>\n<meta property=\"og:url\" content=\"https:\/\/ifergangallery.com\/es\/piece\/oinochoe-fenicio-de-pasta-de-vidrio-con-nucleo-de-arena-600-400-a-c\/\" \/>\n<meta property=\"og:site_name\" content=\"Ifergan Gallery\" \/>\n<meta property=\"article:publisher\" content=\"https:\/\/www.facebook.com\/Ifergancollectionmalaga\" \/>\n<meta property=\"article:modified_time\" content=\"2026-02-13T13:04:21+00:00\" \/>\n<meta property=\"og:image\" content=\"https:\/\/ifergangallery.com\/wp-content\/uploads\/2021\/10\/r37120-13.jpg\" \/>\n\t<meta property=\"og:image:width\" content=\"2436\" \/>\n\t<meta property=\"og:image:height\" content=\"2436\" \/>\n<meta name=\"twitter:card\" content=\"summary_large_image\" \/>\n<meta name=\"twitter:site\" content=\"@Ifergangallery\" \/>\n<meta name=\"twitter:label1\" content=\"Tiempo de lectura\" \/>\n\t<meta name=\"twitter:data1\" content=\"2 minutos\" \/>\n<script type=\"application\/ld+json\" class=\"yoast-schema-graph\">{\"@context\":\"https:\/\/schema.org\",\"@graph\":[{\"@type\":\"Organization\",\"@id\":\"https:\/\/ifergangallery.com\/#organization\",\"name\":\"Ifergan Gallery\",\"url\":\"https:\/\/ifergangallery.com\/\",\"sameAs\":[\"https:\/\/www.facebook.com\/Ifergancollectionmalaga\",\"https:\/\/www.instagram.com\/ifergangallery\/\",\"https:\/\/www.youtube.com\/channel\/UC2O2zZ9BJKhbUFOnu_5mE3g\",\"https:\/\/twitter.com\/Ifergangallery\"],\"logo\":{\"@type\":\"ImageObject\",\"@id\":\"https:\/\/ifergangallery.com\/#logo\",\"inLanguage\":\"es\",\"url\":\"https:\/\/ifergangallery.com\/wp-content\/uploads\/2021\/09\/Imagotipo_blanco-e1637271379231.png\",\"contentUrl\":\"https:\/\/ifergangallery.com\/wp-content\/uploads\/2021\/09\/Imagotipo_blanco-e1637271379231.png\",\"width\":1920,\"height\":1065,\"caption\":\"Ifergan Gallery\"},\"image\":{\"@id\":\"https:\/\/ifergangallery.com\/#logo\"}},{\"@type\":\"WebSite\",\"@id\":\"https:\/\/ifergangallery.com\/#website\",\"url\":\"https:\/\/ifergangallery.com\/\",\"name\":\"Ifergan Gallery\",\"description\":\"Ancient Art Gallery\",\"publisher\":{\"@id\":\"https:\/\/ifergangallery.com\/#organization\"},\"potentialAction\":[{\"@type\":\"SearchAction\",\"target\":{\"@type\":\"EntryPoint\",\"urlTemplate\":\"https:\/\/ifergangallery.com\/?s={search_term_string}\"},\"query-input\":\"required name=search_term_string\"}],\"inLanguage\":\"es\"},{\"@type\":\"ImageObject\",\"@id\":\"https:\/\/ifergangallery.com\/es\/piece\/oinochoe-fenicio-de-pasta-de-vidrio-con-nucleo-de-arena-600-400-a-c\/#primaryimage\",\"inLanguage\":\"es\",\"url\":\"https:\/\/ifergangallery.com\/wp-content\/uploads\/2021\/10\/r37120-13.jpg\",\"contentUrl\":\"https:\/\/ifergangallery.com\/wp-content\/uploads\/2021\/10\/r37120-13.jpg\",\"width\":2436,\"height\":2436},{\"@type\":\"WebPage\",\"@id\":\"https:\/\/ifergangallery.com\/es\/piece\/oinochoe-fenicio-de-pasta-de-vidrio-con-nucleo-de-arena-600-400-a-c\/#webpage\",\"url\":\"https:\/\/ifergangallery.com\/es\/piece\/oinochoe-fenicio-de-pasta-de-vidrio-con-nucleo-de-arena-600-400-a-c\/\",\"name\":\"Oinochoe fenicio de pasta v\\u00edtrea, 600-400 a.C. &ndash; Ifergan Gallery\",\"isPartOf\":{\"@id\":\"https:\/\/ifergangallery.com\/#website\"},\"primaryImageOfPage\":{\"@id\":\"https:\/\/ifergangallery.com\/es\/piece\/oinochoe-fenicio-de-pasta-de-vidrio-con-nucleo-de-arena-600-400-a-c\/#primaryimage\"},\"datePublished\":\"2026-02-09T15:32:24+00:00\",\"dateModified\":\"2026-02-13T13:04:21+00:00\",\"breadcrumb\":{\"@id\":\"https:\/\/ifergangallery.com\/es\/piece\/oinochoe-fenicio-de-pasta-de-vidrio-con-nucleo-de-arena-600-400-a-c\/#breadcrumb\"},\"inLanguage\":\"es\",\"potentialAction\":[{\"@type\":\"ReadAction\",\"target\":[\"https:\/\/ifergangallery.com\/es\/piece\/oinochoe-fenicio-de-pasta-de-vidrio-con-nucleo-de-arena-600-400-a-c\/\"]}]},{\"@type\":\"BreadcrumbList\",\"@id\":\"https:\/\/ifergangallery.com\/es\/piece\/oinochoe-fenicio-de-pasta-de-vidrio-con-nucleo-de-arena-600-400-a-c\/#breadcrumb\",\"itemListElement\":[{\"@type\":\"ListItem\",\"position\":1,\"name\":\"Home\",\"item\":\"https:\/\/ifergangallery.com\/es\/\"},{\"@type\":\"ListItem\",\"position\":2,\"name\":\"Works of art\",\"item\":\"https:\/\/ifergangallery.com\/es\/works_of_art\/\"},{\"@type\":\"ListItem\",\"position\":3,\"name\":\"Oinochoe fenicio de pasta v\\u00edtrea, 600-400 a.C.\"}]}]}<\/script>\n<!-- \/ Yoast SEO Premium plugin. -->","yoast_head_json":{"title":"Oinochoe fenicio de pasta v\u00edtrea, 600-400 a.C. &ndash; Ifergan Gallery","robots":{"index":"index","follow":"follow","max-snippet":"max-snippet:-1","max-image-preview":"max-image-preview:large","max-video-preview":"max-video-preview:-1"},"canonical":"https:\/\/ifergangallery.com\/es\/piece\/oinochoe-fenicio-de-pasta-de-vidrio-con-nucleo-de-arena-600-400-a-c\/","og_locale":"es_ES","og_type":"article","og_title":"Oinochoe fenicio de pasta v\u00edtrea, 600-400 a.C.","og_description":"Oinochoe fenicio de vidrio moldeado con n\u00facleo de arena con bandas y motivos en zig-zag en blanco y negro. Cuerpo ovoide con labio trilobulado, pie ensanchado y asa arqueada. Este tipo de piezas se llevaban a cabo con una t\u00e9cnica que ya aparece documentada a mediados del II Milenio, la cual permit\u00eda obtener recipientes peque\u00f1os &hellip; Oinochoe fenicio de pasta v\u00edtrea, 600-400 a.C. Leer m\u00e1s &raquo;","og_url":"https:\/\/ifergangallery.com\/es\/piece\/oinochoe-fenicio-de-pasta-de-vidrio-con-nucleo-de-arena-600-400-a-c\/","og_site_name":"Ifergan Gallery","article_publisher":"https:\/\/www.facebook.com\/Ifergancollectionmalaga","article_modified_time":"2026-02-13T13:04:21+00:00","og_image":[{"width":2436,"height":2436,"url":"https:\/\/ifergangallery.com\/wp-content\/uploads\/2021\/10\/r37120-13.jpg","type":"image\/jpeg"}],"twitter_card":"summary_large_image","twitter_site":"@Ifergangallery","twitter_misc":{"Tiempo de lectura":"2 minutos"},"schema":{"@context":"https:\/\/schema.org","@graph":[{"@type":"Organization","@id":"https:\/\/ifergangallery.com\/#organization","name":"Ifergan Gallery","url":"https:\/\/ifergangallery.com\/","sameAs":["https:\/\/www.facebook.com\/Ifergancollectionmalaga","https:\/\/www.instagram.com\/ifergangallery\/","https:\/\/www.youtube.com\/channel\/UC2O2zZ9BJKhbUFOnu_5mE3g","https:\/\/twitter.com\/Ifergangallery"],"logo":{"@type":"ImageObject","@id":"https:\/\/ifergangallery.com\/#logo","inLanguage":"es","url":"https:\/\/ifergangallery.com\/wp-content\/uploads\/2021\/09\/Imagotipo_blanco-e1637271379231.png","contentUrl":"https:\/\/ifergangallery.com\/wp-content\/uploads\/2021\/09\/Imagotipo_blanco-e1637271379231.png","width":1920,"height":1065,"caption":"Ifergan Gallery"},"image":{"@id":"https:\/\/ifergangallery.com\/#logo"}},{"@type":"WebSite","@id":"https:\/\/ifergangallery.com\/#website","url":"https:\/\/ifergangallery.com\/","name":"Ifergan Gallery","description":"Ancient Art Gallery","publisher":{"@id":"https:\/\/ifergangallery.com\/#organization"},"potentialAction":[{"@type":"SearchAction","target":{"@type":"EntryPoint","urlTemplate":"https:\/\/ifergangallery.com\/?s={search_term_string}"},"query-input":"required name=search_term_string"}],"inLanguage":"es"},{"@type":"ImageObject","@id":"https:\/\/ifergangallery.com\/es\/piece\/oinochoe-fenicio-de-pasta-de-vidrio-con-nucleo-de-arena-600-400-a-c\/#primaryimage","inLanguage":"es","url":"https:\/\/ifergangallery.com\/wp-content\/uploads\/2021\/10\/r37120-13.jpg","contentUrl":"https:\/\/ifergangallery.com\/wp-content\/uploads\/2021\/10\/r37120-13.jpg","width":2436,"height":2436},{"@type":"WebPage","@id":"https:\/\/ifergangallery.com\/es\/piece\/oinochoe-fenicio-de-pasta-de-vidrio-con-nucleo-de-arena-600-400-a-c\/#webpage","url":"https:\/\/ifergangallery.com\/es\/piece\/oinochoe-fenicio-de-pasta-de-vidrio-con-nucleo-de-arena-600-400-a-c\/","name":"Oinochoe fenicio de pasta v\u00edtrea, 600-400 a.C. &ndash; Ifergan Gallery","isPartOf":{"@id":"https:\/\/ifergangallery.com\/#website"},"primaryImageOfPage":{"@id":"https:\/\/ifergangallery.com\/es\/piece\/oinochoe-fenicio-de-pasta-de-vidrio-con-nucleo-de-arena-600-400-a-c\/#primaryimage"},"datePublished":"2026-02-09T15:32:24+00:00","dateModified":"2026-02-13T13:04:21+00:00","breadcrumb":{"@id":"https:\/\/ifergangallery.com\/es\/piece\/oinochoe-fenicio-de-pasta-de-vidrio-con-nucleo-de-arena-600-400-a-c\/#breadcrumb"},"inLanguage":"es","potentialAction":[{"@type":"ReadAction","target":["https:\/\/ifergangallery.com\/es\/piece\/oinochoe-fenicio-de-pasta-de-vidrio-con-nucleo-de-arena-600-400-a-c\/"]}]},{"@type":"BreadcrumbList","@id":"https:\/\/ifergangallery.com\/es\/piece\/oinochoe-fenicio-de-pasta-de-vidrio-con-nucleo-de-arena-600-400-a-c\/#breadcrumb","itemListElement":[{"@type":"ListItem","position":1,"name":"Home","item":"https:\/\/ifergangallery.com\/es\/"},{"@type":"ListItem","position":2,"name":"Works of art","item":"https:\/\/ifergangallery.com\/es\/works_of_art\/"},{"@type":"ListItem","position":3,"name":"Oinochoe fenicio de pasta v\u00edtrea, 600-400 a.C."}]}]}},"_links":{"self":[{"href":"https:\/\/ifergangallery.com\/es\/wp-json\/wp\/v2\/product\/4403"}],"collection":[{"href":"https:\/\/ifergangallery.com\/es\/wp-json\/wp\/v2\/product"}],"about":[{"href":"https:\/\/ifergangallery.com\/es\/wp-json\/wp\/v2\/types\/product"}],"replies":[{"embeddable":true,"href":"https:\/\/ifergangallery.com\/es\/wp-json\/wp\/v2\/comments?post=4403"}],"wp:featuredmedia":[{"embeddable":true,"href":"https:\/\/ifergangallery.com\/es\/wp-json\/wp\/v2\/media\/14572"}],"wp:attachment":[{"href":"https:\/\/ifergangallery.com\/es\/wp-json\/wp\/v2\/media?parent=4403"}],"wp:term":[{"taxonomy":"product_cat","embeddable":true,"href":"https:\/\/ifergangallery.com\/es\/wp-json\/wp\/v2\/product_cat?post=4403"},{"taxonomy":"product_tag","embeddable":true,"href":"https:\/\/ifergangallery.com\/es\/wp-json\/wp\/v2\/product_tag?post=4403"}],"curies":[{"name":"wp","href":"https:\/\/api.w.org\/{rel}","templated":true}]}}