{"id":4435,"date":"2021-10-21T15:36:17","date_gmt":"2021-10-21T15:36:17","guid":{"rendered":"https:\/\/snackjerusalem.com\/piece\/escultura-romana-de-la-diosa-venus-en-marmol-s-ii-i-a-c\/"},"modified":"2024-11-06T12:48:32","modified_gmt":"2024-11-06T12:48:32","slug":"escultura-romana-de-la-diosa-venus-en-marmol-s-ii-i-a-c","status":"publish","type":"product","link":"https:\/\/ifergangallery.com\/es\/piece\/escultura-romana-de-la-diosa-venus-en-marmol-s-ii-i-a-c\/","title":{"rendered":"Figura romana en m\u00e1rmol que representa a la diosa &#8220;Venus&#8221;, Siglo I-II d.C."},"content":{"rendered":"<p style=\"text-align: justify;\">La diosa est\u00e1 de pie con el peso sobre la pierna izquierda, la pierna derecha doblada, un manto atado alrededor de la parte inferior de sus caderas y cayendo en gruesos pliegues, la cabeza girada hacia su izquierda con su exuberante cabello ondulado con raya al centro, atado libremente y recogido en un mo\u00f1o en la nuca, los mechones sueltos cayendo sobre su espalda, sobre plinto integral. Venus en la mitolog\u00eda romana y Afrodita en la griega es la diosa del amor, la lujuria y la belleza. Era una diosa conocida por su belleza y sus infidelidades, as\u00ed como por su ira y sus maldiciones cuando alguien la ofend\u00eda o la honraba. Esta deidad desempe\u00f1aba un papel importante en las fiestas religiosas y los mitos de Roma, y ten\u00eda una conexi\u00f3n especial con los jardines y los campos.<\/p>\n<p>&nbsp;<\/p>\n<p>&nbsp;<\/p>","protected":false},"excerpt":{"rendered":"<p>La diosa est\u00e1 de pie con el peso sobre la pierna izquierda, la pierna derecha doblada, un manto atado alrededor de la parte inferior de sus caderas y cayendo en gruesos pliegues, la cabeza girada hacia su izquierda con su exuberante cabello ondulado con raya al centro, atado libremente y recogido en un mo\u00f1o en &hellip;<\/p>\n<p class=\"read-more\"> <a class=\"\" href=\"https:\/\/ifergangallery.com\/es\/piece\/escultura-romana-de-la-diosa-venus-en-marmol-s-ii-i-a-c\/\"> <span class=\"screen-reader-text\">Figura romana en m\u00e1rmol que representa a la diosa &#8220;Venus&#8221;, Siglo I-II d.C.<\/span> Leer m\u00e1s &raquo;<\/a><\/p>","protected":false},"featured_media":10142,"comment_status":"closed","ping_status":"closed","template":"","meta":{"spay_email":""},"product_cat":[112,490],"product_tag":[271,802,279],"yoast_head":"<!-- This site is optimized with the Yoast SEO Premium plugin v17.6 (Yoast SEO v17.6) - https:\/\/yoast.com\/wordpress\/plugins\/seo\/ -->\n<title>Figura romana en m\u00e1rmol que representa a la diosa &quot;Venus&quot;, Siglo I-II d.C. &ndash; Ifergan Gallery<\/title>\n<meta name=\"robots\" content=\"index, follow, max-snippet:-1, max-image-preview:large, max-video-preview:-1\" \/>\n<link rel=\"canonical\" href=\"https:\/\/ifergangallery.com\/es\/piece\/escultura-romana-de-la-diosa-venus-en-marmol-s-ii-i-a-c\/\" \/>\n<meta property=\"og:locale\" content=\"es_ES\" \/>\n<meta property=\"og:type\" content=\"article\" \/>\n<meta property=\"og:title\" content=\"Figura romana en m\u00e1rmol que representa a la diosa &quot;Venus&quot;, Siglo I-II d.C.\" \/>\n<meta property=\"og:description\" content=\"La diosa est\u00e1 de pie con el peso sobre la pierna izquierda, la pierna derecha doblada, un manto atado alrededor de la parte inferior de sus caderas y cayendo en gruesos pliegues, la cabeza girada hacia su izquierda con su exuberante cabello ondulado con raya al centro, atado libremente y recogido en un mo\u00f1o en &hellip; Figura romana en m\u00e1rmol que representa a la diosa &#8220;Venus&#8221;, Siglo I-II d.C. Leer m\u00e1s &raquo;\" \/>\n<meta property=\"og:url\" content=\"https:\/\/ifergangallery.com\/es\/piece\/escultura-romana-de-la-diosa-venus-en-marmol-s-ii-i-a-c\/\" \/>\n<meta property=\"og:site_name\" content=\"Ifergan Gallery\" \/>\n<meta property=\"article:publisher\" content=\"https:\/\/www.facebook.com\/Ifergancollectionmalaga\" \/>\n<meta property=\"article:modified_time\" content=\"2024-11-06T12:48:32+00:00\" \/>\n<meta property=\"og:image\" content=\"https:\/\/ifergangallery.com\/wp-content\/uploads\/2021\/10\/chr031-1-5-scaled.jpg\" \/>\n\t<meta property=\"og:image:width\" content=\"2560\" \/>\n\t<meta property=\"og:image:height\" content=\"2560\" \/>\n<meta name=\"twitter:card\" content=\"summary_large_image\" \/>\n<meta name=\"twitter:site\" content=\"@Ifergangallery\" \/>\n<meta name=\"twitter:label1\" content=\"Tiempo de lectura\" \/>\n\t<meta name=\"twitter:data1\" content=\"1 minuto\" \/>\n<script type=\"application\/ld+json\" class=\"yoast-schema-graph\">{\"@context\":\"https:\/\/schema.org\",\"@graph\":[{\"@type\":\"Organization\",\"@id\":\"https:\/\/ifergangallery.com\/#organization\",\"name\":\"Ifergan Gallery\",\"url\":\"https:\/\/ifergangallery.com\/\",\"sameAs\":[\"https:\/\/www.facebook.com\/Ifergancollectionmalaga\",\"https:\/\/www.instagram.com\/ifergangallery\/\",\"https:\/\/www.youtube.com\/channel\/UC2O2zZ9BJKhbUFOnu_5mE3g\",\"https:\/\/twitter.com\/Ifergangallery\"],\"logo\":{\"@type\":\"ImageObject\",\"@id\":\"https:\/\/ifergangallery.com\/#logo\",\"inLanguage\":\"es\",\"url\":\"https:\/\/ifergangallery.com\/wp-content\/uploads\/2021\/09\/Imagotipo_blanco-e1637271379231.png\",\"contentUrl\":\"https:\/\/ifergangallery.com\/wp-content\/uploads\/2021\/09\/Imagotipo_blanco-e1637271379231.png\",\"width\":1920,\"height\":1065,\"caption\":\"Ifergan Gallery\"},\"image\":{\"@id\":\"https:\/\/ifergangallery.com\/#logo\"}},{\"@type\":\"WebSite\",\"@id\":\"https:\/\/ifergangallery.com\/#website\",\"url\":\"https:\/\/ifergangallery.com\/\",\"name\":\"Ifergan Gallery\",\"description\":\"Ancient Art Gallery\",\"publisher\":{\"@id\":\"https:\/\/ifergangallery.com\/#organization\"},\"potentialAction\":[{\"@type\":\"SearchAction\",\"target\":{\"@type\":\"EntryPoint\",\"urlTemplate\":\"https:\/\/ifergangallery.com\/?s={search_term_string}\"},\"query-input\":\"required name=search_term_string\"}],\"inLanguage\":\"es\"},{\"@type\":\"ImageObject\",\"@id\":\"https:\/\/ifergangallery.com\/es\/piece\/escultura-romana-de-la-diosa-venus-en-marmol-s-ii-i-a-c\/#primaryimage\",\"inLanguage\":\"es\",\"url\":\"https:\/\/ifergangallery.com\/wp-content\/uploads\/2021\/10\/chr031-1-5-scaled.jpg\",\"contentUrl\":\"https:\/\/ifergangallery.com\/wp-content\/uploads\/2021\/10\/chr031-1-5-scaled.jpg\",\"width\":2560,\"height\":2560},{\"@type\":\"WebPage\",\"@id\":\"https:\/\/ifergangallery.com\/es\/piece\/escultura-romana-de-la-diosa-venus-en-marmol-s-ii-i-a-c\/#webpage\",\"url\":\"https:\/\/ifergangallery.com\/es\/piece\/escultura-romana-de-la-diosa-venus-en-marmol-s-ii-i-a-c\/\",\"name\":\"Figura romana en m\\u00e1rmol que representa a la diosa \\\"Venus\\\", Siglo I-II d.C. &ndash; Ifergan Gallery\",\"isPartOf\":{\"@id\":\"https:\/\/ifergangallery.com\/#website\"},\"primaryImageOfPage\":{\"@id\":\"https:\/\/ifergangallery.com\/es\/piece\/escultura-romana-de-la-diosa-venus-en-marmol-s-ii-i-a-c\/#primaryimage\"},\"datePublished\":\"2021-10-21T15:36:17+00:00\",\"dateModified\":\"2024-11-06T12:48:32+00:00\",\"breadcrumb\":{\"@id\":\"https:\/\/ifergangallery.com\/es\/piece\/escultura-romana-de-la-diosa-venus-en-marmol-s-ii-i-a-c\/#breadcrumb\"},\"inLanguage\":\"es\",\"potentialAction\":[{\"@type\":\"ReadAction\",\"target\":[\"https:\/\/ifergangallery.com\/es\/piece\/escultura-romana-de-la-diosa-venus-en-marmol-s-ii-i-a-c\/\"]}]},{\"@type\":\"BreadcrumbList\",\"@id\":\"https:\/\/ifergangallery.com\/es\/piece\/escultura-romana-de-la-diosa-venus-en-marmol-s-ii-i-a-c\/#breadcrumb\",\"itemListElement\":[{\"@type\":\"ListItem\",\"position\":1,\"name\":\"Home\",\"item\":\"https:\/\/ifergangallery.com\/es\/\"},{\"@type\":\"ListItem\",\"position\":2,\"name\":\"Works of art\",\"item\":\"https:\/\/ifergangallery.com\/es\/works_of_art\/\"},{\"@type\":\"ListItem\",\"position\":3,\"name\":\"Figura romana en m\\u00e1rmol que representa a la diosa &#8220;Venus&#8221;, Siglo I-II d.C.\"}]}]}<\/script>\n<!-- \/ Yoast SEO Premium plugin. -->","yoast_head_json":{"title":"Figura romana en m\u00e1rmol que representa a la diosa \"Venus\", Siglo I-II d.C. &ndash; Ifergan Gallery","robots":{"index":"index","follow":"follow","max-snippet":"max-snippet:-1","max-image-preview":"max-image-preview:large","max-video-preview":"max-video-preview:-1"},"canonical":"https:\/\/ifergangallery.com\/es\/piece\/escultura-romana-de-la-diosa-venus-en-marmol-s-ii-i-a-c\/","og_locale":"es_ES","og_type":"article","og_title":"Figura romana en m\u00e1rmol que representa a la diosa \"Venus\", Siglo I-II d.C.","og_description":"La diosa est\u00e1 de pie con el peso sobre la pierna izquierda, la pierna derecha doblada, un manto atado alrededor de la parte inferior de sus caderas y cayendo en gruesos pliegues, la cabeza girada hacia su izquierda con su exuberante cabello ondulado con raya al centro, atado libremente y recogido en un mo\u00f1o en &hellip; Figura romana en m\u00e1rmol que representa a la diosa &#8220;Venus&#8221;, Siglo I-II d.C. Leer m\u00e1s &raquo;","og_url":"https:\/\/ifergangallery.com\/es\/piece\/escultura-romana-de-la-diosa-venus-en-marmol-s-ii-i-a-c\/","og_site_name":"Ifergan Gallery","article_publisher":"https:\/\/www.facebook.com\/Ifergancollectionmalaga","article_modified_time":"2024-11-06T12:48:32+00:00","og_image":[{"width":2560,"height":2560,"url":"https:\/\/ifergangallery.com\/wp-content\/uploads\/2021\/10\/chr031-1-5-scaled.jpg","type":"image\/jpeg"}],"twitter_card":"summary_large_image","twitter_site":"@Ifergangallery","twitter_misc":{"Tiempo de lectura":"1 minuto"},"schema":{"@context":"https:\/\/schema.org","@graph":[{"@type":"Organization","@id":"https:\/\/ifergangallery.com\/#organization","name":"Ifergan Gallery","url":"https:\/\/ifergangallery.com\/","sameAs":["https:\/\/www.facebook.com\/Ifergancollectionmalaga","https:\/\/www.instagram.com\/ifergangallery\/","https:\/\/www.youtube.com\/channel\/UC2O2zZ9BJKhbUFOnu_5mE3g","https:\/\/twitter.com\/Ifergangallery"],"logo":{"@type":"ImageObject","@id":"https:\/\/ifergangallery.com\/#logo","inLanguage":"es","url":"https:\/\/ifergangallery.com\/wp-content\/uploads\/2021\/09\/Imagotipo_blanco-e1637271379231.png","contentUrl":"https:\/\/ifergangallery.com\/wp-content\/uploads\/2021\/09\/Imagotipo_blanco-e1637271379231.png","width":1920,"height":1065,"caption":"Ifergan Gallery"},"image":{"@id":"https:\/\/ifergangallery.com\/#logo"}},{"@type":"WebSite","@id":"https:\/\/ifergangallery.com\/#website","url":"https:\/\/ifergangallery.com\/","name":"Ifergan Gallery","description":"Ancient Art Gallery","publisher":{"@id":"https:\/\/ifergangallery.com\/#organization"},"potentialAction":[{"@type":"SearchAction","target":{"@type":"EntryPoint","urlTemplate":"https:\/\/ifergangallery.com\/?s={search_term_string}"},"query-input":"required name=search_term_string"}],"inLanguage":"es"},{"@type":"ImageObject","@id":"https:\/\/ifergangallery.com\/es\/piece\/escultura-romana-de-la-diosa-venus-en-marmol-s-ii-i-a-c\/#primaryimage","inLanguage":"es","url":"https:\/\/ifergangallery.com\/wp-content\/uploads\/2021\/10\/chr031-1-5-scaled.jpg","contentUrl":"https:\/\/ifergangallery.com\/wp-content\/uploads\/2021\/10\/chr031-1-5-scaled.jpg","width":2560,"height":2560},{"@type":"WebPage","@id":"https:\/\/ifergangallery.com\/es\/piece\/escultura-romana-de-la-diosa-venus-en-marmol-s-ii-i-a-c\/#webpage","url":"https:\/\/ifergangallery.com\/es\/piece\/escultura-romana-de-la-diosa-venus-en-marmol-s-ii-i-a-c\/","name":"Figura romana en m\u00e1rmol que representa a la diosa \"Venus\", Siglo I-II d.C. &ndash; Ifergan Gallery","isPartOf":{"@id":"https:\/\/ifergangallery.com\/#website"},"primaryImageOfPage":{"@id":"https:\/\/ifergangallery.com\/es\/piece\/escultura-romana-de-la-diosa-venus-en-marmol-s-ii-i-a-c\/#primaryimage"},"datePublished":"2021-10-21T15:36:17+00:00","dateModified":"2024-11-06T12:48:32+00:00","breadcrumb":{"@id":"https:\/\/ifergangallery.com\/es\/piece\/escultura-romana-de-la-diosa-venus-en-marmol-s-ii-i-a-c\/#breadcrumb"},"inLanguage":"es","potentialAction":[{"@type":"ReadAction","target":["https:\/\/ifergangallery.com\/es\/piece\/escultura-romana-de-la-diosa-venus-en-marmol-s-ii-i-a-c\/"]}]},{"@type":"BreadcrumbList","@id":"https:\/\/ifergangallery.com\/es\/piece\/escultura-romana-de-la-diosa-venus-en-marmol-s-ii-i-a-c\/#breadcrumb","itemListElement":[{"@type":"ListItem","position":1,"name":"Home","item":"https:\/\/ifergangallery.com\/es\/"},{"@type":"ListItem","position":2,"name":"Works of art","item":"https:\/\/ifergangallery.com\/es\/works_of_art\/"},{"@type":"ListItem","position":3,"name":"Figura romana en m\u00e1rmol que representa a la diosa &#8220;Venus&#8221;, Siglo I-II d.C."}]}]}},"_links":{"self":[{"href":"https:\/\/ifergangallery.com\/es\/wp-json\/wp\/v2\/product\/4435"}],"collection":[{"href":"https:\/\/ifergangallery.com\/es\/wp-json\/wp\/v2\/product"}],"about":[{"href":"https:\/\/ifergangallery.com\/es\/wp-json\/wp\/v2\/types\/product"}],"replies":[{"embeddable":true,"href":"https:\/\/ifergangallery.com\/es\/wp-json\/wp\/v2\/comments?post=4435"}],"wp:featuredmedia":[{"embeddable":true,"href":"https:\/\/ifergangallery.com\/es\/wp-json\/wp\/v2\/media\/10142"}],"wp:attachment":[{"href":"https:\/\/ifergangallery.com\/es\/wp-json\/wp\/v2\/media?parent=4435"}],"wp:term":[{"taxonomy":"product_cat","embeddable":true,"href":"https:\/\/ifergangallery.com\/es\/wp-json\/wp\/v2\/product_cat?post=4435"},{"taxonomy":"product_tag","embeddable":true,"href":"https:\/\/ifergangallery.com\/es\/wp-json\/wp\/v2\/product_tag?post=4435"}],"curies":[{"name":"wp","href":"https:\/\/api.w.org\/{rel}","templated":true}]}}