{"id":4470,"date":"2021-10-21T16:00:10","date_gmt":"2021-10-21T16:00:10","guid":{"rendered":"https:\/\/snackjerusalem.com\/piece\/ladrillo-paleocristiano-con-crismon-representando-la-x-y-la-p-los-simbolos-ocultos-de-los-cristianos-s-v-vi-d-c\/"},"modified":"2025-11-17T10:23:36","modified_gmt":"2025-11-17T10:23:36","slug":"ladrillo-paleocristiano-con-crismon-representando-la-x-y-la-p-los-simbolos-ocultos-de-los-cristianos-s-v-vi-d-c","status":"publish","type":"product","link":"https:\/\/ifergangallery.com\/es\/piece\/ladrillo-paleocristiano-con-crismon-representando-la-x-y-la-p-los-simbolos-ocultos-de-los-cristianos-s-v-vi-d-c\/","title":{"rendered":"Ladrillo paleocristiano con Crism\u00f3n, representando la \u201cX\u201d y la \u201cP\u201d, los  s\u00edmbolos ocultos de los cristianos, S. V-VI d.C."},"content":{"rendered":"<p style=\"text-align: justify;\"><span dir=\"auto\" style=\"vertical-align: inherit;\"><span dir=\"auto\" style=\"vertical-align: inherit;\">Los ladrillos, hechos con moldes manuales para su posterior cocci\u00f3n, pod\u00edan contener una marca o sello, en muchas ocasiones simplemente era la marca del taller, o como en este caso todo un dise\u00f1o religioso. Estos ladrillos se utilizaban en forma de l\u00e1pida para cubrir sepulturas cristianas. En este ladrillo, en la marca del molde observamos el emblema principal del arte paleocristiano, el crism\u00f3n. El crism\u00f3n es una imagen formada por las iniciales de Cristo, la X y la P, emblema sagrado que se utilizaba en el arte oculto y perseguido de la \u00e9poca paleocristiana. Adem\u00e1s, este crism\u00f3n est\u00e1 acompa\u00f1ado por otros dos emblemas religiosos cristianos como son el alfa y el omega, s\u00edmbolo del principio y el fin, encuadrado en dos magn\u00edficas columnas que crean al emblema de cristo su propio templo.<\/span><\/span><\/p>\n<p>&nbsp;<\/p>","protected":false},"excerpt":{"rendered":"<p>Los ladrillos, hechos con moldes manuales para su posterior cocci\u00f3n, pod\u00edan contener una marca o sello, en muchas ocasiones simplemente era la marca del taller, o como en este caso todo un dise\u00f1o religioso. Estos ladrillos se utilizaban en forma de l\u00e1pida para cubrir sepulturas cristianas. En este ladrillo, en la marca del molde observamos &hellip;<\/p>\n<p class=\"read-more\"> <a class=\"\" href=\"https:\/\/ifergangallery.com\/es\/piece\/ladrillo-paleocristiano-con-crismon-representando-la-x-y-la-p-los-simbolos-ocultos-de-los-cristianos-s-v-vi-d-c\/\"> <span class=\"screen-reader-text\">Ladrillo paleocristiano con Crism\u00f3n, representando la \u201cX\u201d y la \u201cP\u201d, los  s\u00edmbolos ocultos de los cristianos, S. V-VI d.C.<\/span> Leer m\u00e1s &raquo;<\/a><\/p>","protected":false},"featured_media":14038,"comment_status":"closed","ping_status":"closed","template":"","meta":{"spay_email":""},"product_cat":[114,811],"product_tag":[793,769,276,445,275],"yoast_head":"<!-- This site is optimized with the Yoast SEO Premium plugin v17.6 (Yoast SEO v17.6) - https:\/\/yoast.com\/wordpress\/plugins\/seo\/ -->\n<title>Ladrillo paleocristiano con Crism\u00f3n, representando la \u201cX\u201d y la \u201cP\u201d, los s\u00edmbolos ocultos de los cristianos, S. V-VI d.C. &ndash; Ifergan Gallery<\/title>\n<meta name=\"robots\" content=\"index, follow, max-snippet:-1, max-image-preview:large, max-video-preview:-1\" \/>\n<link rel=\"canonical\" href=\"https:\/\/ifergangallery.com\/es\/piece\/ladrillo-paleocristiano-con-crismon-representando-la-x-y-la-p-los-simbolos-ocultos-de-los-cristianos-s-v-vi-d-c\/\" \/>\n<meta property=\"og:locale\" content=\"es_ES\" \/>\n<meta property=\"og:type\" content=\"article\" \/>\n<meta property=\"og:title\" content=\"Ladrillo paleocristiano con Crism\u00f3n, representando la \u201cX\u201d y la \u201cP\u201d, los s\u00edmbolos ocultos de los cristianos, S. V-VI d.C.\" \/>\n<meta property=\"og:description\" content=\"Los ladrillos, hechos con moldes manuales para su posterior cocci\u00f3n, pod\u00edan contener una marca o sello, en muchas ocasiones simplemente era la marca del taller, o como en este caso todo un dise\u00f1o religioso. Estos ladrillos se utilizaban en forma de l\u00e1pida para cubrir sepulturas cristianas. En este ladrillo, en la marca del molde observamos &hellip; Ladrillo paleocristiano con Crism\u00f3n, representando la \u201cX\u201d y la \u201cP\u201d, los s\u00edmbolos ocultos de los cristianos, S. V-VI d.C. Leer m\u00e1s &raquo;\" \/>\n<meta property=\"og:url\" content=\"https:\/\/ifergangallery.com\/es\/piece\/ladrillo-paleocristiano-con-crismon-representando-la-x-y-la-p-los-simbolos-ocultos-de-los-cristianos-s-v-vi-d-c\/\" \/>\n<meta property=\"og:site_name\" content=\"Ifergan Gallery\" \/>\n<meta property=\"article:publisher\" content=\"https:\/\/www.facebook.com\/Ifergancollectionmalaga\" \/>\n<meta property=\"article:modified_time\" content=\"2025-11-17T10:23:36+00:00\" \/>\n<meta property=\"og:image\" content=\"https:\/\/ifergangallery.com\/wp-content\/uploads\/2021\/10\/ars035-2-scaled.jpg\" \/>\n\t<meta property=\"og:image:width\" content=\"2560\" \/>\n\t<meta property=\"og:image:height\" content=\"2560\" \/>\n<meta name=\"twitter:card\" content=\"summary_large_image\" \/>\n<meta name=\"twitter:site\" content=\"@Ifergangallery\" \/>\n<meta name=\"twitter:label1\" content=\"Tiempo de lectura\" \/>\n\t<meta name=\"twitter:data1\" content=\"1 minuto\" \/>\n<script type=\"application\/ld+json\" class=\"yoast-schema-graph\">{\"@context\":\"https:\/\/schema.org\",\"@graph\":[{\"@type\":\"Organization\",\"@id\":\"https:\/\/ifergangallery.com\/#organization\",\"name\":\"Ifergan Gallery\",\"url\":\"https:\/\/ifergangallery.com\/\",\"sameAs\":[\"https:\/\/www.facebook.com\/Ifergancollectionmalaga\",\"https:\/\/www.instagram.com\/ifergangallery\/\",\"https:\/\/www.youtube.com\/channel\/UC2O2zZ9BJKhbUFOnu_5mE3g\",\"https:\/\/twitter.com\/Ifergangallery\"],\"logo\":{\"@type\":\"ImageObject\",\"@id\":\"https:\/\/ifergangallery.com\/#logo\",\"inLanguage\":\"es\",\"url\":\"https:\/\/ifergangallery.com\/wp-content\/uploads\/2021\/09\/Imagotipo_blanco-e1637271379231.png\",\"contentUrl\":\"https:\/\/ifergangallery.com\/wp-content\/uploads\/2021\/09\/Imagotipo_blanco-e1637271379231.png\",\"width\":1920,\"height\":1065,\"caption\":\"Ifergan Gallery\"},\"image\":{\"@id\":\"https:\/\/ifergangallery.com\/#logo\"}},{\"@type\":\"WebSite\",\"@id\":\"https:\/\/ifergangallery.com\/#website\",\"url\":\"https:\/\/ifergangallery.com\/\",\"name\":\"Ifergan Gallery\",\"description\":\"Ancient Art Gallery\",\"publisher\":{\"@id\":\"https:\/\/ifergangallery.com\/#organization\"},\"potentialAction\":[{\"@type\":\"SearchAction\",\"target\":{\"@type\":\"EntryPoint\",\"urlTemplate\":\"https:\/\/ifergangallery.com\/?s={search_term_string}\"},\"query-input\":\"required name=search_term_string\"}],\"inLanguage\":\"es\"},{\"@type\":\"ImageObject\",\"@id\":\"https:\/\/ifergangallery.com\/es\/piece\/ladrillo-paleocristiano-con-crismon-representando-la-x-y-la-p-los-simbolos-ocultos-de-los-cristianos-s-v-vi-d-c\/#primaryimage\",\"inLanguage\":\"es\",\"url\":\"https:\/\/ifergangallery.com\/wp-content\/uploads\/2021\/10\/ars035-2-scaled.jpg\",\"contentUrl\":\"https:\/\/ifergangallery.com\/wp-content\/uploads\/2021\/10\/ars035-2-scaled.jpg\",\"width\":2560,\"height\":2560},{\"@type\":\"WebPage\",\"@id\":\"https:\/\/ifergangallery.com\/es\/piece\/ladrillo-paleocristiano-con-crismon-representando-la-x-y-la-p-los-simbolos-ocultos-de-los-cristianos-s-v-vi-d-c\/#webpage\",\"url\":\"https:\/\/ifergangallery.com\/es\/piece\/ladrillo-paleocristiano-con-crismon-representando-la-x-y-la-p-los-simbolos-ocultos-de-los-cristianos-s-v-vi-d-c\/\",\"name\":\"Ladrillo paleocristiano con Crism\\u00f3n, representando la \\u201cX\\u201d y la \\u201cP\\u201d, los s\\u00edmbolos ocultos de los cristianos, S. V-VI d.C. &ndash; Ifergan Gallery\",\"isPartOf\":{\"@id\":\"https:\/\/ifergangallery.com\/#website\"},\"primaryImageOfPage\":{\"@id\":\"https:\/\/ifergangallery.com\/es\/piece\/ladrillo-paleocristiano-con-crismon-representando-la-x-y-la-p-los-simbolos-ocultos-de-los-cristianos-s-v-vi-d-c\/#primaryimage\"},\"datePublished\":\"2021-10-21T16:00:10+00:00\",\"dateModified\":\"2025-11-17T10:23:36+00:00\",\"breadcrumb\":{\"@id\":\"https:\/\/ifergangallery.com\/es\/piece\/ladrillo-paleocristiano-con-crismon-representando-la-x-y-la-p-los-simbolos-ocultos-de-los-cristianos-s-v-vi-d-c\/#breadcrumb\"},\"inLanguage\":\"es\",\"potentialAction\":[{\"@type\":\"ReadAction\",\"target\":[\"https:\/\/ifergangallery.com\/es\/piece\/ladrillo-paleocristiano-con-crismon-representando-la-x-y-la-p-los-simbolos-ocultos-de-los-cristianos-s-v-vi-d-c\/\"]}]},{\"@type\":\"BreadcrumbList\",\"@id\":\"https:\/\/ifergangallery.com\/es\/piece\/ladrillo-paleocristiano-con-crismon-representando-la-x-y-la-p-los-simbolos-ocultos-de-los-cristianos-s-v-vi-d-c\/#breadcrumb\",\"itemListElement\":[{\"@type\":\"ListItem\",\"position\":1,\"name\":\"Home\",\"item\":\"https:\/\/ifergangallery.com\/es\/\"},{\"@type\":\"ListItem\",\"position\":2,\"name\":\"Works of art\",\"item\":\"https:\/\/ifergangallery.com\/es\/works_of_art\/\"},{\"@type\":\"ListItem\",\"position\":3,\"name\":\"Ladrillo paleocristiano con Crism\\u00f3n, representando la \\u201cX\\u201d y la \\u201cP\\u201d, los s\\u00edmbolos ocultos de los cristianos, S. V-VI d.C.\"}]}]}<\/script>\n<!-- \/ Yoast SEO Premium plugin. -->","yoast_head_json":{"title":"Ladrillo paleocristiano con Crism\u00f3n, representando la \u201cX\u201d y la \u201cP\u201d, los s\u00edmbolos ocultos de los cristianos, S. V-VI d.C. &ndash; Ifergan Gallery","robots":{"index":"index","follow":"follow","max-snippet":"max-snippet:-1","max-image-preview":"max-image-preview:large","max-video-preview":"max-video-preview:-1"},"canonical":"https:\/\/ifergangallery.com\/es\/piece\/ladrillo-paleocristiano-con-crismon-representando-la-x-y-la-p-los-simbolos-ocultos-de-los-cristianos-s-v-vi-d-c\/","og_locale":"es_ES","og_type":"article","og_title":"Ladrillo paleocristiano con Crism\u00f3n, representando la \u201cX\u201d y la \u201cP\u201d, los s\u00edmbolos ocultos de los cristianos, S. V-VI d.C.","og_description":"Los ladrillos, hechos con moldes manuales para su posterior cocci\u00f3n, pod\u00edan contener una marca o sello, en muchas ocasiones simplemente era la marca del taller, o como en este caso todo un dise\u00f1o religioso. Estos ladrillos se utilizaban en forma de l\u00e1pida para cubrir sepulturas cristianas. En este ladrillo, en la marca del molde observamos &hellip; Ladrillo paleocristiano con Crism\u00f3n, representando la \u201cX\u201d y la \u201cP\u201d, los s\u00edmbolos ocultos de los cristianos, S. V-VI d.C. Leer m\u00e1s &raquo;","og_url":"https:\/\/ifergangallery.com\/es\/piece\/ladrillo-paleocristiano-con-crismon-representando-la-x-y-la-p-los-simbolos-ocultos-de-los-cristianos-s-v-vi-d-c\/","og_site_name":"Ifergan Gallery","article_publisher":"https:\/\/www.facebook.com\/Ifergancollectionmalaga","article_modified_time":"2025-11-17T10:23:36+00:00","og_image":[{"width":2560,"height":2560,"url":"https:\/\/ifergangallery.com\/wp-content\/uploads\/2021\/10\/ars035-2-scaled.jpg","type":"image\/jpeg"}],"twitter_card":"summary_large_image","twitter_site":"@Ifergangallery","twitter_misc":{"Tiempo de lectura":"1 minuto"},"schema":{"@context":"https:\/\/schema.org","@graph":[{"@type":"Organization","@id":"https:\/\/ifergangallery.com\/#organization","name":"Ifergan Gallery","url":"https:\/\/ifergangallery.com\/","sameAs":["https:\/\/www.facebook.com\/Ifergancollectionmalaga","https:\/\/www.instagram.com\/ifergangallery\/","https:\/\/www.youtube.com\/channel\/UC2O2zZ9BJKhbUFOnu_5mE3g","https:\/\/twitter.com\/Ifergangallery"],"logo":{"@type":"ImageObject","@id":"https:\/\/ifergangallery.com\/#logo","inLanguage":"es","url":"https:\/\/ifergangallery.com\/wp-content\/uploads\/2021\/09\/Imagotipo_blanco-e1637271379231.png","contentUrl":"https:\/\/ifergangallery.com\/wp-content\/uploads\/2021\/09\/Imagotipo_blanco-e1637271379231.png","width":1920,"height":1065,"caption":"Ifergan Gallery"},"image":{"@id":"https:\/\/ifergangallery.com\/#logo"}},{"@type":"WebSite","@id":"https:\/\/ifergangallery.com\/#website","url":"https:\/\/ifergangallery.com\/","name":"Ifergan Gallery","description":"Ancient Art Gallery","publisher":{"@id":"https:\/\/ifergangallery.com\/#organization"},"potentialAction":[{"@type":"SearchAction","target":{"@type":"EntryPoint","urlTemplate":"https:\/\/ifergangallery.com\/?s={search_term_string}"},"query-input":"required name=search_term_string"}],"inLanguage":"es"},{"@type":"ImageObject","@id":"https:\/\/ifergangallery.com\/es\/piece\/ladrillo-paleocristiano-con-crismon-representando-la-x-y-la-p-los-simbolos-ocultos-de-los-cristianos-s-v-vi-d-c\/#primaryimage","inLanguage":"es","url":"https:\/\/ifergangallery.com\/wp-content\/uploads\/2021\/10\/ars035-2-scaled.jpg","contentUrl":"https:\/\/ifergangallery.com\/wp-content\/uploads\/2021\/10\/ars035-2-scaled.jpg","width":2560,"height":2560},{"@type":"WebPage","@id":"https:\/\/ifergangallery.com\/es\/piece\/ladrillo-paleocristiano-con-crismon-representando-la-x-y-la-p-los-simbolos-ocultos-de-los-cristianos-s-v-vi-d-c\/#webpage","url":"https:\/\/ifergangallery.com\/es\/piece\/ladrillo-paleocristiano-con-crismon-representando-la-x-y-la-p-los-simbolos-ocultos-de-los-cristianos-s-v-vi-d-c\/","name":"Ladrillo paleocristiano con Crism\u00f3n, representando la \u201cX\u201d y la \u201cP\u201d, los s\u00edmbolos ocultos de los cristianos, S. V-VI d.C. &ndash; Ifergan Gallery","isPartOf":{"@id":"https:\/\/ifergangallery.com\/#website"},"primaryImageOfPage":{"@id":"https:\/\/ifergangallery.com\/es\/piece\/ladrillo-paleocristiano-con-crismon-representando-la-x-y-la-p-los-simbolos-ocultos-de-los-cristianos-s-v-vi-d-c\/#primaryimage"},"datePublished":"2021-10-21T16:00:10+00:00","dateModified":"2025-11-17T10:23:36+00:00","breadcrumb":{"@id":"https:\/\/ifergangallery.com\/es\/piece\/ladrillo-paleocristiano-con-crismon-representando-la-x-y-la-p-los-simbolos-ocultos-de-los-cristianos-s-v-vi-d-c\/#breadcrumb"},"inLanguage":"es","potentialAction":[{"@type":"ReadAction","target":["https:\/\/ifergangallery.com\/es\/piece\/ladrillo-paleocristiano-con-crismon-representando-la-x-y-la-p-los-simbolos-ocultos-de-los-cristianos-s-v-vi-d-c\/"]}]},{"@type":"BreadcrumbList","@id":"https:\/\/ifergangallery.com\/es\/piece\/ladrillo-paleocristiano-con-crismon-representando-la-x-y-la-p-los-simbolos-ocultos-de-los-cristianos-s-v-vi-d-c\/#breadcrumb","itemListElement":[{"@type":"ListItem","position":1,"name":"Home","item":"https:\/\/ifergangallery.com\/es\/"},{"@type":"ListItem","position":2,"name":"Works of art","item":"https:\/\/ifergangallery.com\/es\/works_of_art\/"},{"@type":"ListItem","position":3,"name":"Ladrillo paleocristiano con Crism\u00f3n, representando la \u201cX\u201d y la \u201cP\u201d, los s\u00edmbolos ocultos de los cristianos, S. V-VI d.C."}]}]}},"_links":{"self":[{"href":"https:\/\/ifergangallery.com\/es\/wp-json\/wp\/v2\/product\/4470"}],"collection":[{"href":"https:\/\/ifergangallery.com\/es\/wp-json\/wp\/v2\/product"}],"about":[{"href":"https:\/\/ifergangallery.com\/es\/wp-json\/wp\/v2\/types\/product"}],"replies":[{"embeddable":true,"href":"https:\/\/ifergangallery.com\/es\/wp-json\/wp\/v2\/comments?post=4470"}],"wp:featuredmedia":[{"embeddable":true,"href":"https:\/\/ifergangallery.com\/es\/wp-json\/wp\/v2\/media\/14038"}],"wp:attachment":[{"href":"https:\/\/ifergangallery.com\/es\/wp-json\/wp\/v2\/media?parent=4470"}],"wp:term":[{"taxonomy":"product_cat","embeddable":true,"href":"https:\/\/ifergangallery.com\/es\/wp-json\/wp\/v2\/product_cat?post=4470"},{"taxonomy":"product_tag","embeddable":true,"href":"https:\/\/ifergangallery.com\/es\/wp-json\/wp\/v2\/product_tag?post=4470"}],"curies":[{"name":"wp","href":"https:\/\/api.w.org\/{rel}","templated":true}]}}