{"id":4490,"date":"2024-10-21T16:02:46","date_gmt":"2024-10-21T16:02:46","guid":{"rendered":"https:\/\/snackjerusalem.com\/piece\/remate-de-plata-de-silla-ceremonial-tracia-decorado-con-el-dios-de-los-mares-poseidon-sirenas-nereidas-y-otras-criaturas-marinas-s-iii-a-c\/"},"modified":"2026-02-18T11:55:41","modified_gmt":"2026-02-18T11:55:41","slug":"remate-de-plata-de-silla-ceremonial-tracia-decorado-con-el-dios-de-los-mares-poseidon-sirenas-nereidas-y-otras-criaturas-marinas-s-iii-a-c","status":"publish","type":"product","link":"https:\/\/ifergangallery.com\/es\/piece\/remate-de-plata-de-silla-ceremonial-tracia-decorado-con-el-dios-de-los-mares-poseidon-sirenas-nereidas-y-otras-criaturas-marinas-s-iii-a-c\/","title":{"rendered":"Remate romano en plata de silla ceremonial decorado con nereidas y tritones, Siglo IV d.C."},"content":{"rendered":"<p>Este remate de plata perteneci\u00f3 a una silla, est\u00e1 realizado en plata repujada, t\u00e9cnica dif\u00edcil y costosa. En el podemos encontrar a modo de friso una serie de personajes marinos como las nereidas, monstruos o tritones, los cuales portan las cornucopias. En el centro de la composici\u00f3n se encuentra una mujer sentada semidesnuda con el torso desnudo, el pelo largo cayendo sobre los hombros y sosteniendo una capa ondulante sobre su cabeza. Probablemente se trata de la nereida Anfitrite, tambi\u00e9n conocida como la <em>Se\u00f1ora de los Mares<\/em>, una de las 50 nereidas hijas de Nereo y Doris, y que posteriormente se convirti\u00f3 en esposa de Poseid\u00f3n.<\/p>\n<p>Anfitrite era considerada madre por la mayor\u00eda de las criaturas marinas que la segu\u00edan y adoraban; tales como los delfines, las focas y los caballos de mar. Su vestimenta sol\u00eda ser la misma que sus hermanas nereidas; t\u00fanicas de seda blanca o dem\u00e1s colores vivos con decoraciones doradas, las cuales portaban el tridente de Poseid\u00f3n en se\u00f1al de su uni\u00f3n con este reino. En el arte, Anfitrite siempre fue retratada junto a su consorte Poseid\u00f3n y acompa\u00f1ada de un gran n\u00famero de criaturas marinas y sus hermanas nereidas. En algunas ocasiones se puede apreciar la compa\u00f1\u00eda de sus hijos Trit\u00f3n y Rodo, mientras \u00e9sta se encuentra en un carruaje hecho con materiales marinos, tirados por caballos de mar y delfines. Tambi\u00e9n puede apreciarse sentada en un trono mientras su s\u00e9quito de criaturas la adora y acompa\u00f1a.<\/p>","protected":false},"excerpt":{"rendered":"<p>Este remate de plata perteneci\u00f3 a una silla, est\u00e1 realizado en plata repujada, t\u00e9cnica dif\u00edcil y costosa. En el podemos encontrar a modo de friso una serie de personajes marinos como las nereidas, monstruos o tritones, los cuales portan las cornucopias. En el centro de la composici\u00f3n se encuentra una mujer sentada semidesnuda con el &hellip;<\/p>\n<p class=\"read-more\"> <a class=\"\" href=\"https:\/\/ifergangallery.com\/es\/piece\/remate-de-plata-de-silla-ceremonial-tracia-decorado-con-el-dios-de-los-mares-poseidon-sirenas-nereidas-y-otras-criaturas-marinas-s-iii-a-c\/\"> <span class=\"screen-reader-text\">Remate romano en plata de silla ceremonial decorado con nereidas y tritones, Siglo IV d.C.<\/span> Leer m\u00e1s &raquo;<\/a><\/p>","protected":false},"featured_media":8634,"comment_status":"closed","ping_status":"closed","template":"","meta":{"spay_email":""},"product_cat":[112,490],"product_tag":[570,805,572,802,571],"yoast_head":"<!-- This site is optimized with the Yoast SEO Premium plugin v17.6 (Yoast SEO v17.6) - https:\/\/yoast.com\/wordpress\/plugins\/seo\/ -->\n<title>Remate romano en plata de silla ceremonial decorado con nereidas y tritones, Siglo IV d.C. &ndash; Ifergan Gallery<\/title>\n<meta name=\"robots\" content=\"index, follow, max-snippet:-1, max-image-preview:large, max-video-preview:-1\" \/>\n<link rel=\"canonical\" href=\"https:\/\/ifergangallery.com\/es\/piece\/remate-de-plata-de-silla-ceremonial-tracia-decorado-con-el-dios-de-los-mares-poseidon-sirenas-nereidas-y-otras-criaturas-marinas-s-iii-a-c\/\" \/>\n<meta property=\"og:locale\" content=\"es_ES\" \/>\n<meta property=\"og:type\" content=\"article\" \/>\n<meta property=\"og:title\" content=\"Remate romano en plata de silla ceremonial decorado con nereidas y tritones, Siglo IV d.C.\" \/>\n<meta property=\"og:description\" content=\"Este remate de plata perteneci\u00f3 a una silla, est\u00e1 realizado en plata repujada, t\u00e9cnica dif\u00edcil y costosa. En el podemos encontrar a modo de friso una serie de personajes marinos como las nereidas, monstruos o tritones, los cuales portan las cornucopias. En el centro de la composici\u00f3n se encuentra una mujer sentada semidesnuda con el &hellip; Remate romano en plata de silla ceremonial decorado con nereidas y tritones, Siglo IV d.C. Leer m\u00e1s &raquo;\" \/>\n<meta property=\"og:url\" content=\"https:\/\/ifergangallery.com\/es\/piece\/remate-de-plata-de-silla-ceremonial-tracia-decorado-con-el-dios-de-los-mares-poseidon-sirenas-nereidas-y-otras-criaturas-marinas-s-iii-a-c\/\" \/>\n<meta property=\"og:site_name\" content=\"Ifergan Gallery\" \/>\n<meta property=\"article:publisher\" content=\"https:\/\/www.facebook.com\/Ifergancollectionmalaga\" \/>\n<meta property=\"article:modified_time\" content=\"2026-02-18T11:55:41+00:00\" \/>\n<meta property=\"og:image\" content=\"https:\/\/ifergangallery.com\/wp-content\/uploads\/2021\/10\/ars010-13-2-scaled.jpg\" \/>\n\t<meta property=\"og:image:width\" content=\"2560\" \/>\n\t<meta property=\"og:image:height\" content=\"1707\" \/>\n<meta name=\"twitter:card\" content=\"summary_large_image\" \/>\n<meta name=\"twitter:site\" content=\"@Ifergangallery\" \/>\n<meta name=\"twitter:label1\" content=\"Tiempo de lectura\" \/>\n\t<meta name=\"twitter:data1\" content=\"2 minutos\" \/>\n<script type=\"application\/ld+json\" class=\"yoast-schema-graph\">{\"@context\":\"https:\/\/schema.org\",\"@graph\":[{\"@type\":\"Organization\",\"@id\":\"https:\/\/ifergangallery.com\/#organization\",\"name\":\"Ifergan Gallery\",\"url\":\"https:\/\/ifergangallery.com\/\",\"sameAs\":[\"https:\/\/www.facebook.com\/Ifergancollectionmalaga\",\"https:\/\/www.instagram.com\/ifergangallery\/\",\"https:\/\/www.youtube.com\/channel\/UC2O2zZ9BJKhbUFOnu_5mE3g\",\"https:\/\/twitter.com\/Ifergangallery\"],\"logo\":{\"@type\":\"ImageObject\",\"@id\":\"https:\/\/ifergangallery.com\/#logo\",\"inLanguage\":\"es\",\"url\":\"https:\/\/ifergangallery.com\/wp-content\/uploads\/2021\/09\/Imagotipo_blanco-e1637271379231.png\",\"contentUrl\":\"https:\/\/ifergangallery.com\/wp-content\/uploads\/2021\/09\/Imagotipo_blanco-e1637271379231.png\",\"width\":1920,\"height\":1065,\"caption\":\"Ifergan Gallery\"},\"image\":{\"@id\":\"https:\/\/ifergangallery.com\/#logo\"}},{\"@type\":\"WebSite\",\"@id\":\"https:\/\/ifergangallery.com\/#website\",\"url\":\"https:\/\/ifergangallery.com\/\",\"name\":\"Ifergan Gallery\",\"description\":\"Ancient Art Gallery\",\"publisher\":{\"@id\":\"https:\/\/ifergangallery.com\/#organization\"},\"potentialAction\":[{\"@type\":\"SearchAction\",\"target\":{\"@type\":\"EntryPoint\",\"urlTemplate\":\"https:\/\/ifergangallery.com\/?s={search_term_string}\"},\"query-input\":\"required name=search_term_string\"}],\"inLanguage\":\"es\"},{\"@type\":\"ImageObject\",\"@id\":\"https:\/\/ifergangallery.com\/es\/piece\/remate-de-plata-de-silla-ceremonial-tracia-decorado-con-el-dios-de-los-mares-poseidon-sirenas-nereidas-y-otras-criaturas-marinas-s-iii-a-c\/#primaryimage\",\"inLanguage\":\"es\",\"url\":\"https:\/\/ifergangallery.com\/wp-content\/uploads\/2021\/10\/ars010-13-2-scaled.jpg\",\"contentUrl\":\"https:\/\/ifergangallery.com\/wp-content\/uploads\/2021\/10\/ars010-13-2-scaled.jpg\",\"width\":2560,\"height\":1707},{\"@type\":\"WebPage\",\"@id\":\"https:\/\/ifergangallery.com\/es\/piece\/remate-de-plata-de-silla-ceremonial-tracia-decorado-con-el-dios-de-los-mares-poseidon-sirenas-nereidas-y-otras-criaturas-marinas-s-iii-a-c\/#webpage\",\"url\":\"https:\/\/ifergangallery.com\/es\/piece\/remate-de-plata-de-silla-ceremonial-tracia-decorado-con-el-dios-de-los-mares-poseidon-sirenas-nereidas-y-otras-criaturas-marinas-s-iii-a-c\/\",\"name\":\"Remate romano en plata de silla ceremonial decorado con nereidas y tritones, Siglo IV d.C. &ndash; Ifergan Gallery\",\"isPartOf\":{\"@id\":\"https:\/\/ifergangallery.com\/#website\"},\"primaryImageOfPage\":{\"@id\":\"https:\/\/ifergangallery.com\/es\/piece\/remate-de-plata-de-silla-ceremonial-tracia-decorado-con-el-dios-de-los-mares-poseidon-sirenas-nereidas-y-otras-criaturas-marinas-s-iii-a-c\/#primaryimage\"},\"datePublished\":\"2024-10-21T16:02:46+00:00\",\"dateModified\":\"2026-02-18T11:55:41+00:00\",\"breadcrumb\":{\"@id\":\"https:\/\/ifergangallery.com\/es\/piece\/remate-de-plata-de-silla-ceremonial-tracia-decorado-con-el-dios-de-los-mares-poseidon-sirenas-nereidas-y-otras-criaturas-marinas-s-iii-a-c\/#breadcrumb\"},\"inLanguage\":\"es\",\"potentialAction\":[{\"@type\":\"ReadAction\",\"target\":[\"https:\/\/ifergangallery.com\/es\/piece\/remate-de-plata-de-silla-ceremonial-tracia-decorado-con-el-dios-de-los-mares-poseidon-sirenas-nereidas-y-otras-criaturas-marinas-s-iii-a-c\/\"]}]},{\"@type\":\"BreadcrumbList\",\"@id\":\"https:\/\/ifergangallery.com\/es\/piece\/remate-de-plata-de-silla-ceremonial-tracia-decorado-con-el-dios-de-los-mares-poseidon-sirenas-nereidas-y-otras-criaturas-marinas-s-iii-a-c\/#breadcrumb\",\"itemListElement\":[{\"@type\":\"ListItem\",\"position\":1,\"name\":\"Home\",\"item\":\"https:\/\/ifergangallery.com\/es\/\"},{\"@type\":\"ListItem\",\"position\":2,\"name\":\"Works of art\",\"item\":\"https:\/\/ifergangallery.com\/es\/works_of_art\/\"},{\"@type\":\"ListItem\",\"position\":3,\"name\":\"Remate romano en plata de silla ceremonial decorado con nereidas y tritones, Siglo IV d.C.\"}]}]}<\/script>\n<!-- \/ Yoast SEO Premium plugin. -->","yoast_head_json":{"title":"Remate romano en plata de silla ceremonial decorado con nereidas y tritones, Siglo IV d.C. &ndash; Ifergan Gallery","robots":{"index":"index","follow":"follow","max-snippet":"max-snippet:-1","max-image-preview":"max-image-preview:large","max-video-preview":"max-video-preview:-1"},"canonical":"https:\/\/ifergangallery.com\/es\/piece\/remate-de-plata-de-silla-ceremonial-tracia-decorado-con-el-dios-de-los-mares-poseidon-sirenas-nereidas-y-otras-criaturas-marinas-s-iii-a-c\/","og_locale":"es_ES","og_type":"article","og_title":"Remate romano en plata de silla ceremonial decorado con nereidas y tritones, Siglo IV d.C.","og_description":"Este remate de plata perteneci\u00f3 a una silla, est\u00e1 realizado en plata repujada, t\u00e9cnica dif\u00edcil y costosa. En el podemos encontrar a modo de friso una serie de personajes marinos como las nereidas, monstruos o tritones, los cuales portan las cornucopias. En el centro de la composici\u00f3n se encuentra una mujer sentada semidesnuda con el &hellip; Remate romano en plata de silla ceremonial decorado con nereidas y tritones, Siglo IV d.C. Leer m\u00e1s &raquo;","og_url":"https:\/\/ifergangallery.com\/es\/piece\/remate-de-plata-de-silla-ceremonial-tracia-decorado-con-el-dios-de-los-mares-poseidon-sirenas-nereidas-y-otras-criaturas-marinas-s-iii-a-c\/","og_site_name":"Ifergan Gallery","article_publisher":"https:\/\/www.facebook.com\/Ifergancollectionmalaga","article_modified_time":"2026-02-18T11:55:41+00:00","og_image":[{"width":2560,"height":1707,"url":"https:\/\/ifergangallery.com\/wp-content\/uploads\/2021\/10\/ars010-13-2-scaled.jpg","type":"image\/jpeg"}],"twitter_card":"summary_large_image","twitter_site":"@Ifergangallery","twitter_misc":{"Tiempo de lectura":"2 minutos"},"schema":{"@context":"https:\/\/schema.org","@graph":[{"@type":"Organization","@id":"https:\/\/ifergangallery.com\/#organization","name":"Ifergan Gallery","url":"https:\/\/ifergangallery.com\/","sameAs":["https:\/\/www.facebook.com\/Ifergancollectionmalaga","https:\/\/www.instagram.com\/ifergangallery\/","https:\/\/www.youtube.com\/channel\/UC2O2zZ9BJKhbUFOnu_5mE3g","https:\/\/twitter.com\/Ifergangallery"],"logo":{"@type":"ImageObject","@id":"https:\/\/ifergangallery.com\/#logo","inLanguage":"es","url":"https:\/\/ifergangallery.com\/wp-content\/uploads\/2021\/09\/Imagotipo_blanco-e1637271379231.png","contentUrl":"https:\/\/ifergangallery.com\/wp-content\/uploads\/2021\/09\/Imagotipo_blanco-e1637271379231.png","width":1920,"height":1065,"caption":"Ifergan Gallery"},"image":{"@id":"https:\/\/ifergangallery.com\/#logo"}},{"@type":"WebSite","@id":"https:\/\/ifergangallery.com\/#website","url":"https:\/\/ifergangallery.com\/","name":"Ifergan Gallery","description":"Ancient Art Gallery","publisher":{"@id":"https:\/\/ifergangallery.com\/#organization"},"potentialAction":[{"@type":"SearchAction","target":{"@type":"EntryPoint","urlTemplate":"https:\/\/ifergangallery.com\/?s={search_term_string}"},"query-input":"required name=search_term_string"}],"inLanguage":"es"},{"@type":"ImageObject","@id":"https:\/\/ifergangallery.com\/es\/piece\/remate-de-plata-de-silla-ceremonial-tracia-decorado-con-el-dios-de-los-mares-poseidon-sirenas-nereidas-y-otras-criaturas-marinas-s-iii-a-c\/#primaryimage","inLanguage":"es","url":"https:\/\/ifergangallery.com\/wp-content\/uploads\/2021\/10\/ars010-13-2-scaled.jpg","contentUrl":"https:\/\/ifergangallery.com\/wp-content\/uploads\/2021\/10\/ars010-13-2-scaled.jpg","width":2560,"height":1707},{"@type":"WebPage","@id":"https:\/\/ifergangallery.com\/es\/piece\/remate-de-plata-de-silla-ceremonial-tracia-decorado-con-el-dios-de-los-mares-poseidon-sirenas-nereidas-y-otras-criaturas-marinas-s-iii-a-c\/#webpage","url":"https:\/\/ifergangallery.com\/es\/piece\/remate-de-plata-de-silla-ceremonial-tracia-decorado-con-el-dios-de-los-mares-poseidon-sirenas-nereidas-y-otras-criaturas-marinas-s-iii-a-c\/","name":"Remate romano en plata de silla ceremonial decorado con nereidas y tritones, Siglo IV d.C. &ndash; Ifergan Gallery","isPartOf":{"@id":"https:\/\/ifergangallery.com\/#website"},"primaryImageOfPage":{"@id":"https:\/\/ifergangallery.com\/es\/piece\/remate-de-plata-de-silla-ceremonial-tracia-decorado-con-el-dios-de-los-mares-poseidon-sirenas-nereidas-y-otras-criaturas-marinas-s-iii-a-c\/#primaryimage"},"datePublished":"2024-10-21T16:02:46+00:00","dateModified":"2026-02-18T11:55:41+00:00","breadcrumb":{"@id":"https:\/\/ifergangallery.com\/es\/piece\/remate-de-plata-de-silla-ceremonial-tracia-decorado-con-el-dios-de-los-mares-poseidon-sirenas-nereidas-y-otras-criaturas-marinas-s-iii-a-c\/#breadcrumb"},"inLanguage":"es","potentialAction":[{"@type":"ReadAction","target":["https:\/\/ifergangallery.com\/es\/piece\/remate-de-plata-de-silla-ceremonial-tracia-decorado-con-el-dios-de-los-mares-poseidon-sirenas-nereidas-y-otras-criaturas-marinas-s-iii-a-c\/"]}]},{"@type":"BreadcrumbList","@id":"https:\/\/ifergangallery.com\/es\/piece\/remate-de-plata-de-silla-ceremonial-tracia-decorado-con-el-dios-de-los-mares-poseidon-sirenas-nereidas-y-otras-criaturas-marinas-s-iii-a-c\/#breadcrumb","itemListElement":[{"@type":"ListItem","position":1,"name":"Home","item":"https:\/\/ifergangallery.com\/es\/"},{"@type":"ListItem","position":2,"name":"Works of art","item":"https:\/\/ifergangallery.com\/es\/works_of_art\/"},{"@type":"ListItem","position":3,"name":"Remate romano en plata de silla ceremonial decorado con nereidas y tritones, Siglo IV d.C."}]}]}},"_links":{"self":[{"href":"https:\/\/ifergangallery.com\/es\/wp-json\/wp\/v2\/product\/4490"}],"collection":[{"href":"https:\/\/ifergangallery.com\/es\/wp-json\/wp\/v2\/product"}],"about":[{"href":"https:\/\/ifergangallery.com\/es\/wp-json\/wp\/v2\/types\/product"}],"replies":[{"embeddable":true,"href":"https:\/\/ifergangallery.com\/es\/wp-json\/wp\/v2\/comments?post=4490"}],"wp:featuredmedia":[{"embeddable":true,"href":"https:\/\/ifergangallery.com\/es\/wp-json\/wp\/v2\/media\/8634"}],"wp:attachment":[{"href":"https:\/\/ifergangallery.com\/es\/wp-json\/wp\/v2\/media?parent=4490"}],"wp:term":[{"taxonomy":"product_cat","embeddable":true,"href":"https:\/\/ifergangallery.com\/es\/wp-json\/wp\/v2\/product_cat?post=4490"},{"taxonomy":"product_tag","embeddable":true,"href":"https:\/\/ifergangallery.com\/es\/wp-json\/wp\/v2\/product_tag?post=4490"}],"curies":[{"name":"wp","href":"https:\/\/api.w.org\/{rel}","templated":true}]}}