{"id":4516,"date":"2023-10-21T16:05:34","date_gmt":"2023-10-21T16:05:34","guid":{"rendered":"https:\/\/snackjerusalem.com\/piece\/escultura-romana-de-leon-en-bronce-s-iii-v-d-c\/"},"modified":"2026-04-09T09:11:24","modified_gmt":"2026-04-09T09:11:24","slug":"escultura-romana-de-leon-en-bronce-s-iii-v-d-c","status":"publish","type":"product","link":"https:\/\/ifergangallery.com\/es\/piece\/escultura-romana-de-leon-en-bronce-s-iii-v-d-c\/","title":{"rendered":"Escultura romana de le\u00f3n en bronce, 300-500 d.C."},"content":{"rendered":"<p style=\"text-align: justify;\"><span dir=\"auto\" style=\"vertical-align: inherit;\"><span dir=\"auto\" style=\"vertical-align: inherit;\"><span dir=\"auto\" style=\"vertical-align: inherit;\"><span dir=\"auto\" style=\"vertical-align: inherit;\">El le\u00f3n est\u00e1 agachado con las patas traseras dobladas bajo el cuerpo y las delanteras estiradas hacia delante. La cabeza est\u00e1 levantada y la cola se retuerce bajo el cuerpo y se levanta alrededor de la cadera trasera derecha. La cabeza del le\u00f3n tiene los ojos grandes y las mand\u00edbulas abiertas, dejando al descubierto la abertura de un tubo en la boca, lo que indica que posiblemente pertenezca a alguna fuente. La melena cubre la parte delantera del cuerpo alargado. Los rasgos de la cabeza y la melena son incisivos. Este gran le\u00f3n de bronce est\u00e1 modelado con una actitud majestuosa, con una fuerte expresi\u00f3n del rostro. Est\u00e1 modelado al estilo romano tard\u00edo, con grandes ojos y con detalles esquem\u00e1ticos de la melena y las patas.<\/span><\/span><\/span><\/span><\/p>\n<p style=\"text-align: justify;\"><span dir=\"auto\" style=\"vertical-align: inherit;\"><span dir=\"auto\" style=\"vertical-align: inherit;\"><span dir=\"auto\" style=\"vertical-align: inherit;\"><span dir=\"auto\" style=\"vertical-align: inherit;\">La representaci\u00f3n del le\u00f3n aparece en todas las culturas desde el mobiliario egipcio o las puertas de Ishtar se relaciona a este elegante y fuerte animal con el poder y la ostentaci\u00f3n de este. Las patas del le\u00f3n se pueden ver en todo tipo de mobiliario o la representaci\u00f3n de leones completos son muy comunes en imperios como el sirio o babil\u00f3nico. Tambi\u00e9n relacionado con oriente medio es el uso de leones en fuentes y la importancia del agua en la arquitectura, como se ha mencionado anteriormente al tener un tubo en las fauces es probable que esta escultura perteneciera a alguna fuerte o estuviera relacionada con el agua, que saldr\u00eda por la boca.<\/span><\/span><\/span><\/span><\/p>\n<p style=\"text-align: justify;\"><span dir=\"auto\" style=\"vertical-align: inherit;\"><span dir=\"auto\" style=\"vertical-align: inherit;\"><span dir=\"auto\" style=\"vertical-align: inherit;\"><span dir=\"auto\" style=\"vertical-align: inherit;\">Por el trabajo de la pieza se puede datar en el per\u00edodo de tiempo comprendido entre los siglos III y V, conocido como el final de la Roma Bajo Imperial, momento que se corresponde con el mandato de Diocleciano con el que comienza la decadencia del Imperio. Cuando Roma parece haber alcanzado su apogeo, comienza a decaer la tradici\u00f3n helen\u00edstica. Se produce un deterioro de las instituciones, una ca\u00edda de la econom\u00eda y constantes ataques de los pueblos b\u00e1rbaros, hechos que se reflejar\u00e1n en el panorama art\u00edstico. La gran presi\u00f3n que los pueblos del centro y norte de Europa sufren por parte de los unos lo acercan cada vez m\u00e1s a las fronteras romanas y mantienen al imperio en una refrigeraci\u00f3n constante en las fronteras, el dr\u00e1stico cambio religioso tambi\u00e9n influy\u00f3 en la forma de representar las figuras. El estilo helen\u00edstico y realista ya no son el modelo a seguir y la inspiraci\u00f3n en los leones de medio oriente y por tanto en la figuraci\u00f3n a la hora de representar figuras se puede apreciar en esta pieza.<\/span><\/span><\/span><\/span><\/p>\n<p><strong><span dir=\"auto\" style=\"vertical-align: inherit;\"><span dir=\"auto\" style=\"vertical-align: inherit;\"><span dir=\"auto\" style=\"vertical-align: inherit;\"><span dir=\"auto\" style=\"vertical-align: inherit;\">Piezas similares<\/span><\/span><\/span><\/span><\/strong><\/p>\n<table style=\"height: 351px; width: 32.5484%; border-collapse: collapse; border-color: #ffffff; border-style: hidden;\" cellspacing=\"50\">\n<tbody>\n<tr style=\"height: 46px;\">\n<td style=\"width: 100%; height: 46px;\"><a href=\"https:\/\/ifergangallery.com\/wp-content\/uploads\/2021\/10\/1443-2-scaled.jpg\"><img loading=\"lazy\" class=\"alignnone wp-image-13570 size-medium\" src=\"https:\/\/ifergangallery.com\/wp-content\/uploads\/2021\/10\/1443-2-300x225.jpg\" alt=\"\" width=\"300\" height=\"225\" srcset=\"https:\/\/ifergangallery.com\/wp-content\/uploads\/2021\/10\/1443-2-300x225.jpg 300w, https:\/\/ifergangallery.com\/wp-content\/uploads\/2021\/10\/1443-2-1024x768.jpg 1024w, https:\/\/ifergangallery.com\/wp-content\/uploads\/2021\/10\/1443-2-768x576.jpg 768w, https:\/\/ifergangallery.com\/wp-content\/uploads\/2021\/10\/1443-2-1536x1152.jpg 1536w, https:\/\/ifergangallery.com\/wp-content\/uploads\/2021\/10\/1443-2-2048x1536.jpg 2048w, https:\/\/ifergangallery.com\/wp-content\/uploads\/2021\/10\/1443-2-16x12.jpg 16w, https:\/\/ifergangallery.com\/wp-content\/uploads\/2021\/10\/1443-2-600x450.jpg 600w\" sizes=\"(max-width: 300px) 100vw, 300px\" \/><\/a><\/p>\n<p style=\"text-align: center;\"><span style=\"font-size: 8pt;\"><em><span dir=\"auto\" style=\"vertical-align: inherit;\"><span dir=\"auto\" style=\"vertical-align: inherit;\"><span dir=\"auto\" style=\"vertical-align: inherit;\"><span dir=\"auto\" style=\"vertical-align: inherit;\">Fig. 1 Le\u00f3n agazapado de bronce de principios o mediados de la \u00e9poca romana republicana, probablemente de Etruria, siglo V-III aC The Met Museum (EE.UU.), N\u00famero de acceso: 1975.1.1443<\/span><\/span><\/span><\/span><\/em><\/span><\/p>\n<\/td>\n<\/tr>\n<\/tbody>\n<\/table>","protected":false},"excerpt":{"rendered":"<p>El le\u00f3n est\u00e1 agachado con las patas traseras dobladas bajo el cuerpo y las delanteras estiradas hacia delante. La cabeza est\u00e1 levantada y la cola se retuerce bajo el cuerpo y se levanta alrededor de la cadera trasera derecha. La cabeza del le\u00f3n tiene los ojos grandes y las mand\u00edbulas abiertas, dejando al descubierto la &hellip;<\/p>\n<p class=\"read-more\"> <a class=\"\" href=\"https:\/\/ifergangallery.com\/es\/piece\/escultura-romana-de-leon-en-bronce-s-iii-v-d-c\/\"> <span class=\"screen-reader-text\">Escultura romana de le\u00f3n en bronce, 300-500 d.C.<\/span> Leer m\u00e1s &raquo;<\/a><\/p>","protected":false},"featured_media":14895,"comment_status":"closed","ping_status":"closed","template":"","meta":{"spay_email":""},"product_cat":[112,490],"product_tag":[270,805,802],"yoast_head":"<!-- This site is optimized with the Yoast SEO Premium plugin v17.6 (Yoast SEO v17.6) - https:\/\/yoast.com\/wordpress\/plugins\/seo\/ -->\n<title>Escultura romana de leon en bronce, Siglos III-V d.C.<\/title>\n<meta name=\"description\" content=\"El le\u00f3n est\u00e1 agazapado con las patas traseras dobladas debajo del cuerpo y las delanteras estiradas hacia adelante.\" \/>\n<meta name=\"robots\" content=\"index, follow, max-snippet:-1, max-image-preview:large, max-video-preview:-1\" \/>\n<link rel=\"canonical\" href=\"https:\/\/ifergangallery.com\/es\/piece\/escultura-romana-de-leon-en-bronce-s-iii-v-d-c\/\" \/>\n<meta property=\"og:locale\" content=\"es_ES\" \/>\n<meta property=\"og:type\" content=\"article\" \/>\n<meta property=\"og:title\" content=\"Escultura romana de le\u00f3n en bronce, 300-500 d.C.\" \/>\n<meta property=\"og:description\" content=\"El le\u00f3n est\u00e1 agazapado con las patas traseras dobladas debajo del cuerpo y las delanteras estiradas hacia adelante.\" \/>\n<meta property=\"og:url\" content=\"https:\/\/ifergangallery.com\/es\/piece\/escultura-romana-de-leon-en-bronce-s-iii-v-d-c\/\" \/>\n<meta property=\"og:site_name\" content=\"Ifergan Gallery\" \/>\n<meta property=\"article:publisher\" content=\"https:\/\/www.facebook.com\/Ifergancollectionmalaga\" \/>\n<meta property=\"article:modified_time\" content=\"2026-04-09T09:11:24+00:00\" \/>\n<meta property=\"og:image\" content=\"https:\/\/ifergangallery.com\/wp-content\/uploads\/2021\/10\/bai005-6-3.jpg\" \/>\n\t<meta property=\"og:image:width\" content=\"2048\" \/>\n\t<meta property=\"og:image:height\" content=\"2048\" \/>\n<meta name=\"twitter:card\" content=\"summary_large_image\" \/>\n<meta name=\"twitter:site\" content=\"@Ifergangallery\" \/>\n<meta name=\"twitter:label1\" content=\"Tiempo de lectura\" \/>\n\t<meta name=\"twitter:data1\" content=\"3 minutos\" \/>\n<script type=\"application\/ld+json\" class=\"yoast-schema-graph\">{\"@context\":\"https:\/\/schema.org\",\"@graph\":[{\"@type\":\"Organization\",\"@id\":\"https:\/\/ifergangallery.com\/#organization\",\"name\":\"Ifergan Gallery\",\"url\":\"https:\/\/ifergangallery.com\/\",\"sameAs\":[\"https:\/\/www.facebook.com\/Ifergancollectionmalaga\",\"https:\/\/www.instagram.com\/ifergangallery\/\",\"https:\/\/www.youtube.com\/channel\/UC2O2zZ9BJKhbUFOnu_5mE3g\",\"https:\/\/twitter.com\/Ifergangallery\"],\"logo\":{\"@type\":\"ImageObject\",\"@id\":\"https:\/\/ifergangallery.com\/#logo\",\"inLanguage\":\"es\",\"url\":\"https:\/\/ifergangallery.com\/wp-content\/uploads\/2021\/09\/Imagotipo_blanco-e1637271379231.png\",\"contentUrl\":\"https:\/\/ifergangallery.com\/wp-content\/uploads\/2021\/09\/Imagotipo_blanco-e1637271379231.png\",\"width\":1920,\"height\":1065,\"caption\":\"Ifergan Gallery\"},\"image\":{\"@id\":\"https:\/\/ifergangallery.com\/#logo\"}},{\"@type\":\"WebSite\",\"@id\":\"https:\/\/ifergangallery.com\/#website\",\"url\":\"https:\/\/ifergangallery.com\/\",\"name\":\"Ifergan Gallery\",\"description\":\"Ancient Art Gallery\",\"publisher\":{\"@id\":\"https:\/\/ifergangallery.com\/#organization\"},\"potentialAction\":[{\"@type\":\"SearchAction\",\"target\":{\"@type\":\"EntryPoint\",\"urlTemplate\":\"https:\/\/ifergangallery.com\/?s={search_term_string}\"},\"query-input\":\"required name=search_term_string\"}],\"inLanguage\":\"es\"},{\"@type\":\"ImageObject\",\"@id\":\"https:\/\/ifergangallery.com\/es\/piece\/escultura-romana-de-leon-en-bronce-s-iii-v-d-c\/#primaryimage\",\"inLanguage\":\"es\",\"url\":\"https:\/\/ifergangallery.com\/wp-content\/uploads\/2021\/10\/bai005-6-3.jpg\",\"contentUrl\":\"https:\/\/ifergangallery.com\/wp-content\/uploads\/2021\/10\/bai005-6-3.jpg\",\"width\":2048,\"height\":2048},{\"@type\":\"WebPage\",\"@id\":\"https:\/\/ifergangallery.com\/es\/piece\/escultura-romana-de-leon-en-bronce-s-iii-v-d-c\/#webpage\",\"url\":\"https:\/\/ifergangallery.com\/es\/piece\/escultura-romana-de-leon-en-bronce-s-iii-v-d-c\/\",\"name\":\"Escultura romana de leon en bronce, Siglos III-V d.C.\",\"isPartOf\":{\"@id\":\"https:\/\/ifergangallery.com\/#website\"},\"primaryImageOfPage\":{\"@id\":\"https:\/\/ifergangallery.com\/es\/piece\/escultura-romana-de-leon-en-bronce-s-iii-v-d-c\/#primaryimage\"},\"datePublished\":\"2023-10-21T16:05:34+00:00\",\"dateModified\":\"2026-04-09T09:11:24+00:00\",\"description\":\"El le\\u00f3n est\\u00e1 agazapado con las patas traseras dobladas debajo del cuerpo y las delanteras estiradas hacia adelante.\",\"breadcrumb\":{\"@id\":\"https:\/\/ifergangallery.com\/es\/piece\/escultura-romana-de-leon-en-bronce-s-iii-v-d-c\/#breadcrumb\"},\"inLanguage\":\"es\",\"potentialAction\":[{\"@type\":\"ReadAction\",\"target\":[\"https:\/\/ifergangallery.com\/es\/piece\/escultura-romana-de-leon-en-bronce-s-iii-v-d-c\/\"]}]},{\"@type\":\"BreadcrumbList\",\"@id\":\"https:\/\/ifergangallery.com\/es\/piece\/escultura-romana-de-leon-en-bronce-s-iii-v-d-c\/#breadcrumb\",\"itemListElement\":[{\"@type\":\"ListItem\",\"position\":1,\"name\":\"Home\",\"item\":\"https:\/\/ifergangallery.com\/es\/\"},{\"@type\":\"ListItem\",\"position\":2,\"name\":\"Works of art\",\"item\":\"https:\/\/ifergangallery.com\/es\/works_of_art\/\"},{\"@type\":\"ListItem\",\"position\":3,\"name\":\"Escultura romana de le\\u00f3n en bronce, 300-500 d.C.\"}]}]}<\/script>\n<!-- \/ Yoast SEO Premium plugin. -->","yoast_head_json":{"title":"Escultura romana de leon en bronce, Siglos III-V d.C.","description":"El le\u00f3n est\u00e1 agazapado con las patas traseras dobladas debajo del cuerpo y las delanteras estiradas hacia adelante.","robots":{"index":"index","follow":"follow","max-snippet":"max-snippet:-1","max-image-preview":"max-image-preview:large","max-video-preview":"max-video-preview:-1"},"canonical":"https:\/\/ifergangallery.com\/es\/piece\/escultura-romana-de-leon-en-bronce-s-iii-v-d-c\/","og_locale":"es_ES","og_type":"article","og_title":"Escultura romana de le\u00f3n en bronce, 300-500 d.C.","og_description":"El le\u00f3n est\u00e1 agazapado con las patas traseras dobladas debajo del cuerpo y las delanteras estiradas hacia adelante.","og_url":"https:\/\/ifergangallery.com\/es\/piece\/escultura-romana-de-leon-en-bronce-s-iii-v-d-c\/","og_site_name":"Ifergan Gallery","article_publisher":"https:\/\/www.facebook.com\/Ifergancollectionmalaga","article_modified_time":"2026-04-09T09:11:24+00:00","og_image":[{"width":2048,"height":2048,"url":"https:\/\/ifergangallery.com\/wp-content\/uploads\/2021\/10\/bai005-6-3.jpg","type":"image\/jpeg"}],"twitter_card":"summary_large_image","twitter_site":"@Ifergangallery","twitter_misc":{"Tiempo de lectura":"3 minutos"},"schema":{"@context":"https:\/\/schema.org","@graph":[{"@type":"Organization","@id":"https:\/\/ifergangallery.com\/#organization","name":"Ifergan Gallery","url":"https:\/\/ifergangallery.com\/","sameAs":["https:\/\/www.facebook.com\/Ifergancollectionmalaga","https:\/\/www.instagram.com\/ifergangallery\/","https:\/\/www.youtube.com\/channel\/UC2O2zZ9BJKhbUFOnu_5mE3g","https:\/\/twitter.com\/Ifergangallery"],"logo":{"@type":"ImageObject","@id":"https:\/\/ifergangallery.com\/#logo","inLanguage":"es","url":"https:\/\/ifergangallery.com\/wp-content\/uploads\/2021\/09\/Imagotipo_blanco-e1637271379231.png","contentUrl":"https:\/\/ifergangallery.com\/wp-content\/uploads\/2021\/09\/Imagotipo_blanco-e1637271379231.png","width":1920,"height":1065,"caption":"Ifergan Gallery"},"image":{"@id":"https:\/\/ifergangallery.com\/#logo"}},{"@type":"WebSite","@id":"https:\/\/ifergangallery.com\/#website","url":"https:\/\/ifergangallery.com\/","name":"Ifergan Gallery","description":"Ancient Art Gallery","publisher":{"@id":"https:\/\/ifergangallery.com\/#organization"},"potentialAction":[{"@type":"SearchAction","target":{"@type":"EntryPoint","urlTemplate":"https:\/\/ifergangallery.com\/?s={search_term_string}"},"query-input":"required name=search_term_string"}],"inLanguage":"es"},{"@type":"ImageObject","@id":"https:\/\/ifergangallery.com\/es\/piece\/escultura-romana-de-leon-en-bronce-s-iii-v-d-c\/#primaryimage","inLanguage":"es","url":"https:\/\/ifergangallery.com\/wp-content\/uploads\/2021\/10\/bai005-6-3.jpg","contentUrl":"https:\/\/ifergangallery.com\/wp-content\/uploads\/2021\/10\/bai005-6-3.jpg","width":2048,"height":2048},{"@type":"WebPage","@id":"https:\/\/ifergangallery.com\/es\/piece\/escultura-romana-de-leon-en-bronce-s-iii-v-d-c\/#webpage","url":"https:\/\/ifergangallery.com\/es\/piece\/escultura-romana-de-leon-en-bronce-s-iii-v-d-c\/","name":"Escultura romana de leon en bronce, Siglos III-V d.C.","isPartOf":{"@id":"https:\/\/ifergangallery.com\/#website"},"primaryImageOfPage":{"@id":"https:\/\/ifergangallery.com\/es\/piece\/escultura-romana-de-leon-en-bronce-s-iii-v-d-c\/#primaryimage"},"datePublished":"2023-10-21T16:05:34+00:00","dateModified":"2026-04-09T09:11:24+00:00","description":"El le\u00f3n est\u00e1 agazapado con las patas traseras dobladas debajo del cuerpo y las delanteras estiradas hacia adelante.","breadcrumb":{"@id":"https:\/\/ifergangallery.com\/es\/piece\/escultura-romana-de-leon-en-bronce-s-iii-v-d-c\/#breadcrumb"},"inLanguage":"es","potentialAction":[{"@type":"ReadAction","target":["https:\/\/ifergangallery.com\/es\/piece\/escultura-romana-de-leon-en-bronce-s-iii-v-d-c\/"]}]},{"@type":"BreadcrumbList","@id":"https:\/\/ifergangallery.com\/es\/piece\/escultura-romana-de-leon-en-bronce-s-iii-v-d-c\/#breadcrumb","itemListElement":[{"@type":"ListItem","position":1,"name":"Home","item":"https:\/\/ifergangallery.com\/es\/"},{"@type":"ListItem","position":2,"name":"Works of art","item":"https:\/\/ifergangallery.com\/es\/works_of_art\/"},{"@type":"ListItem","position":3,"name":"Escultura romana de le\u00f3n en bronce, 300-500 d.C."}]}]}},"_links":{"self":[{"href":"https:\/\/ifergangallery.com\/es\/wp-json\/wp\/v2\/product\/4516"}],"collection":[{"href":"https:\/\/ifergangallery.com\/es\/wp-json\/wp\/v2\/product"}],"about":[{"href":"https:\/\/ifergangallery.com\/es\/wp-json\/wp\/v2\/types\/product"}],"replies":[{"embeddable":true,"href":"https:\/\/ifergangallery.com\/es\/wp-json\/wp\/v2\/comments?post=4516"}],"wp:featuredmedia":[{"embeddable":true,"href":"https:\/\/ifergangallery.com\/es\/wp-json\/wp\/v2\/media\/14895"}],"wp:attachment":[{"href":"https:\/\/ifergangallery.com\/es\/wp-json\/wp\/v2\/media?parent=4516"}],"wp:term":[{"taxonomy":"product_cat","embeddable":true,"href":"https:\/\/ifergangallery.com\/es\/wp-json\/wp\/v2\/product_cat?post=4516"},{"taxonomy":"product_tag","embeddable":true,"href":"https:\/\/ifergangallery.com\/es\/wp-json\/wp\/v2\/product_tag?post=4516"}],"curies":[{"name":"wp","href":"https:\/\/api.w.org\/{rel}","templated":true}]}}