{"id":4523,"date":"2026-02-13T16:06:14","date_gmt":"2026-02-13T16:06:14","guid":{"rendered":"https:\/\/snackjerusalem.com\/piece\/frasco-romano-de-vidrio-color-azul-con-el-busto-de-jano-bifronte-200-d-c\/"},"modified":"2026-02-13T13:03:45","modified_gmt":"2026-02-13T13:03:45","slug":"frasco-romano-de-vidrio-color-azul-con-el-busto-de-jano-bifronte-200-d-c","status":"publish","type":"product","link":"https:\/\/ifergangallery.com\/es\/piece\/frasco-romano-de-vidrio-color-azul-con-el-busto-de-jano-bifronte-200-d-c\/","title":{"rendered":"Frasco romano de vidrio color azul con el busto de Jano bifronte, 200 d.C."},"content":{"rendered":"<p style=\"text-align: justify;\"><span dir=\"auto\" style=\"vertical-align: inherit;\"><span dir=\"auto\" style=\"vertical-align: inherit;\">Este frasco es muy selecto ya que su superficie no es lisa, sino que presenta un cuerpo con relieve que, concretamente, representa la doble cara del dios Jano. Es una representaci\u00f3n bifronte que representa a un busto enfrentado a otro por detr\u00e1s. El dios Jano es el dios del comienzo y del final y se le suele representar con dos caras, en muchas ocasiones con diferentes edades. Los romanos rend\u00edan culto a este dios pues les aseguraba un feliz final. Este frasco destaca adem\u00e1s por el color azul tan intenso que presenta.<\/span><\/span><\/p>\n<p style=\"text-align: justify;\"><span dir=\"auto\" style=\"vertical-align: inherit;\"><span dir=\"auto\" style=\"vertical-align: inherit;\">Tanto por la calidad del vidrio empleado como por la importancia del dise\u00f1o que presenta este frasco ser\u00eda un objeto de lujo realizado para ser adquirido por las familias m\u00e1s pudientes de la Antigua Roma. Era un material muy costoso debido a su complicada composici\u00f3n y al largo proceso de fabricaci\u00f3n que requer\u00eda.<\/span><\/span><\/p>\n<p style=\"text-align: justify;\"><span dir=\"auto\" style=\"vertical-align: inherit;\"><span dir=\"auto\" style=\"vertical-align: inherit;\">Los siglos I y II dC pertenecen al per\u00edodo conocido como la Roma Alto Imperial, es decir, la \u00e9poca de esplendor del Imperio Roma. Es una \u00e9poca floreciente gracias a la llegada al poder de augusto, quien impulsa cambios potentes en el Imperio que repercuten en el arte romano. En esta \u00e9poca la est\u00e9tica escult\u00f3rica procede del mundo helen\u00edstico y respecto a las tipolog\u00edas predominan el relieve hist\u00f3rico y el retrato, que pretenden hacer propaganda de los personajes o hechos m\u00e1s importantes.<\/span><\/span><\/p>","protected":false},"excerpt":{"rendered":"<p>Este frasco es muy selecto ya que su superficie no es lisa, sino que presenta un cuerpo con relieve que, concretamente, representa la doble cara del dios Jano. Es una representaci\u00f3n bifronte que representa a un busto enfrentado a otro por detr\u00e1s. El dios Jano es el dios del comienzo y del final y se &hellip;<\/p>\n<p class=\"read-more\"> <a class=\"\" href=\"https:\/\/ifergangallery.com\/es\/piece\/frasco-romano-de-vidrio-color-azul-con-el-busto-de-jano-bifronte-200-d-c\/\"> <span class=\"screen-reader-text\">Frasco romano de vidrio color azul con el busto de Jano bifronte, 200 d.C.<\/span> Leer m\u00e1s &raquo;<\/a><\/p>","protected":false},"featured_media":14879,"comment_status":"closed","ping_status":"closed","template":"","meta":{"spay_email":""},"product_cat":[112,490],"product_tag":[269,206,268],"yoast_head":"<!-- This site is optimized with the Yoast SEO Premium plugin v17.6 (Yoast SEO v17.6) - https:\/\/yoast.com\/wordpress\/plugins\/seo\/ -->\n<title>Frasco romano de vidrio color azul con el busto de Jano bifronte, 200 d.C. &ndash; Ifergan Gallery<\/title>\n<meta name=\"robots\" content=\"index, follow, max-snippet:-1, max-image-preview:large, max-video-preview:-1\" \/>\n<link rel=\"canonical\" href=\"https:\/\/ifergangallery.com\/es\/piece\/roman-blue-glass-bottle-with-a-bust-of-janus-200-a-d\/\" \/>\n<meta property=\"og:locale\" content=\"es_ES\" \/>\n<meta property=\"og:type\" content=\"article\" \/>\n<meta property=\"og:title\" content=\"Frasco romano de vidrio color azul con el busto de Jano bifronte, 200 d.C.\" \/>\n<meta property=\"og:description\" content=\"Este frasco es muy selecto ya que su superficie no es lisa, sino que presenta un cuerpo con relieve que, concretamente, representa la doble cara del dios Jano. Es una representaci\u00f3n bifronte que representa a un busto enfrentado a otro por detr\u00e1s. El dios Jano es el dios del comienzo y del final y se &hellip; Frasco romano de vidrio color azul con el busto de Jano bifronte, 200 d.C. Leer m\u00e1s &raquo;\" \/>\n<meta property=\"og:url\" content=\"https:\/\/ifergangallery.com\/piece\/roman-blue-glass-bottle-with-a-bust-of-janus-200-a-d\/\" \/>\n<meta property=\"og:site_name\" content=\"Ifergan Gallery\" \/>\n<meta property=\"article:publisher\" content=\"https:\/\/www.facebook.com\/Ifergancollectionmalaga\" \/>\n<meta property=\"article:modified_time\" content=\"2026-02-13T13:03:45+00:00\" \/>\n<meta property=\"og:image\" content=\"https:\/\/ifergangallery.com\/wp-content\/uploads\/2021\/10\/r37128-2-4.jpg\" \/>\n\t<meta property=\"og:image:width\" content=\"2048\" \/>\n\t<meta property=\"og:image:height\" content=\"2048\" \/>\n<meta name=\"twitter:card\" content=\"summary_large_image\" \/>\n<meta name=\"twitter:site\" content=\"@Ifergangallery\" \/>\n<meta name=\"twitter:label1\" content=\"Tiempo de lectura\" \/>\n\t<meta name=\"twitter:data1\" content=\"1 minuto\" \/>\n<script type=\"application\/ld+json\" class=\"yoast-schema-graph\">{\"@context\":\"https:\/\/schema.org\",\"@graph\":[{\"@type\":\"Organization\",\"@id\":\"https:\/\/ifergangallery.com\/#organization\",\"name\":\"Ifergan Gallery\",\"url\":\"https:\/\/ifergangallery.com\/\",\"sameAs\":[\"https:\/\/www.facebook.com\/Ifergancollectionmalaga\",\"https:\/\/www.instagram.com\/ifergangallery\/\",\"https:\/\/www.youtube.com\/channel\/UC2O2zZ9BJKhbUFOnu_5mE3g\",\"https:\/\/twitter.com\/Ifergangallery\"],\"logo\":{\"@type\":\"ImageObject\",\"@id\":\"https:\/\/ifergangallery.com\/#logo\",\"inLanguage\":\"es\",\"url\":\"https:\/\/ifergangallery.com\/wp-content\/uploads\/2021\/09\/Imagotipo_blanco-e1637271379231.png\",\"contentUrl\":\"https:\/\/ifergangallery.com\/wp-content\/uploads\/2021\/09\/Imagotipo_blanco-e1637271379231.png\",\"width\":1920,\"height\":1065,\"caption\":\"Ifergan Gallery\"},\"image\":{\"@id\":\"https:\/\/ifergangallery.com\/#logo\"}},{\"@type\":\"WebSite\",\"@id\":\"https:\/\/ifergangallery.com\/#website\",\"url\":\"https:\/\/ifergangallery.com\/\",\"name\":\"Ifergan Gallery\",\"description\":\"Ancient Art Gallery\",\"publisher\":{\"@id\":\"https:\/\/ifergangallery.com\/#organization\"},\"potentialAction\":[{\"@type\":\"SearchAction\",\"target\":{\"@type\":\"EntryPoint\",\"urlTemplate\":\"https:\/\/ifergangallery.com\/?s={search_term_string}\"},\"query-input\":\"required name=search_term_string\"}],\"inLanguage\":\"es\"},{\"@type\":\"ImageObject\",\"@id\":\"https:\/\/ifergangallery.com\/piece\/roman-blue-glass-bottle-with-a-bust-of-janus-200-a-d\/#primaryimage\",\"inLanguage\":\"es\",\"url\":\"https:\/\/ifergangallery.com\/wp-content\/uploads\/2021\/10\/r37128-2-4.jpg\",\"contentUrl\":\"https:\/\/ifergangallery.com\/wp-content\/uploads\/2021\/10\/r37128-2-4.jpg\",\"width\":2048,\"height\":2048},{\"@type\":\"WebPage\",\"@id\":\"https:\/\/ifergangallery.com\/piece\/roman-blue-glass-bottle-with-a-bust-of-janus-200-a-d\/#webpage\",\"url\":\"https:\/\/ifergangallery.com\/piece\/roman-blue-glass-bottle-with-a-bust-of-janus-200-a-d\/\",\"name\":\"Frasco romano de vidrio color azul con el busto de Jano bifronte, 200 d.C. &ndash; Ifergan Gallery\",\"isPartOf\":{\"@id\":\"https:\/\/ifergangallery.com\/#website\"},\"primaryImageOfPage\":{\"@id\":\"https:\/\/ifergangallery.com\/piece\/roman-blue-glass-bottle-with-a-bust-of-janus-200-a-d\/#primaryimage\"},\"datePublished\":\"2026-02-13T16:06:14+00:00\",\"dateModified\":\"2026-02-13T13:03:45+00:00\",\"breadcrumb\":{\"@id\":\"https:\/\/ifergangallery.com\/piece\/roman-blue-glass-bottle-with-a-bust-of-janus-200-a-d\/#breadcrumb\"},\"inLanguage\":\"es\",\"potentialAction\":[{\"@type\":\"ReadAction\",\"target\":[\"https:\/\/ifergangallery.com\/piece\/roman-blue-glass-bottle-with-a-bust-of-janus-200-a-d\/\"]}]},{\"@type\":\"BreadcrumbList\",\"@id\":\"https:\/\/ifergangallery.com\/piece\/roman-blue-glass-bottle-with-a-bust-of-janus-200-a-d\/#breadcrumb\",\"itemListElement\":[{\"@type\":\"ListItem\",\"position\":1,\"name\":\"Home\",\"item\":\"https:\/\/ifergangallery.com\/es\/\"},{\"@type\":\"ListItem\",\"position\":2,\"name\":\"Works of art\",\"item\":\"https:\/\/ifergangallery.com\/es\/works_of_art\/\"},{\"@type\":\"ListItem\",\"position\":3,\"name\":\"Frasco romano de vidrio color azul con el busto de Jano bifronte, 200 d.C.\"}]}]}<\/script>\n<!-- \/ Yoast SEO Premium plugin. -->","yoast_head_json":{"title":"Frasco romano de vidrio color azul con el busto de Jano bifronte, 200 d.C. &ndash; Ifergan Gallery","robots":{"index":"index","follow":"follow","max-snippet":"max-snippet:-1","max-image-preview":"max-image-preview:large","max-video-preview":"max-video-preview:-1"},"canonical":"https:\/\/ifergangallery.com\/es\/piece\/roman-blue-glass-bottle-with-a-bust-of-janus-200-a-d\/","og_locale":"es_ES","og_type":"article","og_title":"Frasco romano de vidrio color azul con el busto de Jano bifronte, 200 d.C.","og_description":"Este frasco es muy selecto ya que su superficie no es lisa, sino que presenta un cuerpo con relieve que, concretamente, representa la doble cara del dios Jano. Es una representaci\u00f3n bifronte que representa a un busto enfrentado a otro por detr\u00e1s. El dios Jano es el dios del comienzo y del final y se &hellip; Frasco romano de vidrio color azul con el busto de Jano bifronte, 200 d.C. Leer m\u00e1s &raquo;","og_url":"https:\/\/ifergangallery.com\/piece\/roman-blue-glass-bottle-with-a-bust-of-janus-200-a-d\/","og_site_name":"Ifergan Gallery","article_publisher":"https:\/\/www.facebook.com\/Ifergancollectionmalaga","article_modified_time":"2026-02-13T13:03:45+00:00","og_image":[{"width":2048,"height":2048,"url":"https:\/\/ifergangallery.com\/wp-content\/uploads\/2021\/10\/r37128-2-4.jpg","type":"image\/jpeg"}],"twitter_card":"summary_large_image","twitter_site":"@Ifergangallery","twitter_misc":{"Tiempo de lectura":"1 minuto"},"schema":{"@context":"https:\/\/schema.org","@graph":[{"@type":"Organization","@id":"https:\/\/ifergangallery.com\/#organization","name":"Ifergan Gallery","url":"https:\/\/ifergangallery.com\/","sameAs":["https:\/\/www.facebook.com\/Ifergancollectionmalaga","https:\/\/www.instagram.com\/ifergangallery\/","https:\/\/www.youtube.com\/channel\/UC2O2zZ9BJKhbUFOnu_5mE3g","https:\/\/twitter.com\/Ifergangallery"],"logo":{"@type":"ImageObject","@id":"https:\/\/ifergangallery.com\/#logo","inLanguage":"es","url":"https:\/\/ifergangallery.com\/wp-content\/uploads\/2021\/09\/Imagotipo_blanco-e1637271379231.png","contentUrl":"https:\/\/ifergangallery.com\/wp-content\/uploads\/2021\/09\/Imagotipo_blanco-e1637271379231.png","width":1920,"height":1065,"caption":"Ifergan Gallery"},"image":{"@id":"https:\/\/ifergangallery.com\/#logo"}},{"@type":"WebSite","@id":"https:\/\/ifergangallery.com\/#website","url":"https:\/\/ifergangallery.com\/","name":"Ifergan Gallery","description":"Ancient Art Gallery","publisher":{"@id":"https:\/\/ifergangallery.com\/#organization"},"potentialAction":[{"@type":"SearchAction","target":{"@type":"EntryPoint","urlTemplate":"https:\/\/ifergangallery.com\/?s={search_term_string}"},"query-input":"required name=search_term_string"}],"inLanguage":"es"},{"@type":"ImageObject","@id":"https:\/\/ifergangallery.com\/piece\/roman-blue-glass-bottle-with-a-bust-of-janus-200-a-d\/#primaryimage","inLanguage":"es","url":"https:\/\/ifergangallery.com\/wp-content\/uploads\/2021\/10\/r37128-2-4.jpg","contentUrl":"https:\/\/ifergangallery.com\/wp-content\/uploads\/2021\/10\/r37128-2-4.jpg","width":2048,"height":2048},{"@type":"WebPage","@id":"https:\/\/ifergangallery.com\/piece\/roman-blue-glass-bottle-with-a-bust-of-janus-200-a-d\/#webpage","url":"https:\/\/ifergangallery.com\/piece\/roman-blue-glass-bottle-with-a-bust-of-janus-200-a-d\/","name":"Frasco romano de vidrio color azul con el busto de Jano bifronte, 200 d.C. &ndash; Ifergan Gallery","isPartOf":{"@id":"https:\/\/ifergangallery.com\/#website"},"primaryImageOfPage":{"@id":"https:\/\/ifergangallery.com\/piece\/roman-blue-glass-bottle-with-a-bust-of-janus-200-a-d\/#primaryimage"},"datePublished":"2026-02-13T16:06:14+00:00","dateModified":"2026-02-13T13:03:45+00:00","breadcrumb":{"@id":"https:\/\/ifergangallery.com\/piece\/roman-blue-glass-bottle-with-a-bust-of-janus-200-a-d\/#breadcrumb"},"inLanguage":"es","potentialAction":[{"@type":"ReadAction","target":["https:\/\/ifergangallery.com\/piece\/roman-blue-glass-bottle-with-a-bust-of-janus-200-a-d\/"]}]},{"@type":"BreadcrumbList","@id":"https:\/\/ifergangallery.com\/piece\/roman-blue-glass-bottle-with-a-bust-of-janus-200-a-d\/#breadcrumb","itemListElement":[{"@type":"ListItem","position":1,"name":"Home","item":"https:\/\/ifergangallery.com\/es\/"},{"@type":"ListItem","position":2,"name":"Works of art","item":"https:\/\/ifergangallery.com\/es\/works_of_art\/"},{"@type":"ListItem","position":3,"name":"Frasco romano de vidrio color azul con el busto de Jano bifronte, 200 d.C."}]}]}},"_links":{"self":[{"href":"https:\/\/ifergangallery.com\/es\/wp-json\/wp\/v2\/product\/4523"}],"collection":[{"href":"https:\/\/ifergangallery.com\/es\/wp-json\/wp\/v2\/product"}],"about":[{"href":"https:\/\/ifergangallery.com\/es\/wp-json\/wp\/v2\/types\/product"}],"replies":[{"embeddable":true,"href":"https:\/\/ifergangallery.com\/es\/wp-json\/wp\/v2\/comments?post=4523"}],"wp:featuredmedia":[{"embeddable":true,"href":"https:\/\/ifergangallery.com\/es\/wp-json\/wp\/v2\/media\/14879"}],"wp:attachment":[{"href":"https:\/\/ifergangallery.com\/es\/wp-json\/wp\/v2\/media?parent=4523"}],"wp:term":[{"taxonomy":"product_cat","embeddable":true,"href":"https:\/\/ifergangallery.com\/es\/wp-json\/wp\/v2\/product_cat?post=4523"},{"taxonomy":"product_tag","embeddable":true,"href":"https:\/\/ifergangallery.com\/es\/wp-json\/wp\/v2\/product_tag?post=4523"}],"curies":[{"name":"wp","href":"https:\/\/api.w.org\/{rel}","templated":true}]}}