{"id":4865,"date":"2021-10-21T16:54:59","date_gmt":"2021-10-21T16:54:59","guid":{"rendered":"https:\/\/snackjerusalem.com\/piece\/anfora-griega-de-terracota-s-iv-a-c-2\/"},"modified":"2026-03-12T07:11:42","modified_gmt":"2026-03-12T07:11:42","slug":"anfora-griega-de-terracota-s-iv-a-c-2","status":"publish","type":"product","link":"https:\/\/ifergangallery.com\/es\/piece\/anfora-griega-de-terracota-s-iv-a-c-2\/","title":{"rendered":"\u00c1nfora de transporte griega de terracota, Siglo IV a.C."},"content":{"rendered":"<p style=\"text-align: justify;\"><span dir=\"auto\" style=\"vertical-align: inherit;\"><span dir=\"auto\" style=\"vertical-align: inherit;\"><span dir=\"auto\" style=\"vertical-align: inherit;\"><span dir=\"auto\" style=\"vertical-align: inherit;\">Magn\u00edfico ejemplo de \u00e1nfora de transporte de cer\u00e1mica con base c\u00f3nica, cuerpo piriforme invertido, hombro redondeado que se estrecha hasta un cuello cil\u00edndrico, boca alta y un par de asas que se arquean desde justo debajo del borde hasta la parte superior del hombro. El exterior de la vasija est\u00e1 casi completamente cubierto de incrustaciones propias de haber estado sumergida en aguas profundas durante incontables a\u00f1os, aunque estas acumulaciones le confieren una excelente presentaci\u00f3n. Las vasijas de transporte como esta no sol\u00edan estar adornadas con decoraciones pintadas ni detalles aplicados, aunque algunas presentan marcas estampadas que indican los materiales que contienen.<\/span><\/span><\/span><\/span><\/p>","protected":false},"excerpt":{"rendered":"<p>Magn\u00edfico ejemplo de \u00e1nfora de transporte de cer\u00e1mica con base c\u00f3nica, cuerpo piriforme invertido, hombro redondeado que se estrecha hasta un cuello cil\u00edndrico, boca alta y un par de asas que se arquean desde justo debajo del borde hasta la parte superior del hombro. El exterior de la vasija est\u00e1 casi completamente cubierto de incrustaciones &hellip;<\/p>\n<p class=\"read-more\"> <a class=\"\" href=\"https:\/\/ifergangallery.com\/es\/piece\/anfora-griega-de-terracota-s-iv-a-c-2\/\"> <span class=\"screen-reader-text\">\u00c1nfora de transporte griega de terracota, Siglo IV a.C.<\/span> Leer m\u00e1s &raquo;<\/a><\/p>","protected":false},"featured_media":15956,"comment_status":"closed","ping_status":"closed","template":"","meta":{"spay_email":""},"product_cat":[111],"product_tag":[265,444],"yoast_head":"<!-- This site is optimized with the Yoast SEO Premium plugin v17.6 (Yoast SEO v17.6) - https:\/\/yoast.com\/wordpress\/plugins\/seo\/ -->\n<title>\u00c1nfora de transporte griega de terracota, Siglo IV a.C. &ndash; Ifergan Gallery<\/title>\n<meta name=\"robots\" content=\"index, follow, max-snippet:-1, max-image-preview:large, max-video-preview:-1\" \/>\n<link rel=\"canonical\" href=\"https:\/\/ifergangallery.com\/es\/piece\/anfora-griega-de-terracota-s-iv-a-c-2\/\" \/>\n<meta property=\"og:locale\" content=\"es_ES\" \/>\n<meta property=\"og:type\" content=\"article\" \/>\n<meta property=\"og:title\" content=\"\u00c1nfora de transporte griega de terracota, Siglo IV a.C.\" \/>\n<meta property=\"og:description\" content=\"Magn\u00edfico ejemplo de \u00e1nfora de transporte de cer\u00e1mica con base c\u00f3nica, cuerpo piriforme invertido, hombro redondeado que se estrecha hasta un cuello cil\u00edndrico, boca alta y un par de asas que se arquean desde justo debajo del borde hasta la parte superior del hombro. El exterior de la vasija est\u00e1 casi completamente cubierto de incrustaciones &hellip; \u00c1nfora de transporte griega de terracota, Siglo IV a.C. Leer m\u00e1s &raquo;\" \/>\n<meta property=\"og:url\" content=\"https:\/\/ifergangallery.com\/es\/piece\/anfora-griega-de-terracota-s-iv-a-c-2\/\" \/>\n<meta property=\"og:site_name\" content=\"Ifergan Gallery\" \/>\n<meta property=\"article:publisher\" content=\"https:\/\/www.facebook.com\/Ifergancollectionmalaga\" \/>\n<meta property=\"article:modified_time\" content=\"2026-03-12T07:11:42+00:00\" \/>\n<meta property=\"og:image\" content=\"https:\/\/ifergangallery.com\/wp-content\/uploads\/2021\/10\/fcr055-2.jpg\" \/>\n\t<meta property=\"og:image:width\" content=\"2048\" \/>\n\t<meta property=\"og:image:height\" content=\"2048\" \/>\n<meta name=\"twitter:card\" content=\"summary_large_image\" \/>\n<meta name=\"twitter:site\" content=\"@Ifergangallery\" \/>\n<meta name=\"twitter:label1\" content=\"Tiempo de lectura\" \/>\n\t<meta name=\"twitter:data1\" content=\"1 minuto\" \/>\n<script type=\"application\/ld+json\" class=\"yoast-schema-graph\">{\"@context\":\"https:\/\/schema.org\",\"@graph\":[{\"@type\":\"Organization\",\"@id\":\"https:\/\/ifergangallery.com\/#organization\",\"name\":\"Ifergan Gallery\",\"url\":\"https:\/\/ifergangallery.com\/\",\"sameAs\":[\"https:\/\/www.facebook.com\/Ifergancollectionmalaga\",\"https:\/\/www.instagram.com\/ifergangallery\/\",\"https:\/\/www.youtube.com\/channel\/UC2O2zZ9BJKhbUFOnu_5mE3g\",\"https:\/\/twitter.com\/Ifergangallery\"],\"logo\":{\"@type\":\"ImageObject\",\"@id\":\"https:\/\/ifergangallery.com\/#logo\",\"inLanguage\":\"es\",\"url\":\"https:\/\/ifergangallery.com\/wp-content\/uploads\/2021\/09\/Imagotipo_blanco-e1637271379231.png\",\"contentUrl\":\"https:\/\/ifergangallery.com\/wp-content\/uploads\/2021\/09\/Imagotipo_blanco-e1637271379231.png\",\"width\":1920,\"height\":1065,\"caption\":\"Ifergan Gallery\"},\"image\":{\"@id\":\"https:\/\/ifergangallery.com\/#logo\"}},{\"@type\":\"WebSite\",\"@id\":\"https:\/\/ifergangallery.com\/#website\",\"url\":\"https:\/\/ifergangallery.com\/\",\"name\":\"Ifergan Gallery\",\"description\":\"Ancient Art Gallery\",\"publisher\":{\"@id\":\"https:\/\/ifergangallery.com\/#organization\"},\"potentialAction\":[{\"@type\":\"SearchAction\",\"target\":{\"@type\":\"EntryPoint\",\"urlTemplate\":\"https:\/\/ifergangallery.com\/?s={search_term_string}\"},\"query-input\":\"required name=search_term_string\"}],\"inLanguage\":\"es\"},{\"@type\":\"ImageObject\",\"@id\":\"https:\/\/ifergangallery.com\/es\/piece\/anfora-griega-de-terracota-s-iv-a-c-2\/#primaryimage\",\"inLanguage\":\"es\",\"url\":\"https:\/\/ifergangallery.com\/wp-content\/uploads\/2021\/10\/fcr055-2.jpg\",\"contentUrl\":\"https:\/\/ifergangallery.com\/wp-content\/uploads\/2021\/10\/fcr055-2.jpg\",\"width\":2048,\"height\":2048},{\"@type\":\"WebPage\",\"@id\":\"https:\/\/ifergangallery.com\/es\/piece\/anfora-griega-de-terracota-s-iv-a-c-2\/#webpage\",\"url\":\"https:\/\/ifergangallery.com\/es\/piece\/anfora-griega-de-terracota-s-iv-a-c-2\/\",\"name\":\"\\u00c1nfora de transporte griega de terracota, Siglo IV a.C. &ndash; Ifergan Gallery\",\"isPartOf\":{\"@id\":\"https:\/\/ifergangallery.com\/#website\"},\"primaryImageOfPage\":{\"@id\":\"https:\/\/ifergangallery.com\/es\/piece\/anfora-griega-de-terracota-s-iv-a-c-2\/#primaryimage\"},\"datePublished\":\"2021-10-21T16:54:59+00:00\",\"dateModified\":\"2026-03-12T07:11:42+00:00\",\"breadcrumb\":{\"@id\":\"https:\/\/ifergangallery.com\/es\/piece\/anfora-griega-de-terracota-s-iv-a-c-2\/#breadcrumb\"},\"inLanguage\":\"es\",\"potentialAction\":[{\"@type\":\"ReadAction\",\"target\":[\"https:\/\/ifergangallery.com\/es\/piece\/anfora-griega-de-terracota-s-iv-a-c-2\/\"]}]},{\"@type\":\"BreadcrumbList\",\"@id\":\"https:\/\/ifergangallery.com\/es\/piece\/anfora-griega-de-terracota-s-iv-a-c-2\/#breadcrumb\",\"itemListElement\":[{\"@type\":\"ListItem\",\"position\":1,\"name\":\"Home\",\"item\":\"https:\/\/ifergangallery.com\/es\/\"},{\"@type\":\"ListItem\",\"position\":2,\"name\":\"Works of art\",\"item\":\"https:\/\/ifergangallery.com\/es\/works_of_art\/\"},{\"@type\":\"ListItem\",\"position\":3,\"name\":\"\\u00c1nfora de transporte griega de terracota, Siglo IV a.C.\"}]}]}<\/script>\n<!-- \/ Yoast SEO Premium plugin. -->","yoast_head_json":{"title":"\u00c1nfora de transporte griega de terracota, Siglo IV a.C. &ndash; Ifergan Gallery","robots":{"index":"index","follow":"follow","max-snippet":"max-snippet:-1","max-image-preview":"max-image-preview:large","max-video-preview":"max-video-preview:-1"},"canonical":"https:\/\/ifergangallery.com\/es\/piece\/anfora-griega-de-terracota-s-iv-a-c-2\/","og_locale":"es_ES","og_type":"article","og_title":"\u00c1nfora de transporte griega de terracota, Siglo IV a.C.","og_description":"Magn\u00edfico ejemplo de \u00e1nfora de transporte de cer\u00e1mica con base c\u00f3nica, cuerpo piriforme invertido, hombro redondeado que se estrecha hasta un cuello cil\u00edndrico, boca alta y un par de asas que se arquean desde justo debajo del borde hasta la parte superior del hombro. El exterior de la vasija est\u00e1 casi completamente cubierto de incrustaciones &hellip; \u00c1nfora de transporte griega de terracota, Siglo IV a.C. Leer m\u00e1s &raquo;","og_url":"https:\/\/ifergangallery.com\/es\/piece\/anfora-griega-de-terracota-s-iv-a-c-2\/","og_site_name":"Ifergan Gallery","article_publisher":"https:\/\/www.facebook.com\/Ifergancollectionmalaga","article_modified_time":"2026-03-12T07:11:42+00:00","og_image":[{"width":2048,"height":2048,"url":"https:\/\/ifergangallery.com\/wp-content\/uploads\/2021\/10\/fcr055-2.jpg","type":"image\/jpeg"}],"twitter_card":"summary_large_image","twitter_site":"@Ifergangallery","twitter_misc":{"Tiempo de lectura":"1 minuto"},"schema":{"@context":"https:\/\/schema.org","@graph":[{"@type":"Organization","@id":"https:\/\/ifergangallery.com\/#organization","name":"Ifergan Gallery","url":"https:\/\/ifergangallery.com\/","sameAs":["https:\/\/www.facebook.com\/Ifergancollectionmalaga","https:\/\/www.instagram.com\/ifergangallery\/","https:\/\/www.youtube.com\/channel\/UC2O2zZ9BJKhbUFOnu_5mE3g","https:\/\/twitter.com\/Ifergangallery"],"logo":{"@type":"ImageObject","@id":"https:\/\/ifergangallery.com\/#logo","inLanguage":"es","url":"https:\/\/ifergangallery.com\/wp-content\/uploads\/2021\/09\/Imagotipo_blanco-e1637271379231.png","contentUrl":"https:\/\/ifergangallery.com\/wp-content\/uploads\/2021\/09\/Imagotipo_blanco-e1637271379231.png","width":1920,"height":1065,"caption":"Ifergan Gallery"},"image":{"@id":"https:\/\/ifergangallery.com\/#logo"}},{"@type":"WebSite","@id":"https:\/\/ifergangallery.com\/#website","url":"https:\/\/ifergangallery.com\/","name":"Ifergan Gallery","description":"Ancient Art Gallery","publisher":{"@id":"https:\/\/ifergangallery.com\/#organization"},"potentialAction":[{"@type":"SearchAction","target":{"@type":"EntryPoint","urlTemplate":"https:\/\/ifergangallery.com\/?s={search_term_string}"},"query-input":"required name=search_term_string"}],"inLanguage":"es"},{"@type":"ImageObject","@id":"https:\/\/ifergangallery.com\/es\/piece\/anfora-griega-de-terracota-s-iv-a-c-2\/#primaryimage","inLanguage":"es","url":"https:\/\/ifergangallery.com\/wp-content\/uploads\/2021\/10\/fcr055-2.jpg","contentUrl":"https:\/\/ifergangallery.com\/wp-content\/uploads\/2021\/10\/fcr055-2.jpg","width":2048,"height":2048},{"@type":"WebPage","@id":"https:\/\/ifergangallery.com\/es\/piece\/anfora-griega-de-terracota-s-iv-a-c-2\/#webpage","url":"https:\/\/ifergangallery.com\/es\/piece\/anfora-griega-de-terracota-s-iv-a-c-2\/","name":"\u00c1nfora de transporte griega de terracota, Siglo IV a.C. &ndash; Ifergan Gallery","isPartOf":{"@id":"https:\/\/ifergangallery.com\/#website"},"primaryImageOfPage":{"@id":"https:\/\/ifergangallery.com\/es\/piece\/anfora-griega-de-terracota-s-iv-a-c-2\/#primaryimage"},"datePublished":"2021-10-21T16:54:59+00:00","dateModified":"2026-03-12T07:11:42+00:00","breadcrumb":{"@id":"https:\/\/ifergangallery.com\/es\/piece\/anfora-griega-de-terracota-s-iv-a-c-2\/#breadcrumb"},"inLanguage":"es","potentialAction":[{"@type":"ReadAction","target":["https:\/\/ifergangallery.com\/es\/piece\/anfora-griega-de-terracota-s-iv-a-c-2\/"]}]},{"@type":"BreadcrumbList","@id":"https:\/\/ifergangallery.com\/es\/piece\/anfora-griega-de-terracota-s-iv-a-c-2\/#breadcrumb","itemListElement":[{"@type":"ListItem","position":1,"name":"Home","item":"https:\/\/ifergangallery.com\/es\/"},{"@type":"ListItem","position":2,"name":"Works of art","item":"https:\/\/ifergangallery.com\/es\/works_of_art\/"},{"@type":"ListItem","position":3,"name":"\u00c1nfora de transporte griega de terracota, Siglo IV a.C."}]}]}},"_links":{"self":[{"href":"https:\/\/ifergangallery.com\/es\/wp-json\/wp\/v2\/product\/4865"}],"collection":[{"href":"https:\/\/ifergangallery.com\/es\/wp-json\/wp\/v2\/product"}],"about":[{"href":"https:\/\/ifergangallery.com\/es\/wp-json\/wp\/v2\/types\/product"}],"replies":[{"embeddable":true,"href":"https:\/\/ifergangallery.com\/es\/wp-json\/wp\/v2\/comments?post=4865"}],"wp:featuredmedia":[{"embeddable":true,"href":"https:\/\/ifergangallery.com\/es\/wp-json\/wp\/v2\/media\/15956"}],"wp:attachment":[{"href":"https:\/\/ifergangallery.com\/es\/wp-json\/wp\/v2\/media?parent=4865"}],"wp:term":[{"taxonomy":"product_cat","embeddable":true,"href":"https:\/\/ifergangallery.com\/es\/wp-json\/wp\/v2\/product_cat?post=4865"},{"taxonomy":"product_tag","embeddable":true,"href":"https:\/\/ifergangallery.com\/es\/wp-json\/wp\/v2\/product_tag?post=4865"}],"curies":[{"name":"wp","href":"https:\/\/api.w.org\/{rel}","templated":true}]}}