{"id":4873,"date":"2021-10-21T16:56:03","date_gmt":"2021-10-21T16:56:03","guid":{"rendered":"https:\/\/snackjerusalem.com\/piece\/anfora-romana-tipo-beltran-iib-de-terracota-epoca-alto-imperial-s-i-ii-d-c\/"},"modified":"2026-01-22T14:35:19","modified_gmt":"2026-01-22T14:35:19","slug":"anfora-romana-tipo-beltran-iib-de-terracota-epoca-alto-imperial-s-i-ii-d-c","status":"publish","type":"product","link":"https:\/\/ifergangallery.com\/es\/piece\/anfora-romana-tipo-beltran-iib-de-terracota-epoca-alto-imperial-s-i-ii-d-c\/","title":{"rendered":"\u00c1nfora romana tipo Beltr\u00e1n IIB de terracota, \u00c9poca Imperial, Siglos I-II d.C."},"content":{"rendered":"<p style=\"text-align: justify;\"><span dir=\"auto\" style=\"vertical-align: inherit;\"><span dir=\"auto\" style=\"vertical-align: inherit;\">Esta \u00e1nfora presenta un cuerpo alargado en forma de pera (piriforme) invertida, que se ensancha progresivamente hacia la base antes de estrecharse en el pivote. A diferencia de la variante IIA, la IIB tiene un cuello m\u00e1s estrecho y alargado, a menudo con un perfil ligeramente hiperb\u00f3lico que le otorga una silueta m\u00e1s elegante. El borde es exvasado (hacia afuera) y suele presentar una secci\u00f3n triangular o redondeada, dise\u00f1ada para facilitar el sellado con tapones de cer\u00e1mica o cal. Posee dos asas de secci\u00f3n ovalada que se curvan desde la parte superior del cuello hasta el hombro de la pieza. Termina en una punta s\u00f3lida o &#8220;pivote&#8221; que permit\u00eda clavar el \u00e1nfora en la arena de las bodegas de los barcos o en el suelo de los almacenes para mantenerla erguida.<\/span><\/span><\/p>\n<p style=\"text-align: justify;\"><span dir=\"auto\" style=\"vertical-align: inherit;\"><span dir=\"auto\" style=\"vertical-align: inherit;\">La Beltr\u00e1n IIB deriva directamente de las formas Dressel 7\/11 del Alto Imperio. Estas, a su vez, son herederas de los envases p\u00fanicos tard\u00edos que se utilizaban en el sur de Hispania para el comercio de salazones mucho antes de la llegada de Roma. En toda la costa de la B\u00e9tica (Andaluc\u00eda), los romanos no inventaron una industria nueva, sino que adoptaron y estandarizaron los centros de producci\u00f3n fenicios ya existentes. La forma de &#8220;huevo&#8221; o piriforme con pivote, caracter\u00edstica de la Beltr\u00e1n IIB, responde a una tradici\u00f3n de siglos de dise\u00f1o para el transporte mar\u00edtimo de derivados del pescado, una especialidad fenicia. Aunque la variante de Malaka es famosa, la Beltr\u00e1n IIB se produjo en otros puntos de la costa b\u00e9tica, como la Bah\u00eda de C\u00e1diz o la zona de Algeciras, manteniendo siempre ese ADN de dise\u00f1o de influencia semita adaptado a las necesidades comerciales del Imperio Romano.<\/span><\/span><\/p>\n<p style=\"text-align: justify;\">","protected":false},"excerpt":{"rendered":"<p>Esta \u00e1nfora presenta un cuerpo alargado en forma de pera (piriforme) invertida, que se ensancha progresivamente hacia la base antes de estrecharse en el pivote. A diferencia de la variante IIA, la IIB tiene un cuello m\u00e1s estrecho y alargado, a menudo con un perfil ligeramente hiperb\u00f3lico que le otorga una silueta m\u00e1s elegante. El &hellip;<\/p>\n<p class=\"read-more\"> <a class=\"\" href=\"https:\/\/ifergangallery.com\/es\/piece\/anfora-romana-tipo-beltran-iib-de-terracota-epoca-alto-imperial-s-i-ii-d-c\/\"> <span class=\"screen-reader-text\">\u00c1nfora romana tipo Beltr\u00e1n IIB de terracota, \u00c9poca Imperial, Siglos I-II d.C.<\/span> Leer m\u00e1s &raquo;<\/a><\/p>","protected":false},"featured_media":15973,"comment_status":"closed","ping_status":"closed","template":"","meta":{"spay_email":""},"product_cat":[112],"product_tag":[265,444],"yoast_head":"<!-- This site is optimized with the Yoast SEO Premium plugin v17.6 (Yoast SEO v17.6) - https:\/\/yoast.com\/wordpress\/plugins\/seo\/ -->\n<title>\u00c1nfora romana tipo Beltr\u00e1n IIB de terracota, \u00c9poca Imperial, Siglos I-II d.C. &ndash; Ifergan Gallery<\/title>\n<meta name=\"robots\" content=\"index, follow, max-snippet:-1, max-image-preview:large, max-video-preview:-1\" \/>\n<link rel=\"canonical\" href=\"https:\/\/ifergangallery.com\/es\/piece\/anfora-romana-tipo-beltran-iib-de-terracota-epoca-alto-imperial-s-i-ii-d-c\/\" \/>\n<meta property=\"og:locale\" content=\"es_ES\" \/>\n<meta property=\"og:type\" content=\"article\" \/>\n<meta property=\"og:title\" content=\"\u00c1nfora romana tipo Beltr\u00e1n IIB de terracota, \u00c9poca Imperial, Siglos I-II d.C.\" \/>\n<meta property=\"og:description\" content=\"Esta \u00e1nfora presenta un cuerpo alargado en forma de pera (piriforme) invertida, que se ensancha progresivamente hacia la base antes de estrecharse en el pivote. A diferencia de la variante IIA, la IIB tiene un cuello m\u00e1s estrecho y alargado, a menudo con un perfil ligeramente hiperb\u00f3lico que le otorga una silueta m\u00e1s elegante. El &hellip; \u00c1nfora romana tipo Beltr\u00e1n IIB de terracota, \u00c9poca Imperial, Siglos I-II d.C. Leer m\u00e1s &raquo;\" \/>\n<meta property=\"og:url\" content=\"https:\/\/ifergangallery.com\/es\/piece\/anfora-romana-tipo-beltran-iib-de-terracota-epoca-alto-imperial-s-i-ii-d-c\/\" \/>\n<meta property=\"og:site_name\" content=\"Ifergan Gallery\" \/>\n<meta property=\"article:publisher\" content=\"https:\/\/www.facebook.com\/Ifergancollectionmalaga\" \/>\n<meta property=\"article:modified_time\" content=\"2026-01-22T14:35:19+00:00\" \/>\n<meta property=\"og:image\" content=\"https:\/\/ifergangallery.com\/wp-content\/uploads\/2021\/10\/FCR060-8.jpg\" \/>\n\t<meta property=\"og:image:width\" content=\"2048\" \/>\n\t<meta property=\"og:image:height\" content=\"2048\" \/>\n<meta name=\"twitter:card\" content=\"summary_large_image\" \/>\n<meta name=\"twitter:site\" content=\"@Ifergangallery\" \/>\n<meta name=\"twitter:label1\" content=\"Tiempo de lectura\" \/>\n\t<meta name=\"twitter:data1\" content=\"2 minutos\" \/>\n<script type=\"application\/ld+json\" class=\"yoast-schema-graph\">{\"@context\":\"https:\/\/schema.org\",\"@graph\":[{\"@type\":\"Organization\",\"@id\":\"https:\/\/ifergangallery.com\/#organization\",\"name\":\"Ifergan Gallery\",\"url\":\"https:\/\/ifergangallery.com\/\",\"sameAs\":[\"https:\/\/www.facebook.com\/Ifergancollectionmalaga\",\"https:\/\/www.instagram.com\/ifergangallery\/\",\"https:\/\/www.youtube.com\/channel\/UC2O2zZ9BJKhbUFOnu_5mE3g\",\"https:\/\/twitter.com\/Ifergangallery\"],\"logo\":{\"@type\":\"ImageObject\",\"@id\":\"https:\/\/ifergangallery.com\/#logo\",\"inLanguage\":\"es\",\"url\":\"https:\/\/ifergangallery.com\/wp-content\/uploads\/2021\/09\/Imagotipo_blanco-e1637271379231.png\",\"contentUrl\":\"https:\/\/ifergangallery.com\/wp-content\/uploads\/2021\/09\/Imagotipo_blanco-e1637271379231.png\",\"width\":1920,\"height\":1065,\"caption\":\"Ifergan Gallery\"},\"image\":{\"@id\":\"https:\/\/ifergangallery.com\/#logo\"}},{\"@type\":\"WebSite\",\"@id\":\"https:\/\/ifergangallery.com\/#website\",\"url\":\"https:\/\/ifergangallery.com\/\",\"name\":\"Ifergan Gallery\",\"description\":\"Ancient Art Gallery\",\"publisher\":{\"@id\":\"https:\/\/ifergangallery.com\/#organization\"},\"potentialAction\":[{\"@type\":\"SearchAction\",\"target\":{\"@type\":\"EntryPoint\",\"urlTemplate\":\"https:\/\/ifergangallery.com\/?s={search_term_string}\"},\"query-input\":\"required name=search_term_string\"}],\"inLanguage\":\"es\"},{\"@type\":\"ImageObject\",\"@id\":\"https:\/\/ifergangallery.com\/es\/piece\/anfora-romana-tipo-beltran-iib-de-terracota-epoca-alto-imperial-s-i-ii-d-c\/#primaryimage\",\"inLanguage\":\"es\",\"url\":\"https:\/\/ifergangallery.com\/wp-content\/uploads\/2021\/10\/FCR060-8.jpg\",\"contentUrl\":\"https:\/\/ifergangallery.com\/wp-content\/uploads\/2021\/10\/FCR060-8.jpg\",\"width\":2048,\"height\":2048},{\"@type\":\"WebPage\",\"@id\":\"https:\/\/ifergangallery.com\/es\/piece\/anfora-romana-tipo-beltran-iib-de-terracota-epoca-alto-imperial-s-i-ii-d-c\/#webpage\",\"url\":\"https:\/\/ifergangallery.com\/es\/piece\/anfora-romana-tipo-beltran-iib-de-terracota-epoca-alto-imperial-s-i-ii-d-c\/\",\"name\":\"\\u00c1nfora romana tipo Beltr\\u00e1n IIB de terracota, \\u00c9poca Imperial, Siglos I-II d.C. &ndash; Ifergan Gallery\",\"isPartOf\":{\"@id\":\"https:\/\/ifergangallery.com\/#website\"},\"primaryImageOfPage\":{\"@id\":\"https:\/\/ifergangallery.com\/es\/piece\/anfora-romana-tipo-beltran-iib-de-terracota-epoca-alto-imperial-s-i-ii-d-c\/#primaryimage\"},\"datePublished\":\"2021-10-21T16:56:03+00:00\",\"dateModified\":\"2026-01-22T14:35:19+00:00\",\"breadcrumb\":{\"@id\":\"https:\/\/ifergangallery.com\/es\/piece\/anfora-romana-tipo-beltran-iib-de-terracota-epoca-alto-imperial-s-i-ii-d-c\/#breadcrumb\"},\"inLanguage\":\"es\",\"potentialAction\":[{\"@type\":\"ReadAction\",\"target\":[\"https:\/\/ifergangallery.com\/es\/piece\/anfora-romana-tipo-beltran-iib-de-terracota-epoca-alto-imperial-s-i-ii-d-c\/\"]}]},{\"@type\":\"BreadcrumbList\",\"@id\":\"https:\/\/ifergangallery.com\/es\/piece\/anfora-romana-tipo-beltran-iib-de-terracota-epoca-alto-imperial-s-i-ii-d-c\/#breadcrumb\",\"itemListElement\":[{\"@type\":\"ListItem\",\"position\":1,\"name\":\"Home\",\"item\":\"https:\/\/ifergangallery.com\/es\/\"},{\"@type\":\"ListItem\",\"position\":2,\"name\":\"Works of art\",\"item\":\"https:\/\/ifergangallery.com\/es\/works_of_art\/\"},{\"@type\":\"ListItem\",\"position\":3,\"name\":\"\\u00c1nfora romana tipo Beltr\\u00e1n IIB de terracota, \\u00c9poca Imperial, Siglos I-II d.C.\"}]}]}<\/script>\n<!-- \/ Yoast SEO Premium plugin. -->","yoast_head_json":{"title":"\u00c1nfora romana tipo Beltr\u00e1n IIB de terracota, \u00c9poca Imperial, Siglos I-II d.C. &ndash; Ifergan Gallery","robots":{"index":"index","follow":"follow","max-snippet":"max-snippet:-1","max-image-preview":"max-image-preview:large","max-video-preview":"max-video-preview:-1"},"canonical":"https:\/\/ifergangallery.com\/es\/piece\/anfora-romana-tipo-beltran-iib-de-terracota-epoca-alto-imperial-s-i-ii-d-c\/","og_locale":"es_ES","og_type":"article","og_title":"\u00c1nfora romana tipo Beltr\u00e1n IIB de terracota, \u00c9poca Imperial, Siglos I-II d.C.","og_description":"Esta \u00e1nfora presenta un cuerpo alargado en forma de pera (piriforme) invertida, que se ensancha progresivamente hacia la base antes de estrecharse en el pivote. A diferencia de la variante IIA, la IIB tiene un cuello m\u00e1s estrecho y alargado, a menudo con un perfil ligeramente hiperb\u00f3lico que le otorga una silueta m\u00e1s elegante. El &hellip; \u00c1nfora romana tipo Beltr\u00e1n IIB de terracota, \u00c9poca Imperial, Siglos I-II d.C. Leer m\u00e1s &raquo;","og_url":"https:\/\/ifergangallery.com\/es\/piece\/anfora-romana-tipo-beltran-iib-de-terracota-epoca-alto-imperial-s-i-ii-d-c\/","og_site_name":"Ifergan Gallery","article_publisher":"https:\/\/www.facebook.com\/Ifergancollectionmalaga","article_modified_time":"2026-01-22T14:35:19+00:00","og_image":[{"width":2048,"height":2048,"url":"https:\/\/ifergangallery.com\/wp-content\/uploads\/2021\/10\/FCR060-8.jpg","type":"image\/jpeg"}],"twitter_card":"summary_large_image","twitter_site":"@Ifergangallery","twitter_misc":{"Tiempo de lectura":"2 minutos"},"schema":{"@context":"https:\/\/schema.org","@graph":[{"@type":"Organization","@id":"https:\/\/ifergangallery.com\/#organization","name":"Ifergan Gallery","url":"https:\/\/ifergangallery.com\/","sameAs":["https:\/\/www.facebook.com\/Ifergancollectionmalaga","https:\/\/www.instagram.com\/ifergangallery\/","https:\/\/www.youtube.com\/channel\/UC2O2zZ9BJKhbUFOnu_5mE3g","https:\/\/twitter.com\/Ifergangallery"],"logo":{"@type":"ImageObject","@id":"https:\/\/ifergangallery.com\/#logo","inLanguage":"es","url":"https:\/\/ifergangallery.com\/wp-content\/uploads\/2021\/09\/Imagotipo_blanco-e1637271379231.png","contentUrl":"https:\/\/ifergangallery.com\/wp-content\/uploads\/2021\/09\/Imagotipo_blanco-e1637271379231.png","width":1920,"height":1065,"caption":"Ifergan Gallery"},"image":{"@id":"https:\/\/ifergangallery.com\/#logo"}},{"@type":"WebSite","@id":"https:\/\/ifergangallery.com\/#website","url":"https:\/\/ifergangallery.com\/","name":"Ifergan Gallery","description":"Ancient Art Gallery","publisher":{"@id":"https:\/\/ifergangallery.com\/#organization"},"potentialAction":[{"@type":"SearchAction","target":{"@type":"EntryPoint","urlTemplate":"https:\/\/ifergangallery.com\/?s={search_term_string}"},"query-input":"required name=search_term_string"}],"inLanguage":"es"},{"@type":"ImageObject","@id":"https:\/\/ifergangallery.com\/es\/piece\/anfora-romana-tipo-beltran-iib-de-terracota-epoca-alto-imperial-s-i-ii-d-c\/#primaryimage","inLanguage":"es","url":"https:\/\/ifergangallery.com\/wp-content\/uploads\/2021\/10\/FCR060-8.jpg","contentUrl":"https:\/\/ifergangallery.com\/wp-content\/uploads\/2021\/10\/FCR060-8.jpg","width":2048,"height":2048},{"@type":"WebPage","@id":"https:\/\/ifergangallery.com\/es\/piece\/anfora-romana-tipo-beltran-iib-de-terracota-epoca-alto-imperial-s-i-ii-d-c\/#webpage","url":"https:\/\/ifergangallery.com\/es\/piece\/anfora-romana-tipo-beltran-iib-de-terracota-epoca-alto-imperial-s-i-ii-d-c\/","name":"\u00c1nfora romana tipo Beltr\u00e1n IIB de terracota, \u00c9poca Imperial, Siglos I-II d.C. &ndash; Ifergan Gallery","isPartOf":{"@id":"https:\/\/ifergangallery.com\/#website"},"primaryImageOfPage":{"@id":"https:\/\/ifergangallery.com\/es\/piece\/anfora-romana-tipo-beltran-iib-de-terracota-epoca-alto-imperial-s-i-ii-d-c\/#primaryimage"},"datePublished":"2021-10-21T16:56:03+00:00","dateModified":"2026-01-22T14:35:19+00:00","breadcrumb":{"@id":"https:\/\/ifergangallery.com\/es\/piece\/anfora-romana-tipo-beltran-iib-de-terracota-epoca-alto-imperial-s-i-ii-d-c\/#breadcrumb"},"inLanguage":"es","potentialAction":[{"@type":"ReadAction","target":["https:\/\/ifergangallery.com\/es\/piece\/anfora-romana-tipo-beltran-iib-de-terracota-epoca-alto-imperial-s-i-ii-d-c\/"]}]},{"@type":"BreadcrumbList","@id":"https:\/\/ifergangallery.com\/es\/piece\/anfora-romana-tipo-beltran-iib-de-terracota-epoca-alto-imperial-s-i-ii-d-c\/#breadcrumb","itemListElement":[{"@type":"ListItem","position":1,"name":"Home","item":"https:\/\/ifergangallery.com\/es\/"},{"@type":"ListItem","position":2,"name":"Works of art","item":"https:\/\/ifergangallery.com\/es\/works_of_art\/"},{"@type":"ListItem","position":3,"name":"\u00c1nfora romana tipo Beltr\u00e1n IIB de terracota, \u00c9poca Imperial, Siglos I-II d.C."}]}]}},"_links":{"self":[{"href":"https:\/\/ifergangallery.com\/es\/wp-json\/wp\/v2\/product\/4873"}],"collection":[{"href":"https:\/\/ifergangallery.com\/es\/wp-json\/wp\/v2\/product"}],"about":[{"href":"https:\/\/ifergangallery.com\/es\/wp-json\/wp\/v2\/types\/product"}],"replies":[{"embeddable":true,"href":"https:\/\/ifergangallery.com\/es\/wp-json\/wp\/v2\/comments?post=4873"}],"wp:featuredmedia":[{"embeddable":true,"href":"https:\/\/ifergangallery.com\/es\/wp-json\/wp\/v2\/media\/15973"}],"wp:attachment":[{"href":"https:\/\/ifergangallery.com\/es\/wp-json\/wp\/v2\/media?parent=4873"}],"wp:term":[{"taxonomy":"product_cat","embeddable":true,"href":"https:\/\/ifergangallery.com\/es\/wp-json\/wp\/v2\/product_cat?post=4873"},{"taxonomy":"product_tag","embeddable":true,"href":"https:\/\/ifergangallery.com\/es\/wp-json\/wp\/v2\/product_tag?post=4873"}],"curies":[{"name":"wp","href":"https:\/\/api.w.org\/{rel}","templated":true}]}}