{"id":4946,"date":"2021-10-21T17:05:39","date_gmt":"2021-10-21T17:05:39","guid":{"rendered":"https:\/\/snackjerusalem.com\/piece\/incensario-bizantino-de-bronce-s-iv-iv-a-c\/"},"modified":"2025-03-20T10:25:49","modified_gmt":"2025-03-20T10:25:49","slug":"incensario-bizantino-de-bronce-s-iv-iv-a-c","status":"publish","type":"product","link":"https:\/\/ifergangallery.com\/es\/piece\/incensario-bizantino-de-bronce-s-iv-iv-a-c\/","title":{"rendered":"Incensario bizantino de bronce con escenas de la vida de Cristo, 400-600 d.C."},"content":{"rendered":"<p style=\"text-align: justify;\">Incensario o tur\u00edbulo (-quemador de incienso-) de bronce fundido macizo, de forma semiesf\u00e9rica y cuerpo bulboso, que descansa sobre un pie hueco y ligeramente acampanado, con borde cil\u00edndrico con tres salientes con agujeros para colgar la cadena, suspendido de tres cadenas unidas a un gancho de sujeci\u00f3n de seis brazos.<\/p>\n<p style=\"text-align: justify;\">El cuerpo con relieves representa escenas del Nuevo Testamento y de la vida de Cristo, relacionadas con los lugares sagrados de Tierra Santa: <strong>Anunciaci\u00f3n<\/strong> (-Nazaret), <strong>Natividad<\/strong> (-Bel\u00e9n), <strong>Bautismo<\/strong> (-r\u00edo Jord\u00e1n), <strong>Crucifixi\u00f3n (<\/strong>una figura, Cristo, en el centro con los brazos extendidos como en una cruz est\u00e1 flanqueada por otras dos figuras similares, presumiblemente los ladrones de Mateo 27:38<strong>)<\/strong> y <strong>Resurrecci\u00f3n<\/strong> (-Jerusal\u00e9n). La representaci\u00f3n es en altorrelieve, con detalles incisos, en el estilo y la iconograf\u00eda conceptual t\u00edpicamente bizantinos. Se trata de un tipo de incensario poco com\u00fan, que forma parte de un grupo de aproximadamente cien de este tipo conocidos en museos y colecciones privadas y en el que la mayor\u00eda incluyen cinco escenas, y s\u00f3lo unos pocos ejemplos, tienen m\u00e1s, hasta nueve. Los estudiosos han datado este grupo de objetos entre los siglos VI y VIII y lo han localizado en la zona de Siria-Palestina, aunque es posible que la producci\u00f3n se extendiera m\u00e1s ampliamente.<\/p>\n<p style=\"text-align: justify;\">Este objeto pertenece a un corpus relativamente amplio de incensarios bizantinos de los siglos VI-VII d. C., muchos de ellos procedentes de Egipto, que representan vi\u00f1etas de la vida de Cristo. Su iconograf\u00eda evoca la historia sagrada cristiana y los lugares a los que los peregrinos medievales viajaban para conmemorar estos acontecimientos sagrados. Aunque normalmente se identifican como incensarios, este tipo de recipientes tambi\u00e9n pod\u00edan servir como l\u00e1mparas si se llenaban de aceite y se colocaba un soporte para la mecha en el lateral del cuenco.<\/p>\n<p style=\"text-align: justify;\">Los incensarios se utilizaban para quemar y dispensar incienso. Se empleaban en muchos contextos en el mundo antiguo, pero este incensario proclama su uso como parte del ritual lit\u00fargico cristiano al representar escenas importantes de la vida de Cristo.<\/p>\n<p style=\"text-align: justify;\">En el mundo bizantino, los incensarios se utilizaban para quemar incienso tanto en contextos dom\u00e9sticos para purificar el hogar, protegi\u00e9ndolo de fuerzas mal\u00e9volas, como en ceremonias lit\u00fargicas. En todo el mundo bizantino se han encontrado incensarios con escenas de la vida de Cristo en Egipto, Siria y Turqu\u00eda. Este incensario pudo utilizarse en ceremonias lit\u00fargicas o para el culto en el hogar familiar.<\/p>\n<p style=\"text-align: justify;\">La quema de incienso realzaba el car\u00e1cter espiritual del interior de la iglesia. En la iglesia medieval, al igual que en algunas tradiciones cristianas actuales, el incienso bendecido por el sacerdote se rociaba sobre carbones calientes colocados dentro de un incensario, que se hac\u00eda oscilar de un lado a otro alrededor del sacerdote, los objetos sagrados del santuario y la congregaci\u00f3n durante las ceremonias religiosas. Se cre\u00eda que el humo del incienso que flotaba en el aire facilitaba el ascenso de las plegarias al cielo. Adem\u00e1s, se cre\u00eda que el olor arom\u00e1tico honraba a Dios y a los santos, y se prestaba atenci\u00f3n a la composici\u00f3n del incienso porque se consideraba que cada elemento (incienso, mirra, madera de \u00e1loe) pose\u00eda poderes purificadores.<\/p>\n<p style=\"text-align: justify;\">La iglesia era el centro de la vida religiosa p\u00fablica en las comunidades cristianas del mundo bizantino. Entre el rico mobiliario de los interiores eclesi\u00e1sticos hab\u00eda cruces, l\u00e1mparas, incensarios y vasos lit\u00fargicos de bronce, plata y oro.<\/p>\n<p style=\"text-align: justify;\">Los incensarios eran parte integrante de los ritos jud\u00edos y paganos antiguos y se introdujeron en las ceremonias cristianas durante los primeros tiempos de la Iglesia. Las instrucciones sobre el uso de los incensarios est\u00e1n presentes en el Antiguo Testamento o Tor\u00e1: <em>&#8220;Tomar\u00e1 un incensario lleno de carbones encendidos del altar ante Yahveh y dos pu\u00f1ados de incienso arom\u00e1tico finamente molido y los llevar\u00e1 detr\u00e1s de la cortina&#8221;<\/em> (Lev\u00edtico 16:12 NVI). Los incensarios tambi\u00e9n se mencionan en el Nuevo Testamento, por lo que el uso de incensarios se remonta a miles de a\u00f1os, desde el Antiguo Testamento hasta el Nuevo Testamento, pasando por los servicios eclesi\u00e1sticos contempor\u00e1neos, en particular los de las iglesias altas.<\/p>\n<p style=\"text-align: justify;\">","protected":false},"excerpt":{"rendered":"<p>Incensario o tur\u00edbulo (-quemador de incienso-) de bronce fundido macizo, de forma semiesf\u00e9rica y cuerpo bulboso, que descansa sobre un pie hueco y ligeramente acampanado, con borde cil\u00edndrico con tres salientes con agujeros para colgar la cadena, suspendido de tres cadenas unidas a un gancho de sujeci\u00f3n de seis brazos. El cuerpo con relieves representa &hellip;<\/p>\n<p class=\"read-more\"> <a class=\"\" href=\"https:\/\/ifergangallery.com\/es\/piece\/incensario-bizantino-de-bronce-s-iv-iv-a-c\/\"> <span class=\"screen-reader-text\">Incensario bizantino de bronce con escenas de la vida de Cristo, 400-600 d.C.<\/span> Leer m\u00e1s &raquo;<\/a><\/p>","protected":false},"featured_media":14061,"comment_status":"closed","ping_status":"closed","template":"","meta":{"spay_email":""},"product_cat":[114],"product_tag":[807],"yoast_head":"<!-- This site is optimized with the Yoast SEO Premium plugin v17.6 (Yoast SEO v17.6) - https:\/\/yoast.com\/wordpress\/plugins\/seo\/ -->\n<title>Incensario bizantino de bronce con escenas de la vida de Cristo, 400-600 d.C. &ndash; Ifergan Gallery<\/title>\n<meta name=\"robots\" content=\"index, follow, max-snippet:-1, max-image-preview:large, max-video-preview:-1\" \/>\n<link rel=\"canonical\" href=\"https:\/\/ifergangallery.com\/es\/piece\/incensario-bizantino-de-bronce-s-iv-iv-a-c\/\" \/>\n<meta property=\"og:locale\" content=\"es_ES\" \/>\n<meta property=\"og:type\" content=\"article\" \/>\n<meta property=\"og:title\" content=\"Incensario bizantino de bronce con escenas de la vida de Cristo, 400-600 d.C.\" \/>\n<meta property=\"og:description\" content=\"Incensario o tur\u00edbulo (-quemador de incienso-) de bronce fundido macizo, de forma semiesf\u00e9rica y cuerpo bulboso, que descansa sobre un pie hueco y ligeramente acampanado, con borde cil\u00edndrico con tres salientes con agujeros para colgar la cadena, suspendido de tres cadenas unidas a un gancho de sujeci\u00f3n de seis brazos. El cuerpo con relieves representa &hellip; Incensario bizantino de bronce con escenas de la vida de Cristo, 400-600 d.C. Leer m\u00e1s &raquo;\" \/>\n<meta property=\"og:url\" content=\"https:\/\/ifergangallery.com\/es\/piece\/incensario-bizantino-de-bronce-s-iv-iv-a-c\/\" \/>\n<meta property=\"og:site_name\" content=\"Ifergan Gallery\" \/>\n<meta property=\"article:publisher\" content=\"https:\/\/www.facebook.com\/Ifergancollectionmalaga\" \/>\n<meta property=\"article:modified_time\" content=\"2025-03-20T10:25:49+00:00\" \/>\n<meta property=\"og:image\" content=\"https:\/\/ifergangallery.com\/wp-content\/uploads\/2021\/10\/M6066-3.jpg\" \/>\n\t<meta property=\"og:image:width\" content=\"2048\" \/>\n\t<meta property=\"og:image:height\" content=\"1365\" \/>\n<meta name=\"twitter:card\" content=\"summary_large_image\" \/>\n<meta name=\"twitter:site\" content=\"@Ifergangallery\" \/>\n<meta name=\"twitter:label1\" content=\"Tiempo de lectura\" \/>\n\t<meta name=\"twitter:data1\" content=\"3 minutos\" \/>\n<script type=\"application\/ld+json\" class=\"yoast-schema-graph\">{\"@context\":\"https:\/\/schema.org\",\"@graph\":[{\"@type\":\"Organization\",\"@id\":\"https:\/\/ifergangallery.com\/#organization\",\"name\":\"Ifergan Gallery\",\"url\":\"https:\/\/ifergangallery.com\/\",\"sameAs\":[\"https:\/\/www.facebook.com\/Ifergancollectionmalaga\",\"https:\/\/www.instagram.com\/ifergangallery\/\",\"https:\/\/www.youtube.com\/channel\/UC2O2zZ9BJKhbUFOnu_5mE3g\",\"https:\/\/twitter.com\/Ifergangallery\"],\"logo\":{\"@type\":\"ImageObject\",\"@id\":\"https:\/\/ifergangallery.com\/#logo\",\"inLanguage\":\"es\",\"url\":\"https:\/\/ifergangallery.com\/wp-content\/uploads\/2021\/09\/Imagotipo_blanco-e1637271379231.png\",\"contentUrl\":\"https:\/\/ifergangallery.com\/wp-content\/uploads\/2021\/09\/Imagotipo_blanco-e1637271379231.png\",\"width\":1920,\"height\":1065,\"caption\":\"Ifergan Gallery\"},\"image\":{\"@id\":\"https:\/\/ifergangallery.com\/#logo\"}},{\"@type\":\"WebSite\",\"@id\":\"https:\/\/ifergangallery.com\/#website\",\"url\":\"https:\/\/ifergangallery.com\/\",\"name\":\"Ifergan Gallery\",\"description\":\"Ancient Art Gallery\",\"publisher\":{\"@id\":\"https:\/\/ifergangallery.com\/#organization\"},\"potentialAction\":[{\"@type\":\"SearchAction\",\"target\":{\"@type\":\"EntryPoint\",\"urlTemplate\":\"https:\/\/ifergangallery.com\/?s={search_term_string}\"},\"query-input\":\"required name=search_term_string\"}],\"inLanguage\":\"es\"},{\"@type\":\"ImageObject\",\"@id\":\"https:\/\/ifergangallery.com\/es\/piece\/incensario-bizantino-de-bronce-s-iv-iv-a-c\/#primaryimage\",\"inLanguage\":\"es\",\"url\":\"https:\/\/ifergangallery.com\/wp-content\/uploads\/2021\/10\/M6066-3.jpg\",\"contentUrl\":\"https:\/\/ifergangallery.com\/wp-content\/uploads\/2021\/10\/M6066-3.jpg\",\"width\":2048,\"height\":1365},{\"@type\":\"WebPage\",\"@id\":\"https:\/\/ifergangallery.com\/es\/piece\/incensario-bizantino-de-bronce-s-iv-iv-a-c\/#webpage\",\"url\":\"https:\/\/ifergangallery.com\/es\/piece\/incensario-bizantino-de-bronce-s-iv-iv-a-c\/\",\"name\":\"Incensario bizantino de bronce con escenas de la vida de Cristo, 400-600 d.C. &ndash; Ifergan Gallery\",\"isPartOf\":{\"@id\":\"https:\/\/ifergangallery.com\/#website\"},\"primaryImageOfPage\":{\"@id\":\"https:\/\/ifergangallery.com\/es\/piece\/incensario-bizantino-de-bronce-s-iv-iv-a-c\/#primaryimage\"},\"datePublished\":\"2021-10-21T17:05:39+00:00\",\"dateModified\":\"2025-03-20T10:25:49+00:00\",\"breadcrumb\":{\"@id\":\"https:\/\/ifergangallery.com\/es\/piece\/incensario-bizantino-de-bronce-s-iv-iv-a-c\/#breadcrumb\"},\"inLanguage\":\"es\",\"potentialAction\":[{\"@type\":\"ReadAction\",\"target\":[\"https:\/\/ifergangallery.com\/es\/piece\/incensario-bizantino-de-bronce-s-iv-iv-a-c\/\"]}]},{\"@type\":\"BreadcrumbList\",\"@id\":\"https:\/\/ifergangallery.com\/es\/piece\/incensario-bizantino-de-bronce-s-iv-iv-a-c\/#breadcrumb\",\"itemListElement\":[{\"@type\":\"ListItem\",\"position\":1,\"name\":\"Home\",\"item\":\"https:\/\/ifergangallery.com\/es\/\"},{\"@type\":\"ListItem\",\"position\":2,\"name\":\"Works of art\",\"item\":\"https:\/\/ifergangallery.com\/es\/works_of_art\/\"},{\"@type\":\"ListItem\",\"position\":3,\"name\":\"Incensario bizantino de bronce con escenas de la vida de Cristo, 400-600 d.C.\"}]}]}<\/script>\n<!-- \/ Yoast SEO Premium plugin. -->","yoast_head_json":{"title":"Incensario bizantino de bronce con escenas de la vida de Cristo, 400-600 d.C. &ndash; Ifergan Gallery","robots":{"index":"index","follow":"follow","max-snippet":"max-snippet:-1","max-image-preview":"max-image-preview:large","max-video-preview":"max-video-preview:-1"},"canonical":"https:\/\/ifergangallery.com\/es\/piece\/incensario-bizantino-de-bronce-s-iv-iv-a-c\/","og_locale":"es_ES","og_type":"article","og_title":"Incensario bizantino de bronce con escenas de la vida de Cristo, 400-600 d.C.","og_description":"Incensario o tur\u00edbulo (-quemador de incienso-) de bronce fundido macizo, de forma semiesf\u00e9rica y cuerpo bulboso, que descansa sobre un pie hueco y ligeramente acampanado, con borde cil\u00edndrico con tres salientes con agujeros para colgar la cadena, suspendido de tres cadenas unidas a un gancho de sujeci\u00f3n de seis brazos. El cuerpo con relieves representa &hellip; Incensario bizantino de bronce con escenas de la vida de Cristo, 400-600 d.C. Leer m\u00e1s &raquo;","og_url":"https:\/\/ifergangallery.com\/es\/piece\/incensario-bizantino-de-bronce-s-iv-iv-a-c\/","og_site_name":"Ifergan Gallery","article_publisher":"https:\/\/www.facebook.com\/Ifergancollectionmalaga","article_modified_time":"2025-03-20T10:25:49+00:00","og_image":[{"width":2048,"height":1365,"url":"https:\/\/ifergangallery.com\/wp-content\/uploads\/2021\/10\/M6066-3.jpg","type":"image\/jpeg"}],"twitter_card":"summary_large_image","twitter_site":"@Ifergangallery","twitter_misc":{"Tiempo de lectura":"3 minutos"},"schema":{"@context":"https:\/\/schema.org","@graph":[{"@type":"Organization","@id":"https:\/\/ifergangallery.com\/#organization","name":"Ifergan Gallery","url":"https:\/\/ifergangallery.com\/","sameAs":["https:\/\/www.facebook.com\/Ifergancollectionmalaga","https:\/\/www.instagram.com\/ifergangallery\/","https:\/\/www.youtube.com\/channel\/UC2O2zZ9BJKhbUFOnu_5mE3g","https:\/\/twitter.com\/Ifergangallery"],"logo":{"@type":"ImageObject","@id":"https:\/\/ifergangallery.com\/#logo","inLanguage":"es","url":"https:\/\/ifergangallery.com\/wp-content\/uploads\/2021\/09\/Imagotipo_blanco-e1637271379231.png","contentUrl":"https:\/\/ifergangallery.com\/wp-content\/uploads\/2021\/09\/Imagotipo_blanco-e1637271379231.png","width":1920,"height":1065,"caption":"Ifergan Gallery"},"image":{"@id":"https:\/\/ifergangallery.com\/#logo"}},{"@type":"WebSite","@id":"https:\/\/ifergangallery.com\/#website","url":"https:\/\/ifergangallery.com\/","name":"Ifergan Gallery","description":"Ancient Art Gallery","publisher":{"@id":"https:\/\/ifergangallery.com\/#organization"},"potentialAction":[{"@type":"SearchAction","target":{"@type":"EntryPoint","urlTemplate":"https:\/\/ifergangallery.com\/?s={search_term_string}"},"query-input":"required name=search_term_string"}],"inLanguage":"es"},{"@type":"ImageObject","@id":"https:\/\/ifergangallery.com\/es\/piece\/incensario-bizantino-de-bronce-s-iv-iv-a-c\/#primaryimage","inLanguage":"es","url":"https:\/\/ifergangallery.com\/wp-content\/uploads\/2021\/10\/M6066-3.jpg","contentUrl":"https:\/\/ifergangallery.com\/wp-content\/uploads\/2021\/10\/M6066-3.jpg","width":2048,"height":1365},{"@type":"WebPage","@id":"https:\/\/ifergangallery.com\/es\/piece\/incensario-bizantino-de-bronce-s-iv-iv-a-c\/#webpage","url":"https:\/\/ifergangallery.com\/es\/piece\/incensario-bizantino-de-bronce-s-iv-iv-a-c\/","name":"Incensario bizantino de bronce con escenas de la vida de Cristo, 400-600 d.C. &ndash; Ifergan Gallery","isPartOf":{"@id":"https:\/\/ifergangallery.com\/#website"},"primaryImageOfPage":{"@id":"https:\/\/ifergangallery.com\/es\/piece\/incensario-bizantino-de-bronce-s-iv-iv-a-c\/#primaryimage"},"datePublished":"2021-10-21T17:05:39+00:00","dateModified":"2025-03-20T10:25:49+00:00","breadcrumb":{"@id":"https:\/\/ifergangallery.com\/es\/piece\/incensario-bizantino-de-bronce-s-iv-iv-a-c\/#breadcrumb"},"inLanguage":"es","potentialAction":[{"@type":"ReadAction","target":["https:\/\/ifergangallery.com\/es\/piece\/incensario-bizantino-de-bronce-s-iv-iv-a-c\/"]}]},{"@type":"BreadcrumbList","@id":"https:\/\/ifergangallery.com\/es\/piece\/incensario-bizantino-de-bronce-s-iv-iv-a-c\/#breadcrumb","itemListElement":[{"@type":"ListItem","position":1,"name":"Home","item":"https:\/\/ifergangallery.com\/es\/"},{"@type":"ListItem","position":2,"name":"Works of art","item":"https:\/\/ifergangallery.com\/es\/works_of_art\/"},{"@type":"ListItem","position":3,"name":"Incensario bizantino de bronce con escenas de la vida de Cristo, 400-600 d.C."}]}]}},"_links":{"self":[{"href":"https:\/\/ifergangallery.com\/es\/wp-json\/wp\/v2\/product\/4946"}],"collection":[{"href":"https:\/\/ifergangallery.com\/es\/wp-json\/wp\/v2\/product"}],"about":[{"href":"https:\/\/ifergangallery.com\/es\/wp-json\/wp\/v2\/types\/product"}],"replies":[{"embeddable":true,"href":"https:\/\/ifergangallery.com\/es\/wp-json\/wp\/v2\/comments?post=4946"}],"wp:featuredmedia":[{"embeddable":true,"href":"https:\/\/ifergangallery.com\/es\/wp-json\/wp\/v2\/media\/14061"}],"wp:attachment":[{"href":"https:\/\/ifergangallery.com\/es\/wp-json\/wp\/v2\/media?parent=4946"}],"wp:term":[{"taxonomy":"product_cat","embeddable":true,"href":"https:\/\/ifergangallery.com\/es\/wp-json\/wp\/v2\/product_cat?post=4946"},{"taxonomy":"product_tag","embeddable":true,"href":"https:\/\/ifergangallery.com\/es\/wp-json\/wp\/v2\/product_tag?post=4946"}],"curies":[{"name":"wp","href":"https:\/\/api.w.org\/{rel}","templated":true}]}}