{"id":5141,"date":"2021-10-21T17:34:10","date_gmt":"2021-10-21T17:34:10","guid":{"rendered":"https:\/\/snackjerusalem.com\/piece\/recipiente-antropomorfo-votivo-de-terracota-para-contener-liquidos-valle-del-indo-3000-2500-a-c-8\/"},"modified":"2024-11-13T11:34:12","modified_gmt":"2024-11-13T11:34:12","slug":"recipiente-antropomorfo-votivo-de-terracota-para-contener-liquidos-valle-del-indo-3000-2500-a-c-8","status":"publish","type":"product","link":"https:\/\/ifergangallery.com\/es\/piece\/recipiente-antropomorfo-votivo-de-terracota-para-contener-liquidos-valle-del-indo-3000-2500-a-c-8\/","title":{"rendered":"\u00cddolo votivo de terracota, Valle del Indo, Cultura Bajaur, 3000-2500 a.C."},"content":{"rendered":"<p>Recipiente de terracota realizado con formas sinuosas y que se asimilan a una forma femenina con los brazos recogidos por debajo del pecho y una apertura de la cabeza que simula un peinado recogido.<\/p>\n<p>Su funci\u00f3n podr\u00eda ser contener agua para libaciones rituales o alg\u00fan tipo de grano cereal como ofrenda alimenticia. Adem\u00e1s, hay diversas formas que nos indican que tambi\u00e9n pod\u00edan haber contenido incienso.<\/p>\n<p>Se consideran que estas esculturas ten\u00edan una funci\u00f3n votiva, ya que se han encontrado un gran n\u00famero de ellas en dep\u00f3sitos sagrados, por lo que se les entiende una funci\u00f3n apotropaica. La funci\u00f3n apotropaica de estas piezas resid\u00eda en proteger la fertilidad y la maternidad. Sin ninguna duda ser\u00eda un elemento ritual clave para la fertilidad.<\/p>\n<p>La cultura del Valle del Indo fue una civilizaci\u00f3n que se desarroll\u00f3 desde el 3000 a.C. hasta el 1300 a.C. en torno al r\u00edo Indo, en Afganist\u00e1n, Pakist\u00e1n y el noroeste de la India. Su extensi\u00f3n abarcaba cerca de un centenar de asentamientos y sus dos ciudades m\u00e1s importantes fueron Harappa y Mohenjo-Daro. Hacia el 2400 a.C. se hab\u00eda desarrollado una compleja civilizaci\u00f3n urbana, comparable con la de Egipto y Mesopotamia.<br \/>\nDentro del imaginario griego, la India era el fin del mundo y los soldados de Alejandro Magno sintieron temor de lo que pod\u00edan encontrar en aquel lugar. De hecho, su encuentro con los elefantes del Rey Poro supuso una gran impresi\u00f3n para ellos.<\/p>","protected":false},"excerpt":{"rendered":"<p>Recipiente de terracota realizado con formas sinuosas y que se asimilan a una forma femenina con los brazos recogidos por debajo del pecho y una apertura de la cabeza que simula un peinado recogido. Su funci\u00f3n podr\u00eda ser contener agua para libaciones rituales o alg\u00fan tipo de grano cereal como ofrenda alimenticia. Adem\u00e1s, hay diversas &hellip;<\/p>\n<p class=\"read-more\"> <a class=\"\" href=\"https:\/\/ifergangallery.com\/es\/piece\/recipiente-antropomorfo-votivo-de-terracota-para-contener-liquidos-valle-del-indo-3000-2500-a-c-8\/\"> <span class=\"screen-reader-text\">\u00cddolo votivo de terracota, Valle del Indo, Cultura Bajaur, 3000-2500 a.C.<\/span> Leer m\u00e1s &raquo;<\/a><\/p>","protected":false},"featured_media":10738,"comment_status":"closed","ping_status":"closed","template":"","meta":{"spay_email":""},"product_cat":[125],"product_tag":[807],"yoast_head":"<!-- This site is optimized with the Yoast SEO Premium plugin v17.6 (Yoast SEO v17.6) - https:\/\/yoast.com\/wordpress\/plugins\/seo\/ -->\n<title>\u00cddolo votivo de terracota, Valle del Indo, Cultura Bajaur, 3000-2500 a.C. &ndash; Ifergan Gallery<\/title>\n<meta name=\"robots\" content=\"index, follow, max-snippet:-1, max-image-preview:large, max-video-preview:-1\" \/>\n<link rel=\"canonical\" href=\"https:\/\/ifergangallery.com\/es\/piece\/recipiente-antropomorfo-votivo-de-terracota-para-contener-liquidos-valle-del-indo-3000-2500-a-c-8\/\" \/>\n<meta property=\"og:locale\" content=\"es_ES\" \/>\n<meta property=\"og:type\" content=\"article\" \/>\n<meta property=\"og:title\" content=\"\u00cddolo votivo de terracota, Valle del Indo, Cultura Bajaur, 3000-2500 a.C.\" \/>\n<meta property=\"og:description\" content=\"Recipiente de terracota realizado con formas sinuosas y que se asimilan a una forma femenina con los brazos recogidos por debajo del pecho y una apertura de la cabeza que simula un peinado recogido. Su funci\u00f3n podr\u00eda ser contener agua para libaciones rituales o alg\u00fan tipo de grano cereal como ofrenda alimenticia. Adem\u00e1s, hay diversas &hellip; \u00cddolo votivo de terracota, Valle del Indo, Cultura Bajaur, 3000-2500 a.C. Leer m\u00e1s &raquo;\" \/>\n<meta property=\"og:url\" content=\"https:\/\/ifergangallery.com\/es\/piece\/recipiente-antropomorfo-votivo-de-terracota-para-contener-liquidos-valle-del-indo-3000-2500-a-c-8\/\" \/>\n<meta property=\"og:site_name\" content=\"Ifergan Gallery\" \/>\n<meta property=\"article:publisher\" content=\"https:\/\/www.facebook.com\/Ifergancollectionmalaga\" \/>\n<meta property=\"article:modified_time\" content=\"2024-11-13T11:34:12+00:00\" \/>\n<meta property=\"og:image\" content=\"https:\/\/ifergangallery.com\/wp-content\/uploads\/2021\/10\/m6096-9-1-scaled.jpg\" \/>\n\t<meta property=\"og:image:width\" content=\"2560\" \/>\n\t<meta property=\"og:image:height\" content=\"2560\" \/>\n<meta name=\"twitter:card\" content=\"summary_large_image\" \/>\n<meta name=\"twitter:site\" content=\"@Ifergangallery\" \/>\n<meta name=\"twitter:label1\" content=\"Tiempo de lectura\" \/>\n\t<meta name=\"twitter:data1\" content=\"1 minuto\" \/>\n<script type=\"application\/ld+json\" class=\"yoast-schema-graph\">{\"@context\":\"https:\/\/schema.org\",\"@graph\":[{\"@type\":\"Organization\",\"@id\":\"https:\/\/ifergangallery.com\/#organization\",\"name\":\"Ifergan Gallery\",\"url\":\"https:\/\/ifergangallery.com\/\",\"sameAs\":[\"https:\/\/www.facebook.com\/Ifergancollectionmalaga\",\"https:\/\/www.instagram.com\/ifergangallery\/\",\"https:\/\/www.youtube.com\/channel\/UC2O2zZ9BJKhbUFOnu_5mE3g\",\"https:\/\/twitter.com\/Ifergangallery\"],\"logo\":{\"@type\":\"ImageObject\",\"@id\":\"https:\/\/ifergangallery.com\/#logo\",\"inLanguage\":\"es\",\"url\":\"https:\/\/ifergangallery.com\/wp-content\/uploads\/2021\/09\/Imagotipo_blanco-e1637271379231.png\",\"contentUrl\":\"https:\/\/ifergangallery.com\/wp-content\/uploads\/2021\/09\/Imagotipo_blanco-e1637271379231.png\",\"width\":1920,\"height\":1065,\"caption\":\"Ifergan Gallery\"},\"image\":{\"@id\":\"https:\/\/ifergangallery.com\/#logo\"}},{\"@type\":\"WebSite\",\"@id\":\"https:\/\/ifergangallery.com\/#website\",\"url\":\"https:\/\/ifergangallery.com\/\",\"name\":\"Ifergan Gallery\",\"description\":\"Ancient Art Gallery\",\"publisher\":{\"@id\":\"https:\/\/ifergangallery.com\/#organization\"},\"potentialAction\":[{\"@type\":\"SearchAction\",\"target\":{\"@type\":\"EntryPoint\",\"urlTemplate\":\"https:\/\/ifergangallery.com\/?s={search_term_string}\"},\"query-input\":\"required name=search_term_string\"}],\"inLanguage\":\"es\"},{\"@type\":\"ImageObject\",\"@id\":\"https:\/\/ifergangallery.com\/es\/piece\/recipiente-antropomorfo-votivo-de-terracota-para-contener-liquidos-valle-del-indo-3000-2500-a-c-8\/#primaryimage\",\"inLanguage\":\"es\",\"url\":\"https:\/\/ifergangallery.com\/wp-content\/uploads\/2021\/10\/m6096-9-1-scaled.jpg\",\"contentUrl\":\"https:\/\/ifergangallery.com\/wp-content\/uploads\/2021\/10\/m6096-9-1-scaled.jpg\",\"width\":2560,\"height\":2560},{\"@type\":\"WebPage\",\"@id\":\"https:\/\/ifergangallery.com\/es\/piece\/recipiente-antropomorfo-votivo-de-terracota-para-contener-liquidos-valle-del-indo-3000-2500-a-c-8\/#webpage\",\"url\":\"https:\/\/ifergangallery.com\/es\/piece\/recipiente-antropomorfo-votivo-de-terracota-para-contener-liquidos-valle-del-indo-3000-2500-a-c-8\/\",\"name\":\"\\u00cddolo votivo de terracota, Valle del Indo, Cultura Bajaur, 3000-2500 a.C. &ndash; Ifergan Gallery\",\"isPartOf\":{\"@id\":\"https:\/\/ifergangallery.com\/#website\"},\"primaryImageOfPage\":{\"@id\":\"https:\/\/ifergangallery.com\/es\/piece\/recipiente-antropomorfo-votivo-de-terracota-para-contener-liquidos-valle-del-indo-3000-2500-a-c-8\/#primaryimage\"},\"datePublished\":\"2021-10-21T17:34:10+00:00\",\"dateModified\":\"2024-11-13T11:34:12+00:00\",\"breadcrumb\":{\"@id\":\"https:\/\/ifergangallery.com\/es\/piece\/recipiente-antropomorfo-votivo-de-terracota-para-contener-liquidos-valle-del-indo-3000-2500-a-c-8\/#breadcrumb\"},\"inLanguage\":\"es\",\"potentialAction\":[{\"@type\":\"ReadAction\",\"target\":[\"https:\/\/ifergangallery.com\/es\/piece\/recipiente-antropomorfo-votivo-de-terracota-para-contener-liquidos-valle-del-indo-3000-2500-a-c-8\/\"]}]},{\"@type\":\"BreadcrumbList\",\"@id\":\"https:\/\/ifergangallery.com\/es\/piece\/recipiente-antropomorfo-votivo-de-terracota-para-contener-liquidos-valle-del-indo-3000-2500-a-c-8\/#breadcrumb\",\"itemListElement\":[{\"@type\":\"ListItem\",\"position\":1,\"name\":\"Home\",\"item\":\"https:\/\/ifergangallery.com\/es\/\"},{\"@type\":\"ListItem\",\"position\":2,\"name\":\"Works of art\",\"item\":\"https:\/\/ifergangallery.com\/es\/works_of_art\/\"},{\"@type\":\"ListItem\",\"position\":3,\"name\":\"\\u00cddolo votivo de terracota, Valle del Indo, Cultura Bajaur, 3000-2500 a.C.\"}]}]}<\/script>\n<!-- \/ Yoast SEO Premium plugin. -->","yoast_head_json":{"title":"\u00cddolo votivo de terracota, Valle del Indo, Cultura Bajaur, 3000-2500 a.C. &ndash; Ifergan Gallery","robots":{"index":"index","follow":"follow","max-snippet":"max-snippet:-1","max-image-preview":"max-image-preview:large","max-video-preview":"max-video-preview:-1"},"canonical":"https:\/\/ifergangallery.com\/es\/piece\/recipiente-antropomorfo-votivo-de-terracota-para-contener-liquidos-valle-del-indo-3000-2500-a-c-8\/","og_locale":"es_ES","og_type":"article","og_title":"\u00cddolo votivo de terracota, Valle del Indo, Cultura Bajaur, 3000-2500 a.C.","og_description":"Recipiente de terracota realizado con formas sinuosas y que se asimilan a una forma femenina con los brazos recogidos por debajo del pecho y una apertura de la cabeza que simula un peinado recogido. Su funci\u00f3n podr\u00eda ser contener agua para libaciones rituales o alg\u00fan tipo de grano cereal como ofrenda alimenticia. Adem\u00e1s, hay diversas &hellip; \u00cddolo votivo de terracota, Valle del Indo, Cultura Bajaur, 3000-2500 a.C. Leer m\u00e1s &raquo;","og_url":"https:\/\/ifergangallery.com\/es\/piece\/recipiente-antropomorfo-votivo-de-terracota-para-contener-liquidos-valle-del-indo-3000-2500-a-c-8\/","og_site_name":"Ifergan Gallery","article_publisher":"https:\/\/www.facebook.com\/Ifergancollectionmalaga","article_modified_time":"2024-11-13T11:34:12+00:00","og_image":[{"width":2560,"height":2560,"url":"https:\/\/ifergangallery.com\/wp-content\/uploads\/2021\/10\/m6096-9-1-scaled.jpg","type":"image\/jpeg"}],"twitter_card":"summary_large_image","twitter_site":"@Ifergangallery","twitter_misc":{"Tiempo de lectura":"1 minuto"},"schema":{"@context":"https:\/\/schema.org","@graph":[{"@type":"Organization","@id":"https:\/\/ifergangallery.com\/#organization","name":"Ifergan Gallery","url":"https:\/\/ifergangallery.com\/","sameAs":["https:\/\/www.facebook.com\/Ifergancollectionmalaga","https:\/\/www.instagram.com\/ifergangallery\/","https:\/\/www.youtube.com\/channel\/UC2O2zZ9BJKhbUFOnu_5mE3g","https:\/\/twitter.com\/Ifergangallery"],"logo":{"@type":"ImageObject","@id":"https:\/\/ifergangallery.com\/#logo","inLanguage":"es","url":"https:\/\/ifergangallery.com\/wp-content\/uploads\/2021\/09\/Imagotipo_blanco-e1637271379231.png","contentUrl":"https:\/\/ifergangallery.com\/wp-content\/uploads\/2021\/09\/Imagotipo_blanco-e1637271379231.png","width":1920,"height":1065,"caption":"Ifergan Gallery"},"image":{"@id":"https:\/\/ifergangallery.com\/#logo"}},{"@type":"WebSite","@id":"https:\/\/ifergangallery.com\/#website","url":"https:\/\/ifergangallery.com\/","name":"Ifergan Gallery","description":"Ancient Art Gallery","publisher":{"@id":"https:\/\/ifergangallery.com\/#organization"},"potentialAction":[{"@type":"SearchAction","target":{"@type":"EntryPoint","urlTemplate":"https:\/\/ifergangallery.com\/?s={search_term_string}"},"query-input":"required name=search_term_string"}],"inLanguage":"es"},{"@type":"ImageObject","@id":"https:\/\/ifergangallery.com\/es\/piece\/recipiente-antropomorfo-votivo-de-terracota-para-contener-liquidos-valle-del-indo-3000-2500-a-c-8\/#primaryimage","inLanguage":"es","url":"https:\/\/ifergangallery.com\/wp-content\/uploads\/2021\/10\/m6096-9-1-scaled.jpg","contentUrl":"https:\/\/ifergangallery.com\/wp-content\/uploads\/2021\/10\/m6096-9-1-scaled.jpg","width":2560,"height":2560},{"@type":"WebPage","@id":"https:\/\/ifergangallery.com\/es\/piece\/recipiente-antropomorfo-votivo-de-terracota-para-contener-liquidos-valle-del-indo-3000-2500-a-c-8\/#webpage","url":"https:\/\/ifergangallery.com\/es\/piece\/recipiente-antropomorfo-votivo-de-terracota-para-contener-liquidos-valle-del-indo-3000-2500-a-c-8\/","name":"\u00cddolo votivo de terracota, Valle del Indo, Cultura Bajaur, 3000-2500 a.C. &ndash; Ifergan Gallery","isPartOf":{"@id":"https:\/\/ifergangallery.com\/#website"},"primaryImageOfPage":{"@id":"https:\/\/ifergangallery.com\/es\/piece\/recipiente-antropomorfo-votivo-de-terracota-para-contener-liquidos-valle-del-indo-3000-2500-a-c-8\/#primaryimage"},"datePublished":"2021-10-21T17:34:10+00:00","dateModified":"2024-11-13T11:34:12+00:00","breadcrumb":{"@id":"https:\/\/ifergangallery.com\/es\/piece\/recipiente-antropomorfo-votivo-de-terracota-para-contener-liquidos-valle-del-indo-3000-2500-a-c-8\/#breadcrumb"},"inLanguage":"es","potentialAction":[{"@type":"ReadAction","target":["https:\/\/ifergangallery.com\/es\/piece\/recipiente-antropomorfo-votivo-de-terracota-para-contener-liquidos-valle-del-indo-3000-2500-a-c-8\/"]}]},{"@type":"BreadcrumbList","@id":"https:\/\/ifergangallery.com\/es\/piece\/recipiente-antropomorfo-votivo-de-terracota-para-contener-liquidos-valle-del-indo-3000-2500-a-c-8\/#breadcrumb","itemListElement":[{"@type":"ListItem","position":1,"name":"Home","item":"https:\/\/ifergangallery.com\/es\/"},{"@type":"ListItem","position":2,"name":"Works of art","item":"https:\/\/ifergangallery.com\/es\/works_of_art\/"},{"@type":"ListItem","position":3,"name":"\u00cddolo votivo de terracota, Valle del Indo, Cultura Bajaur, 3000-2500 a.C."}]}]}},"_links":{"self":[{"href":"https:\/\/ifergangallery.com\/es\/wp-json\/wp\/v2\/product\/5141"}],"collection":[{"href":"https:\/\/ifergangallery.com\/es\/wp-json\/wp\/v2\/product"}],"about":[{"href":"https:\/\/ifergangallery.com\/es\/wp-json\/wp\/v2\/types\/product"}],"replies":[{"embeddable":true,"href":"https:\/\/ifergangallery.com\/es\/wp-json\/wp\/v2\/comments?post=5141"}],"wp:featuredmedia":[{"embeddable":true,"href":"https:\/\/ifergangallery.com\/es\/wp-json\/wp\/v2\/media\/10738"}],"wp:attachment":[{"href":"https:\/\/ifergangallery.com\/es\/wp-json\/wp\/v2\/media?parent=5141"}],"wp:term":[{"taxonomy":"product_cat","embeddable":true,"href":"https:\/\/ifergangallery.com\/es\/wp-json\/wp\/v2\/product_cat?post=5141"},{"taxonomy":"product_tag","embeddable":true,"href":"https:\/\/ifergangallery.com\/es\/wp-json\/wp\/v2\/product_tag?post=5141"}],"curies":[{"name":"wp","href":"https:\/\/api.w.org\/{rel}","templated":true}]}}