{"id":7344,"date":"2021-11-25T08:23:28","date_gmt":"2021-11-25T08:23:28","guid":{"rendered":"https:\/\/ifergangallery.com\/piece\/campanian-red-figure-bell-krater-with-dionysian-scene-circa-4th-century-bc\/"},"modified":"2023-02-09T07:35:54","modified_gmt":"2023-02-09T07:35:54","slug":"campanian-red-figure-bell-krater-with-dionysian-scene-circa-4th-century-bc","status":"publish","type":"product","link":"https:\/\/ifergangallery.com\/es\/piece\/campanian-red-figure-bell-krater-with-dionysian-scene-circa-4th-century-bc\/","title":{"rendered":"Cr\u00e1tera de Campana de figuras rojas con escena dionisiaca, Siglo IV a.C."},"content":{"rendered":"<p style=\"text-align: justify;\">Recipiente de boca ancha con forma de campana invertida, pie alto y dos asas cortas en forma de lazo a ambos lados del cuerpo. Decorado con esmalte negro y escenas con figuras rojas. Cara A: Una escena con un s\u00e1tiro de pie ante ella. Cara B: En el reverso, dos j\u00f3venes drapeados enfrentados, uno de ellos apoyado en un bast\u00f3n. Grandes palmetas debajo de cada asa.<\/p>\n<p>&nbsp;<\/p>","protected":false},"excerpt":{"rendered":"<p>Recipiente de boca ancha con forma de campana invertida, pie alto y dos asas cortas en forma de lazo a ambos lados del cuerpo. Decorado con esmalte negro y escenas con figuras rojas. Cara A: Una escena con un s\u00e1tiro de pie ante ella. Cara B: En el reverso, dos j\u00f3venes drapeados enfrentados, uno de &hellip;<\/p>\n<p class=\"read-more\"> <a class=\"\" href=\"https:\/\/ifergangallery.com\/es\/piece\/campanian-red-figure-bell-krater-with-dionysian-scene-circa-4th-century-bc\/\"> <span class=\"screen-reader-text\">Cr\u00e1tera de Campana de figuras rojas con escena dionisiaca, Siglo IV a.C.<\/span> Leer m\u00e1s &raquo;<\/a><\/p>","protected":false},"featured_media":9739,"comment_status":"closed","ping_status":"closed","template":"","meta":{"spay_email":""},"product_cat":[111,457],"product_tag":[462,534,463,423],"yoast_head":"<!-- This site is optimized with the Yoast SEO Premium plugin v17.6 (Yoast SEO v17.6) - https:\/\/yoast.com\/wordpress\/plugins\/seo\/ -->\n<title>Cr\u00e1tera de Campana de figuras rojas con escena dionisiaca, Siglo IV a.C. &ndash; Ifergan Gallery<\/title>\n<meta name=\"description\" content=\"Recipiente de boca ancha con forma de campana invertida, pie alto y dos asas cortas en forma de lazo a ambos lados del cuerpo.\" \/>\n<meta name=\"robots\" content=\"index, follow, max-snippet:-1, max-image-preview:large, max-video-preview:-1\" \/>\n<link rel=\"canonical\" href=\"https:\/\/ifergangallery.com\/es\/piece\/campanian-red-figure-bell-krater-with-dionysian-scene-circa-4th-century-bc\/\" \/>\n<meta property=\"og:locale\" content=\"es_ES\" \/>\n<meta property=\"og:type\" content=\"article\" \/>\n<meta property=\"og:title\" content=\"Cr\u00e1tera de Campana de figuras rojas con escena dionisiaca, Siglo IV a.C.\" \/>\n<meta property=\"og:description\" content=\"Recipiente de boca ancha con forma de campana invertida, pie alto y dos asas cortas en forma de lazo a ambos lados del cuerpo.\" \/>\n<meta property=\"og:url\" content=\"https:\/\/ifergangallery.com\/es\/piece\/campanian-red-figure-bell-krater-with-dionysian-scene-circa-4th-century-bc\/\" \/>\n<meta property=\"og:site_name\" content=\"Ifergan Gallery\" \/>\n<meta property=\"article:publisher\" content=\"https:\/\/www.facebook.com\/Ifergancollectionmalaga\" \/>\n<meta property=\"article:modified_time\" content=\"2023-02-09T07:35:54+00:00\" \/>\n<meta property=\"og:image\" content=\"https:\/\/ifergangallery.com\/wp-content\/uploads\/2021\/11\/mat009-25-1-scaled.jpg\" \/>\n\t<meta property=\"og:image:width\" content=\"2560\" \/>\n\t<meta property=\"og:image:height\" content=\"2560\" \/>\n<meta name=\"twitter:card\" content=\"summary_large_image\" \/>\n<meta name=\"twitter:site\" content=\"@Ifergangallery\" \/>\n<meta name=\"twitter:label1\" content=\"Tiempo de lectura\" \/>\n\t<meta name=\"twitter:data1\" content=\"1 minuto\" \/>\n<script type=\"application\/ld+json\" class=\"yoast-schema-graph\">{\"@context\":\"https:\/\/schema.org\",\"@graph\":[{\"@type\":\"Organization\",\"@id\":\"https:\/\/ifergangallery.com\/#organization\",\"name\":\"Ifergan Gallery\",\"url\":\"https:\/\/ifergangallery.com\/\",\"sameAs\":[\"https:\/\/www.facebook.com\/Ifergancollectionmalaga\",\"https:\/\/www.instagram.com\/ifergangallery\/\",\"https:\/\/www.youtube.com\/channel\/UC2O2zZ9BJKhbUFOnu_5mE3g\",\"https:\/\/twitter.com\/Ifergangallery\"],\"logo\":{\"@type\":\"ImageObject\",\"@id\":\"https:\/\/ifergangallery.com\/#logo\",\"inLanguage\":\"es\",\"url\":\"https:\/\/ifergangallery.com\/wp-content\/uploads\/2021\/09\/Imagotipo_blanco-e1637271379231.png\",\"contentUrl\":\"https:\/\/ifergangallery.com\/wp-content\/uploads\/2021\/09\/Imagotipo_blanco-e1637271379231.png\",\"width\":1920,\"height\":1065,\"caption\":\"Ifergan Gallery\"},\"image\":{\"@id\":\"https:\/\/ifergangallery.com\/#logo\"}},{\"@type\":\"WebSite\",\"@id\":\"https:\/\/ifergangallery.com\/#website\",\"url\":\"https:\/\/ifergangallery.com\/\",\"name\":\"Ifergan Gallery\",\"description\":\"Ancient Art Gallery\",\"publisher\":{\"@id\":\"https:\/\/ifergangallery.com\/#organization\"},\"potentialAction\":[{\"@type\":\"SearchAction\",\"target\":{\"@type\":\"EntryPoint\",\"urlTemplate\":\"https:\/\/ifergangallery.com\/?s={search_term_string}\"},\"query-input\":\"required name=search_term_string\"}],\"inLanguage\":\"es\"},{\"@type\":\"ImageObject\",\"@id\":\"https:\/\/ifergangallery.com\/es\/piece\/campanian-red-figure-bell-krater-with-dionysian-scene-circa-4th-century-bc\/#primaryimage\",\"inLanguage\":\"es\",\"url\":\"https:\/\/ifergangallery.com\/wp-content\/uploads\/2021\/11\/mat009-25-1-scaled.jpg\",\"contentUrl\":\"https:\/\/ifergangallery.com\/wp-content\/uploads\/2021\/11\/mat009-25-1-scaled.jpg\",\"width\":2560,\"height\":2560},{\"@type\":\"WebPage\",\"@id\":\"https:\/\/ifergangallery.com\/es\/piece\/campanian-red-figure-bell-krater-with-dionysian-scene-circa-4th-century-bc\/#webpage\",\"url\":\"https:\/\/ifergangallery.com\/es\/piece\/campanian-red-figure-bell-krater-with-dionysian-scene-circa-4th-century-bc\/\",\"name\":\"Cr\\u00e1tera de Campana de figuras rojas con escena dionisiaca, Siglo IV a.C. &ndash; Ifergan Gallery\",\"isPartOf\":{\"@id\":\"https:\/\/ifergangallery.com\/#website\"},\"primaryImageOfPage\":{\"@id\":\"https:\/\/ifergangallery.com\/es\/piece\/campanian-red-figure-bell-krater-with-dionysian-scene-circa-4th-century-bc\/#primaryimage\"},\"datePublished\":\"2021-11-25T08:23:28+00:00\",\"dateModified\":\"2023-02-09T07:35:54+00:00\",\"description\":\"Recipiente de boca ancha con forma de campana invertida, pie alto y dos asas cortas en forma de lazo a ambos lados del cuerpo.\",\"breadcrumb\":{\"@id\":\"https:\/\/ifergangallery.com\/es\/piece\/campanian-red-figure-bell-krater-with-dionysian-scene-circa-4th-century-bc\/#breadcrumb\"},\"inLanguage\":\"es\",\"potentialAction\":[{\"@type\":\"ReadAction\",\"target\":[\"https:\/\/ifergangallery.com\/es\/piece\/campanian-red-figure-bell-krater-with-dionysian-scene-circa-4th-century-bc\/\"]}]},{\"@type\":\"BreadcrumbList\",\"@id\":\"https:\/\/ifergangallery.com\/es\/piece\/campanian-red-figure-bell-krater-with-dionysian-scene-circa-4th-century-bc\/#breadcrumb\",\"itemListElement\":[{\"@type\":\"ListItem\",\"position\":1,\"name\":\"Home\",\"item\":\"https:\/\/ifergangallery.com\/es\/\"},{\"@type\":\"ListItem\",\"position\":2,\"name\":\"Works of art\",\"item\":\"https:\/\/ifergangallery.com\/es\/works_of_art\/\"},{\"@type\":\"ListItem\",\"position\":3,\"name\":\"Cr\\u00e1tera de Campana de figuras rojas con escena dionisiaca, Siglo IV a.C.\"}]}]}<\/script>\n<!-- \/ Yoast SEO Premium plugin. -->","yoast_head_json":{"title":"Cr\u00e1tera de Campana de figuras rojas con escena dionisiaca, Siglo IV a.C. &ndash; Ifergan Gallery","description":"Recipiente de boca ancha con forma de campana invertida, pie alto y dos asas cortas en forma de lazo a ambos lados del cuerpo.","robots":{"index":"index","follow":"follow","max-snippet":"max-snippet:-1","max-image-preview":"max-image-preview:large","max-video-preview":"max-video-preview:-1"},"canonical":"https:\/\/ifergangallery.com\/es\/piece\/campanian-red-figure-bell-krater-with-dionysian-scene-circa-4th-century-bc\/","og_locale":"es_ES","og_type":"article","og_title":"Cr\u00e1tera de Campana de figuras rojas con escena dionisiaca, Siglo IV a.C.","og_description":"Recipiente de boca ancha con forma de campana invertida, pie alto y dos asas cortas en forma de lazo a ambos lados del cuerpo.","og_url":"https:\/\/ifergangallery.com\/es\/piece\/campanian-red-figure-bell-krater-with-dionysian-scene-circa-4th-century-bc\/","og_site_name":"Ifergan Gallery","article_publisher":"https:\/\/www.facebook.com\/Ifergancollectionmalaga","article_modified_time":"2023-02-09T07:35:54+00:00","og_image":[{"width":2560,"height":2560,"url":"https:\/\/ifergangallery.com\/wp-content\/uploads\/2021\/11\/mat009-25-1-scaled.jpg","type":"image\/jpeg"}],"twitter_card":"summary_large_image","twitter_site":"@Ifergangallery","twitter_misc":{"Tiempo de lectura":"1 minuto"},"schema":{"@context":"https:\/\/schema.org","@graph":[{"@type":"Organization","@id":"https:\/\/ifergangallery.com\/#organization","name":"Ifergan Gallery","url":"https:\/\/ifergangallery.com\/","sameAs":["https:\/\/www.facebook.com\/Ifergancollectionmalaga","https:\/\/www.instagram.com\/ifergangallery\/","https:\/\/www.youtube.com\/channel\/UC2O2zZ9BJKhbUFOnu_5mE3g","https:\/\/twitter.com\/Ifergangallery"],"logo":{"@type":"ImageObject","@id":"https:\/\/ifergangallery.com\/#logo","inLanguage":"es","url":"https:\/\/ifergangallery.com\/wp-content\/uploads\/2021\/09\/Imagotipo_blanco-e1637271379231.png","contentUrl":"https:\/\/ifergangallery.com\/wp-content\/uploads\/2021\/09\/Imagotipo_blanco-e1637271379231.png","width":1920,"height":1065,"caption":"Ifergan Gallery"},"image":{"@id":"https:\/\/ifergangallery.com\/#logo"}},{"@type":"WebSite","@id":"https:\/\/ifergangallery.com\/#website","url":"https:\/\/ifergangallery.com\/","name":"Ifergan Gallery","description":"Ancient Art Gallery","publisher":{"@id":"https:\/\/ifergangallery.com\/#organization"},"potentialAction":[{"@type":"SearchAction","target":{"@type":"EntryPoint","urlTemplate":"https:\/\/ifergangallery.com\/?s={search_term_string}"},"query-input":"required name=search_term_string"}],"inLanguage":"es"},{"@type":"ImageObject","@id":"https:\/\/ifergangallery.com\/es\/piece\/campanian-red-figure-bell-krater-with-dionysian-scene-circa-4th-century-bc\/#primaryimage","inLanguage":"es","url":"https:\/\/ifergangallery.com\/wp-content\/uploads\/2021\/11\/mat009-25-1-scaled.jpg","contentUrl":"https:\/\/ifergangallery.com\/wp-content\/uploads\/2021\/11\/mat009-25-1-scaled.jpg","width":2560,"height":2560},{"@type":"WebPage","@id":"https:\/\/ifergangallery.com\/es\/piece\/campanian-red-figure-bell-krater-with-dionysian-scene-circa-4th-century-bc\/#webpage","url":"https:\/\/ifergangallery.com\/es\/piece\/campanian-red-figure-bell-krater-with-dionysian-scene-circa-4th-century-bc\/","name":"Cr\u00e1tera de Campana de figuras rojas con escena dionisiaca, Siglo IV a.C. &ndash; Ifergan Gallery","isPartOf":{"@id":"https:\/\/ifergangallery.com\/#website"},"primaryImageOfPage":{"@id":"https:\/\/ifergangallery.com\/es\/piece\/campanian-red-figure-bell-krater-with-dionysian-scene-circa-4th-century-bc\/#primaryimage"},"datePublished":"2021-11-25T08:23:28+00:00","dateModified":"2023-02-09T07:35:54+00:00","description":"Recipiente de boca ancha con forma de campana invertida, pie alto y dos asas cortas en forma de lazo a ambos lados del cuerpo.","breadcrumb":{"@id":"https:\/\/ifergangallery.com\/es\/piece\/campanian-red-figure-bell-krater-with-dionysian-scene-circa-4th-century-bc\/#breadcrumb"},"inLanguage":"es","potentialAction":[{"@type":"ReadAction","target":["https:\/\/ifergangallery.com\/es\/piece\/campanian-red-figure-bell-krater-with-dionysian-scene-circa-4th-century-bc\/"]}]},{"@type":"BreadcrumbList","@id":"https:\/\/ifergangallery.com\/es\/piece\/campanian-red-figure-bell-krater-with-dionysian-scene-circa-4th-century-bc\/#breadcrumb","itemListElement":[{"@type":"ListItem","position":1,"name":"Home","item":"https:\/\/ifergangallery.com\/es\/"},{"@type":"ListItem","position":2,"name":"Works of art","item":"https:\/\/ifergangallery.com\/es\/works_of_art\/"},{"@type":"ListItem","position":3,"name":"Cr\u00e1tera de Campana de figuras rojas con escena dionisiaca, Siglo IV a.C."}]}]}},"_links":{"self":[{"href":"https:\/\/ifergangallery.com\/es\/wp-json\/wp\/v2\/product\/7344"}],"collection":[{"href":"https:\/\/ifergangallery.com\/es\/wp-json\/wp\/v2\/product"}],"about":[{"href":"https:\/\/ifergangallery.com\/es\/wp-json\/wp\/v2\/types\/product"}],"replies":[{"embeddable":true,"href":"https:\/\/ifergangallery.com\/es\/wp-json\/wp\/v2\/comments?post=7344"}],"wp:featuredmedia":[{"embeddable":true,"href":"https:\/\/ifergangallery.com\/es\/wp-json\/wp\/v2\/media\/9739"}],"wp:attachment":[{"href":"https:\/\/ifergangallery.com\/es\/wp-json\/wp\/v2\/media?parent=7344"}],"wp:term":[{"taxonomy":"product_cat","embeddable":true,"href":"https:\/\/ifergangallery.com\/es\/wp-json\/wp\/v2\/product_cat?post=7344"},{"taxonomy":"product_tag","embeddable":true,"href":"https:\/\/ifergangallery.com\/es\/wp-json\/wp\/v2\/product_tag?post=7344"}],"curies":[{"name":"wp","href":"https:\/\/api.w.org\/{rel}","templated":true}]}}