{"id":9793,"date":"2022-05-09T10:15:20","date_gmt":"2022-05-09T10:15:20","guid":{"rendered":"https:\/\/ifergangallery.com\/piece\/ancient-roman-marble-cinerary-urn-circa-1st-century-ad\/"},"modified":"2024-11-15T13:34:59","modified_gmt":"2024-11-15T13:34:59","slug":"ancient-roman-marble-cinerary-urn-circa-1st-century-ad","status":"publish","type":"product","link":"https:\/\/ifergangallery.com\/es\/piece\/ancient-roman-marble-cinerary-urn-circa-1st-century-ad\/","title":{"rendered":"Urna cineraria romana de m\u00e1rmol, Siglo I d.C."},"content":{"rendered":"<p>La urna cineraria se define como el recipiente funerario en el que se recogen las cenizas del difunto tras la incineraci\u00f3n. Tambi\u00e9n es el documento arqueol\u00f3gico m\u00e1s com\u00fan en las necr\u00f3polis de cremaci\u00f3n datadas entre el siglo I a.C. y el siglo II d.C.<\/p>\n<p>Las urnas pod\u00edan estar hechas de diferentes formas y con distintos materiales, como vidrio, metal, piedra, etc., y pod\u00edan reflejar o no iconograf\u00eda. Su forma, dise\u00f1o y decoraci\u00f3n estaban determinados por los gustos personales del comprador y su poder adquisitivo, lo que explica que pueda haber tanta variedad en ellas.<\/p>\n<p>Las \u00e1guilas representadas en la esquina superior del monumento, especialmente frecuentes a partir del periodo flaviano, pueden interpretarse como guardianes de la tumba. El \u00e1guila se considera el ave del sol, adem\u00e1s de ser el animal emblem\u00e1tico de J\u00fapiter. Su representaci\u00f3n era muy popular en la decoraci\u00f3n de monumentos funerarios, donde se utilizaba, sobre todo, como elemento secundario. Cuando las \u00e1guilas aparecen en los altares funerarios, se interpretan como s\u00edmbolo de la apoteosis del difunto. El \u00e1guila era tambi\u00e9n emblema de las legiones y representaci\u00f3n aleg\u00f3rica del poder romano.<\/p>\n<p>La muerte fue sin duda una experiencia com\u00fan para todos los romanos, y su existencia les impuls\u00f3 a honrar y conmemorar a sus muertos, ya que para ellos era la forma m\u00e1s adecuada de asegurarse la inmortalidad. Esta fue la raz\u00f3n por la que decidieron erigir diversos monumentos en los que presentaban y expresaban sus sentimientos ante este acontecimiento. La urna cineraria es uno de los monumentos funerarios construidos para conmemorar al difunto.<\/p>\n<p>El siglo I d.C. pertenece al periodo conocido como la Roma Altoimperial, es decir, la \u00e9poca de esplendor del Imperio Romano. Fue una \u00e9poca floreciente gracias a la llegada al poder de Augusto, que promovi\u00f3 poderosos cambios en el Imperio que repercutieron en el arte romano.<\/p>","protected":false},"excerpt":{"rendered":"<p>La urna cineraria se define como el recipiente funerario en el que se recogen las cenizas del difunto tras la incineraci\u00f3n. Tambi\u00e9n es el documento arqueol\u00f3gico m\u00e1s com\u00fan en las necr\u00f3polis de cremaci\u00f3n datadas entre el siglo I a.C. y el siglo II d.C. Las urnas pod\u00edan estar hechas de diferentes formas y con distintos &hellip;<\/p>\n<p class=\"read-more\"> <a class=\"\" href=\"https:\/\/ifergangallery.com\/es\/piece\/ancient-roman-marble-cinerary-urn-circa-1st-century-ad\/\"> <span class=\"screen-reader-text\">Urna cineraria romana de m\u00e1rmol, Siglo I d.C.<\/span> Leer m\u00e1s &raquo;<\/a><\/p>","protected":false},"featured_media":9795,"comment_status":"closed","ping_status":"closed","template":"","meta":{"spay_email":""},"product_cat":[811,112],"product_tag":[793,515,514],"yoast_head":"<!-- This site is optimized with the Yoast SEO Premium plugin v17.6 (Yoast SEO v17.6) - https:\/\/yoast.com\/wordpress\/plugins\/seo\/ -->\n<title>Roman Marble cinerary urn, Circa 1st Century AD<\/title>\n<meta name=\"description\" content=\"The cinerary urn is defined as the funerary container in which the ashes of the deceased are collected after cremation.\" \/>\n<meta name=\"robots\" content=\"index, follow, max-snippet:-1, max-image-preview:large, max-video-preview:-1\" \/>\n<link rel=\"canonical\" href=\"https:\/\/ifergangallery.com\/es\/piece\/ancient-roman-marble-cinerary-urn-circa-1st-century-ad\/\" \/>\n<meta property=\"og:locale\" content=\"es_ES\" \/>\n<meta property=\"og:type\" content=\"article\" \/>\n<meta property=\"og:title\" content=\"Urna cineraria romana de m\u00e1rmol, Siglo I d.C.\" \/>\n<meta property=\"og:description\" content=\"The cinerary urn is defined as the funerary container in which the ashes of the deceased are collected after cremation.\" \/>\n<meta property=\"og:url\" content=\"https:\/\/ifergangallery.com\/es\/piece\/ancient-roman-marble-cinerary-urn-circa-1st-century-ad\/\" \/>\n<meta property=\"og:site_name\" content=\"Ifergan Gallery\" \/>\n<meta property=\"article:publisher\" content=\"https:\/\/www.facebook.com\/Ifergancollectionmalaga\" \/>\n<meta property=\"article:modified_time\" content=\"2024-11-15T13:34:59+00:00\" \/>\n<meta property=\"og:image\" content=\"https:\/\/ifergangallery.com\/wp-content\/uploads\/2022\/05\/mat015-10.jpg\" \/>\n\t<meta property=\"og:image:width\" content=\"2048\" \/>\n\t<meta property=\"og:image:height\" content=\"2048\" \/>\n<meta name=\"twitter:card\" content=\"summary_large_image\" \/>\n<meta name=\"twitter:site\" content=\"@Ifergangallery\" \/>\n<meta name=\"twitter:label1\" content=\"Tiempo de lectura\" \/>\n\t<meta name=\"twitter:data1\" content=\"2 minutos\" \/>\n<script type=\"application\/ld+json\" class=\"yoast-schema-graph\">{\"@context\":\"https:\/\/schema.org\",\"@graph\":[{\"@type\":\"Organization\",\"@id\":\"https:\/\/ifergangallery.com\/#organization\",\"name\":\"Ifergan Gallery\",\"url\":\"https:\/\/ifergangallery.com\/\",\"sameAs\":[\"https:\/\/www.facebook.com\/Ifergancollectionmalaga\",\"https:\/\/www.instagram.com\/ifergangallery\/\",\"https:\/\/www.youtube.com\/channel\/UC2O2zZ9BJKhbUFOnu_5mE3g\",\"https:\/\/twitter.com\/Ifergangallery\"],\"logo\":{\"@type\":\"ImageObject\",\"@id\":\"https:\/\/ifergangallery.com\/#logo\",\"inLanguage\":\"es\",\"url\":\"https:\/\/ifergangallery.com\/wp-content\/uploads\/2021\/09\/Imagotipo_blanco-e1637271379231.png\",\"contentUrl\":\"https:\/\/ifergangallery.com\/wp-content\/uploads\/2021\/09\/Imagotipo_blanco-e1637271379231.png\",\"width\":1920,\"height\":1065,\"caption\":\"Ifergan Gallery\"},\"image\":{\"@id\":\"https:\/\/ifergangallery.com\/#logo\"}},{\"@type\":\"WebSite\",\"@id\":\"https:\/\/ifergangallery.com\/#website\",\"url\":\"https:\/\/ifergangallery.com\/\",\"name\":\"Ifergan Gallery\",\"description\":\"Ancient Art Gallery\",\"publisher\":{\"@id\":\"https:\/\/ifergangallery.com\/#organization\"},\"potentialAction\":[{\"@type\":\"SearchAction\",\"target\":{\"@type\":\"EntryPoint\",\"urlTemplate\":\"https:\/\/ifergangallery.com\/?s={search_term_string}\"},\"query-input\":\"required name=search_term_string\"}],\"inLanguage\":\"es\"},{\"@type\":\"ImageObject\",\"@id\":\"https:\/\/ifergangallery.com\/es\/piece\/ancient-roman-marble-cinerary-urn-circa-1st-century-ad\/#primaryimage\",\"inLanguage\":\"es\",\"url\":\"https:\/\/ifergangallery.com\/wp-content\/uploads\/2022\/05\/mat015-10.jpg\",\"contentUrl\":\"https:\/\/ifergangallery.com\/wp-content\/uploads\/2022\/05\/mat015-10.jpg\",\"width\":2048,\"height\":2048,\"caption\":\"urna-cineraria-marmol\"},{\"@type\":\"WebPage\",\"@id\":\"https:\/\/ifergangallery.com\/es\/piece\/ancient-roman-marble-cinerary-urn-circa-1st-century-ad\/#webpage\",\"url\":\"https:\/\/ifergangallery.com\/es\/piece\/ancient-roman-marble-cinerary-urn-circa-1st-century-ad\/\",\"name\":\"Roman Marble cinerary urn, Circa 1st Century AD\",\"isPartOf\":{\"@id\":\"https:\/\/ifergangallery.com\/#website\"},\"primaryImageOfPage\":{\"@id\":\"https:\/\/ifergangallery.com\/es\/piece\/ancient-roman-marble-cinerary-urn-circa-1st-century-ad\/#primaryimage\"},\"datePublished\":\"2022-05-09T10:15:20+00:00\",\"dateModified\":\"2024-11-15T13:34:59+00:00\",\"description\":\"The cinerary urn is defined as the funerary container in which the ashes of the deceased are collected after cremation.\",\"breadcrumb\":{\"@id\":\"https:\/\/ifergangallery.com\/es\/piece\/ancient-roman-marble-cinerary-urn-circa-1st-century-ad\/#breadcrumb\"},\"inLanguage\":\"es\",\"potentialAction\":[{\"@type\":\"ReadAction\",\"target\":[\"https:\/\/ifergangallery.com\/es\/piece\/ancient-roman-marble-cinerary-urn-circa-1st-century-ad\/\"]}]},{\"@type\":\"BreadcrumbList\",\"@id\":\"https:\/\/ifergangallery.com\/es\/piece\/ancient-roman-marble-cinerary-urn-circa-1st-century-ad\/#breadcrumb\",\"itemListElement\":[{\"@type\":\"ListItem\",\"position\":1,\"name\":\"Home\",\"item\":\"https:\/\/ifergangallery.com\/es\/\"},{\"@type\":\"ListItem\",\"position\":2,\"name\":\"Works of art\",\"item\":\"https:\/\/ifergangallery.com\/es\/works_of_art\/\"},{\"@type\":\"ListItem\",\"position\":3,\"name\":\"Urna cineraria romana de m\\u00e1rmol, Siglo I d.C.\"}]}]}<\/script>\n<!-- \/ Yoast SEO Premium plugin. -->","yoast_head_json":{"title":"Roman Marble cinerary urn, Circa 1st Century AD","description":"The cinerary urn is defined as the funerary container in which the ashes of the deceased are collected after cremation.","robots":{"index":"index","follow":"follow","max-snippet":"max-snippet:-1","max-image-preview":"max-image-preview:large","max-video-preview":"max-video-preview:-1"},"canonical":"https:\/\/ifergangallery.com\/es\/piece\/ancient-roman-marble-cinerary-urn-circa-1st-century-ad\/","og_locale":"es_ES","og_type":"article","og_title":"Urna cineraria romana de m\u00e1rmol, Siglo I d.C.","og_description":"The cinerary urn is defined as the funerary container in which the ashes of the deceased are collected after cremation.","og_url":"https:\/\/ifergangallery.com\/es\/piece\/ancient-roman-marble-cinerary-urn-circa-1st-century-ad\/","og_site_name":"Ifergan Gallery","article_publisher":"https:\/\/www.facebook.com\/Ifergancollectionmalaga","article_modified_time":"2024-11-15T13:34:59+00:00","og_image":[{"width":2048,"height":2048,"url":"https:\/\/ifergangallery.com\/wp-content\/uploads\/2022\/05\/mat015-10.jpg","type":"image\/jpeg"}],"twitter_card":"summary_large_image","twitter_site":"@Ifergangallery","twitter_misc":{"Tiempo de lectura":"2 minutos"},"schema":{"@context":"https:\/\/schema.org","@graph":[{"@type":"Organization","@id":"https:\/\/ifergangallery.com\/#organization","name":"Ifergan Gallery","url":"https:\/\/ifergangallery.com\/","sameAs":["https:\/\/www.facebook.com\/Ifergancollectionmalaga","https:\/\/www.instagram.com\/ifergangallery\/","https:\/\/www.youtube.com\/channel\/UC2O2zZ9BJKhbUFOnu_5mE3g","https:\/\/twitter.com\/Ifergangallery"],"logo":{"@type":"ImageObject","@id":"https:\/\/ifergangallery.com\/#logo","inLanguage":"es","url":"https:\/\/ifergangallery.com\/wp-content\/uploads\/2021\/09\/Imagotipo_blanco-e1637271379231.png","contentUrl":"https:\/\/ifergangallery.com\/wp-content\/uploads\/2021\/09\/Imagotipo_blanco-e1637271379231.png","width":1920,"height":1065,"caption":"Ifergan Gallery"},"image":{"@id":"https:\/\/ifergangallery.com\/#logo"}},{"@type":"WebSite","@id":"https:\/\/ifergangallery.com\/#website","url":"https:\/\/ifergangallery.com\/","name":"Ifergan Gallery","description":"Ancient Art Gallery","publisher":{"@id":"https:\/\/ifergangallery.com\/#organization"},"potentialAction":[{"@type":"SearchAction","target":{"@type":"EntryPoint","urlTemplate":"https:\/\/ifergangallery.com\/?s={search_term_string}"},"query-input":"required name=search_term_string"}],"inLanguage":"es"},{"@type":"ImageObject","@id":"https:\/\/ifergangallery.com\/es\/piece\/ancient-roman-marble-cinerary-urn-circa-1st-century-ad\/#primaryimage","inLanguage":"es","url":"https:\/\/ifergangallery.com\/wp-content\/uploads\/2022\/05\/mat015-10.jpg","contentUrl":"https:\/\/ifergangallery.com\/wp-content\/uploads\/2022\/05\/mat015-10.jpg","width":2048,"height":2048,"caption":"urna-cineraria-marmol"},{"@type":"WebPage","@id":"https:\/\/ifergangallery.com\/es\/piece\/ancient-roman-marble-cinerary-urn-circa-1st-century-ad\/#webpage","url":"https:\/\/ifergangallery.com\/es\/piece\/ancient-roman-marble-cinerary-urn-circa-1st-century-ad\/","name":"Roman Marble cinerary urn, Circa 1st Century AD","isPartOf":{"@id":"https:\/\/ifergangallery.com\/#website"},"primaryImageOfPage":{"@id":"https:\/\/ifergangallery.com\/es\/piece\/ancient-roman-marble-cinerary-urn-circa-1st-century-ad\/#primaryimage"},"datePublished":"2022-05-09T10:15:20+00:00","dateModified":"2024-11-15T13:34:59+00:00","description":"The cinerary urn is defined as the funerary container in which the ashes of the deceased are collected after cremation.","breadcrumb":{"@id":"https:\/\/ifergangallery.com\/es\/piece\/ancient-roman-marble-cinerary-urn-circa-1st-century-ad\/#breadcrumb"},"inLanguage":"es","potentialAction":[{"@type":"ReadAction","target":["https:\/\/ifergangallery.com\/es\/piece\/ancient-roman-marble-cinerary-urn-circa-1st-century-ad\/"]}]},{"@type":"BreadcrumbList","@id":"https:\/\/ifergangallery.com\/es\/piece\/ancient-roman-marble-cinerary-urn-circa-1st-century-ad\/#breadcrumb","itemListElement":[{"@type":"ListItem","position":1,"name":"Home","item":"https:\/\/ifergangallery.com\/es\/"},{"@type":"ListItem","position":2,"name":"Works of art","item":"https:\/\/ifergangallery.com\/es\/works_of_art\/"},{"@type":"ListItem","position":3,"name":"Urna cineraria romana de m\u00e1rmol, Siglo I d.C."}]}]}},"_links":{"self":[{"href":"https:\/\/ifergangallery.com\/es\/wp-json\/wp\/v2\/product\/9793"}],"collection":[{"href":"https:\/\/ifergangallery.com\/es\/wp-json\/wp\/v2\/product"}],"about":[{"href":"https:\/\/ifergangallery.com\/es\/wp-json\/wp\/v2\/types\/product"}],"replies":[{"embeddable":true,"href":"https:\/\/ifergangallery.com\/es\/wp-json\/wp\/v2\/comments?post=9793"}],"wp:featuredmedia":[{"embeddable":true,"href":"https:\/\/ifergangallery.com\/es\/wp-json\/wp\/v2\/media\/9795"}],"wp:attachment":[{"href":"https:\/\/ifergangallery.com\/es\/wp-json\/wp\/v2\/media?parent=9793"}],"wp:term":[{"taxonomy":"product_cat","embeddable":true,"href":"https:\/\/ifergangallery.com\/es\/wp-json\/wp\/v2\/product_cat?post=9793"},{"taxonomy":"product_tag","embeddable":true,"href":"https:\/\/ifergangallery.com\/es\/wp-json\/wp\/v2\/product_tag?post=9793"}],"curies":[{"name":"wp","href":"https:\/\/api.w.org\/{rel}","templated":true}]}}